{"id":27714,"date":"2024-07-08T11:46:01","date_gmt":"2024-07-08T08:46:01","guid":{"rendered":"https:\/\/bunnyboo.ro\/?post_type=product&#038;p=27714"},"modified":"2025-11-11T21:57:00","modified_gmt":"2025-11-11T19:57:00","slug":"husa-camera-digitala-fox","status":"publish","type":"product","link":"https:\/\/bunnyboo.ro\/en\/produs\/husa-camera-digitala-fox\/","title":{"rendered":"Husa camera digitala &#8211; Fox"},"content":{"rendered":"<p>Cump\u0103ra\u021bi aceast\u0103 hus\u0103 uimitoare, f\u0103r\u0103 PVC, f\u0103r\u0103 ftala\u021bi, ca o op\u021biune suplimentar\u0103 pentru copilul dumneavoastr\u0103! Nu este doar dr\u0103gu\u021b\u0103, dar \u0219i protejeaz\u0103 in momentul c\u0103derii \u0219i men\u021bine camera digital\u0103 curat\u0103. Poate fi \u00eendep\u0103rtat\u0103 \u0219i sp\u0103lat\u0103 cu u\u0219urin\u021b\u0103.<br \/>\nPOTRIVIT NUMAI PENTRU Zoo Animals Collection!<\/p>\n","protected":false},"excerpt":{"rendered":"<p>Cump\u0103ra\u021bi aceast\u0103 hus\u0103 uimitoare, f\u0103r\u0103 PVC, f\u0103r\u0103 ftala\u021bi, ca o op\u021biune suplimentar\u0103 pentru copilul dumneavoastr\u0103! Nu este doar dr\u0103gu\u021b\u0103, dar \u0219i protejeaz\u0103 in momentul c\u0103derii \u0219i men\u021bine camera digital\u0103 curat\u0103. Poate fi \u00eendep\u0103rtat\u0103 \u0219i sp\u0103lat\u0103 cu u\u0219urin\u021b\u0103. POTRIVIT NUMAI PENTRU Zoo Animals Collection!<\/p>\n","protected":false},"featured_media":27715,"comment_status":"open","ping_status":"closed","template":"","meta":{"site-sidebar-layout":"default","site-content-layout":"","ast-site-content-layout":"default","site-content-style":"default","site-sidebar-style":"default","ast-global-header-display":"","ast-banner-title-visibility":"","ast-main-header-display":"","ast-hfb-above-header-display":"","ast-hfb-below-header-display":"","ast-hfb-mobile-header-display":"","site-post-title":"","ast-breadcrumbs-content":"","ast-featured-img":"","footer-sml-layout":"","theme-transparent-header-meta":"default","adv-header-id-meta":"","stick-header-meta":"default","header-above-stick-meta":"","header-main-stick-meta":"","header-below-stick-meta":"","astra-migrate-meta-layouts":"set","ast-page-background-enabled":"default","ast-page-background-meta":{"desktop":{"background-color":"","background-image":"","background-repeat":"repeat","background-position":"center center","background-size":"auto","background-attachment":"scroll","background-type":"","background-media":"","overlay-type":"","overlay-color":"","overlay-opacity":"","overlay-gradient":""},"tablet":{"background-color":"","background-image":"","background-repeat":"repeat","background-position":"center center","background-size":"auto","background-attachment":"scroll","background-type":"","background-media":"","overlay-type":"","overlay-color":"","overlay-opacity":"","overlay-gradient":""},"mobile":{"background-color":"","background-image":"","background-repeat":"repeat","background-position":"center center","background-size":"auto","background-attachment":"scroll","background-type":"","background-media":"","overlay-type":"","overlay-color":"","overlay-opacity":"","overlay-gradient":""}},"ast-content-background-meta":{"desktop":{"background-color":"var(--ast-global-color-5)","background-image":"","background-repeat":"repeat","background-position":"center center","background-size":"auto","background-attachment":"scroll","background-type":"","background-media":"","overlay-type":"","overlay-color":"","overlay-opacity":"","overlay-gradient":""},"tablet":{"background-color":"var(--ast-global-color-5)","background-image":"","background-repeat":"repeat","background-position":"center center","background-size":"auto","background-attachment":"scroll","background-type":"","background-media":"","overlay-type":"","overlay-color":"","overlay-opacity":"","overlay-gradient":""},"mobile":{"background-color":"var(--ast-global-color-5)","background-image":"","background-repeat":"repeat","background-position":"center center","background-size":"auto","background-attachment":"scroll","background-type":"","background-media":"","overlay-type":"","overlay-color":"","overlay-opacity":"","overlay-gradient":""}}},"product_brand":[],"product_cat":[274,65,124],"product_tag":[],"class_list":{"0":"post-27714","1":"product","2":"type-product","3":"status-publish","4":"has-post-thumbnail","6":"product_cat-fotografie-si-distractie-in-acelasi-timp","7":"product_cat-noutati-minunate-pentru-puiul-tau","8":"product_cat-jucarii-noi-si-moderne","9":"desktop-align-left","10":"tablet-align-left","11":"mobile-align-left","12":"ast-product-gallery-layout-horizontal-slider","13":"ast-product-gallery-with-no-image","14":"ast-product-tabs-layout-vertical","15":"ast-qv-on-image","17":"first","18":"instock","19":"shipping-taxable","20":"purchasable","21":"product-type-simple"},"yoast_head":"<!-- This site is optimized with the Yoast SEO plugin v22.6 - https:\/\/yoast.com\/wordpress\/plugins\/seo\/ -->\n<title>Husa camera digitala - Fox<\/title>\n<meta name=\"robots\" content=\"index, follow, max-snippet:-1, max-image-preview:large, max-video-preview:-1\" \/>\n<link rel=\"canonical\" href=\"https:\/\/bunnyboo.ro\/produs\/husa-camera-digitala-fox\/\" \/>\n<meta property=\"og:locale\" content=\"en_US\" \/>\n<meta property=\"og:type\" content=\"article\" \/>\n<meta property=\"og:title\" content=\"Husa camera digitala - Fox\" \/>\n<meta property=\"og:description\" content=\"Cump\u0103ra\u021bi aceast\u0103 hus\u0103 uimitoare, f\u0103r\u0103 PVC, f\u0103r\u0103 ftala\u021bi, ca o op\u021biune suplimentar\u0103 pentru copilul dumneavoastr\u0103! Nu este doar dr\u0103gu\u021b\u0103, dar \u0219i protejeaz\u0103 in momentul c\u0103derii \u0219i men\u021bine camera digital\u0103 curat\u0103. Poate fi \u00eendep\u0103rtat\u0103 \u0219i sp\u0103lat\u0103 cu u\u0219urin\u021b\u0103. POTRIVIT NUMAI PENTRU Zoo Animals Collection!\" \/>\n<meta property=\"og:url\" content=\"https:\/\/bunnyboo.ro\/produs\/husa-camera-digitala-fox\/\" \/>\n<meta property=\"og:site_name\" content=\"Bunny Boo\" \/>\n<meta property=\"article:modified_time\" content=\"2025-11-11T19:57:00+00:00\" \/>\n<meta property=\"og:image\" content=\"https:\/\/bunnyboo.ro\/wp-content\/uploads\/2024\/07\/fox.jpg\" \/>\n\t<meta property=\"og:image:width\" content=\"2500\" \/>\n\t<meta property=\"og:image:height\" content=\"1722\" \/>\n\t<meta property=\"og:image:type\" content=\"image\/jpeg\" \/>\n<meta name=\"twitter:card\" content=\"summary_large_image\" \/>\n<script type=\"application\/ld+json\" class=\"yoast-schema-graph\">{\"@context\":\"https:\/\/schema.org\",\"@graph\":[{\"@type\":\"WebPage\",\"@id\":\"https:\/\/bunnyboo.ro\/produs\/husa-camera-digitala-fox\/\",\"url\":\"https:\/\/bunnyboo.ro\/produs\/husa-camera-digitala-fox\/\",\"name\":\"Husa camera digitala - Fox\",\"isPartOf\":{\"@id\":\"https:\/\/bunnyboo.ro\/#website\"},\"primaryImageOfPage\":{\"@id\":\"https:\/\/bunnyboo.ro\/produs\/husa-camera-digitala-fox\/#primaryimage\"},\"image\":{\"@id\":\"https:\/\/bunnyboo.ro\/produs\/husa-camera-digitala-fox\/#primaryimage\"},\"thumbnailUrl\":\"https:\/\/bunnyboo.ro\/wp-content\/uploads\/2024\/07\/fox.jpg\",\"datePublished\":\"2024-07-08T08:46:01+00:00\",\"dateModified\":\"2025-11-11T19:57:00+00:00\",\"breadcrumb\":{\"@id\":\"https:\/\/bunnyboo.ro\/produs\/husa-camera-digitala-fox\/#breadcrumb\"},\"inLanguage\":\"en-US\",\"potentialAction\":[{\"@type\":\"ReadAction\",\"target\":[\"https:\/\/bunnyboo.ro\/produs\/husa-camera-digitala-fox\/\"]}]},{\"@type\":\"ImageObject\",\"inLanguage\":\"en-US\",\"@id\":\"https:\/\/bunnyboo.ro\/produs\/husa-camera-digitala-fox\/#primaryimage\",\"url\":\"https:\/\/bunnyboo.ro\/wp-content\/uploads\/2024\/07\/fox.jpg\",\"contentUrl\":\"https:\/\/bunnyboo.ro\/wp-content\/uploads\/2024\/07\/fox.jpg\",\"width\":2500,\"height\":1722},{\"@type\":\"BreadcrumbList\",\"@id\":\"https:\/\/bunnyboo.ro\/produs\/husa-camera-digitala-fox\/#breadcrumb\",\"itemListElement\":[{\"@type\":\"ListItem\",\"position\":1,\"name\":\"Home\",\"item\":\"https:\/\/bunnyboo.ro\/en\/\"},{\"@type\":\"ListItem\",\"position\":2,\"name\":\"New\",\"item\":\"https:\/\/bunnyboo.ro\/en\/shop\/\"},{\"@type\":\"ListItem\",\"position\":3,\"name\":\"Husa camera digitala &#8211; Fox\"}]},{\"@type\":\"WebSite\",\"@id\":\"https:\/\/bunnyboo.ro\/#website\",\"url\":\"https:\/\/bunnyboo.ro\/\",\"name\":\"Bunny Boo\",\"description\":\"Bunny Boo\",\"publisher\":{\"@id\":\"https:\/\/bunnyboo.ro\/#organization\"},\"potentialAction\":[{\"@type\":\"SearchAction\",\"target\":{\"@type\":\"EntryPoint\",\"urlTemplate\":\"https:\/\/bunnyboo.ro\/?s={search_term_string}\"},\"query-input\":\"required name=search_term_string\"}],\"inLanguage\":\"en-US\"},{\"@type\":\"Organization\",\"@id\":\"https:\/\/bunnyboo.ro\/#organization\",\"name\":\"Bunny Boo\",\"url\":\"https:\/\/bunnyboo.ro\/\",\"logo\":{\"@type\":\"ImageObject\",\"inLanguage\":\"en-US\",\"@id\":\"https:\/\/bunnyboo.ro\/#\/schema\/logo\/image\/\",\"url\":\"https:\/\/bunnyboo.ro\/wp-content\/uploads\/2024\/03\/Logo-website-black.png\",\"contentUrl\":\"https:\/\/bunnyboo.ro\/wp-content\/uploads\/2024\/03\/Logo-website-black.png\",\"width\":2422,\"height\":946,\"caption\":\"Bunny Boo\"},\"image\":{\"@id\":\"https:\/\/bunnyboo.ro\/#\/schema\/logo\/image\/\"}}]}<\/script>\n<!-- \/ Yoast SEO plugin. -->","yoast_head_json":{"title":"Husa camera digitala - Fox","robots":{"index":"index","follow":"follow","max-snippet":"max-snippet:-1","max-image-preview":"max-image-preview:large","max-video-preview":"max-video-preview:-1"},"canonical":"https:\/\/bunnyboo.ro\/produs\/husa-camera-digitala-fox\/","og_locale":"en_US","og_type":"article","og_title":"Husa camera digitala - Fox","og_description":"Cump\u0103ra\u021bi aceast\u0103 hus\u0103 uimitoare, f\u0103r\u0103 PVC, f\u0103r\u0103 ftala\u021bi, ca o op\u021biune suplimentar\u0103 pentru copilul dumneavoastr\u0103! Nu este doar dr\u0103gu\u021b\u0103, dar \u0219i protejeaz\u0103 in momentul c\u0103derii \u0219i men\u021bine camera digital\u0103 curat\u0103. Poate fi \u00eendep\u0103rtat\u0103 \u0219i sp\u0103lat\u0103 cu u\u0219urin\u021b\u0103. POTRIVIT NUMAI PENTRU Zoo Animals Collection!","og_url":"https:\/\/bunnyboo.ro\/produs\/husa-camera-digitala-fox\/","og_site_name":"Bunny Boo","article_modified_time":"2025-11-11T19:57:00+00:00","og_image":[{"width":2500,"height":1722,"url":"https:\/\/bunnyboo.ro\/wp-content\/uploads\/2024\/07\/fox.jpg","type":"image\/jpeg"}],"twitter_card":"summary_large_image","schema":{"@context":"https:\/\/schema.org","@graph":[{"@type":"WebPage","@id":"https:\/\/bunnyboo.ro\/produs\/husa-camera-digitala-fox\/","url":"https:\/\/bunnyboo.ro\/produs\/husa-camera-digitala-fox\/","name":"Husa camera digitala - Fox","isPartOf":{"@id":"https:\/\/bunnyboo.ro\/#website"},"primaryImageOfPage":{"@id":"https:\/\/bunnyboo.ro\/produs\/husa-camera-digitala-fox\/#primaryimage"},"image":{"@id":"https:\/\/bunnyboo.ro\/produs\/husa-camera-digitala-fox\/#primaryimage"},"thumbnailUrl":"https:\/\/bunnyboo.ro\/wp-content\/uploads\/2024\/07\/fox.jpg","datePublished":"2024-07-08T08:46:01+00:00","dateModified":"2025-11-11T19:57:00+00:00","breadcrumb":{"@id":"https:\/\/bunnyboo.ro\/produs\/husa-camera-digitala-fox\/#breadcrumb"},"inLanguage":"en-US","potentialAction":[{"@type":"ReadAction","target":["https:\/\/bunnyboo.ro\/produs\/husa-camera-digitala-fox\/"]}]},{"@type":"ImageObject","inLanguage":"en-US","@id":"https:\/\/bunnyboo.ro\/produs\/husa-camera-digitala-fox\/#primaryimage","url":"https:\/\/bunnyboo.ro\/wp-content\/uploads\/2024\/07\/fox.jpg","contentUrl":"https:\/\/bunnyboo.ro\/wp-content\/uploads\/2024\/07\/fox.jpg","width":2500,"height":1722},{"@type":"BreadcrumbList","@id":"https:\/\/bunnyboo.ro\/produs\/husa-camera-digitala-fox\/#breadcrumb","itemListElement":[{"@type":"ListItem","position":1,"name":"Home","item":"https:\/\/bunnyboo.ro\/en\/"},{"@type":"ListItem","position":2,"name":"New","item":"https:\/\/bunnyboo.ro\/en\/shop\/"},{"@type":"ListItem","position":3,"name":"Husa camera digitala &#8211; Fox"}]},{"@type":"WebSite","@id":"https:\/\/bunnyboo.ro\/#website","url":"https:\/\/bunnyboo.ro\/","name":"Bunny Boo","description":"Bunny Boo","publisher":{"@id":"https:\/\/bunnyboo.ro\/#organization"},"potentialAction":[{"@type":"SearchAction","target":{"@type":"EntryPoint","urlTemplate":"https:\/\/bunnyboo.ro\/?s={search_term_string}"},"query-input":"required name=search_term_string"}],"inLanguage":"en-US"},{"@type":"Organization","@id":"https:\/\/bunnyboo.ro\/#organization","name":"Bunny Boo","url":"https:\/\/bunnyboo.ro\/","logo":{"@type":"ImageObject","inLanguage":"en-US","@id":"https:\/\/bunnyboo.ro\/#\/schema\/logo\/image\/","url":"https:\/\/bunnyboo.ro\/wp-content\/uploads\/2024\/03\/Logo-website-black.png","contentUrl":"https:\/\/bunnyboo.ro\/wp-content\/uploads\/2024\/03\/Logo-website-black.png","width":2422,"height":946,"caption":"Bunny Boo"},"image":{"@id":"https:\/\/bunnyboo.ro\/#\/schema\/logo\/image\/"}}]}},"_links":{"self":[{"href":"https:\/\/bunnyboo.ro\/en\/wp-json\/wp\/v2\/product\/27714","targetHints":{"allow":["GET"]}}],"collection":[{"href":"https:\/\/bunnyboo.ro\/en\/wp-json\/wp\/v2\/product"}],"about":[{"href":"https:\/\/bunnyboo.ro\/en\/wp-json\/wp\/v2\/types\/product"}],"replies":[{"embeddable":true,"href":"https:\/\/bunnyboo.ro\/en\/wp-json\/wp\/v2\/comments?post=27714"}],"wp:featuredmedia":[{"embeddable":true,"href":"https:\/\/bunnyboo.ro\/en\/wp-json\/wp\/v2\/media\/27715"}],"wp:attachment":[{"href":"https:\/\/bunnyboo.ro\/en\/wp-json\/wp\/v2\/media?parent=27714"}],"wp:term":[{"taxonomy":"product_brand","embeddable":true,"href":"https:\/\/bunnyboo.ro\/en\/wp-json\/wp\/v2\/product_brand?post=27714"},{"taxonomy":"product_cat","embeddable":true,"href":"https:\/\/bunnyboo.ro\/en\/wp-json\/wp\/v2\/product_cat?post=27714"},{"taxonomy":"product_tag","embeddable":true,"href":"https:\/\/bunnyboo.ro\/en\/wp-json\/wp\/v2\/product_tag?post=27714"}],"curies":[{"name":"wp","href":"https:\/\/api.w.org\/{rel}","templated":true}]}}