{"id":27674,"date":"2024-07-08T11:12:42","date_gmt":"2024-07-08T08:12:42","guid":{"rendered":"https:\/\/bunnyboo.ro\/?post_type=product&#038;p=27674"},"modified":"2026-02-04T14:13:15","modified_gmt":"2026-02-04T12:13:15","slug":"walkie-talkie-zoo-rabbit-x-bear","status":"publish","type":"product","link":"https:\/\/bunnyboo.ro\/en\/produs\/walkie-talkie-zoo-rabbit-x-bear\/","title":{"rendered":"Walkie Talkie Zoo &#8211; Rabbit x Bear"},"content":{"rendered":"<p>Activitatea preferata de cei mici! Walkie Talkie Zoofamily Kids va duce \u00eentr-o lume magic\u0103 \u00een care iepurasii \u0219i ursii hoin\u0103resc \u00eempreun\u0103, \u00eembin\u00e2nd distrac\u021bia cu func\u021bionalitatea. Aprinde\u021bi imagina\u021bia copilului dumneavoastr\u0103 \u0219i conecta\u021bi-v\u0103 prin acest instrument de comunicare \u00eenc\u00e2nt\u0103tor. Creat cu esen\u021ba simplit\u0103\u021bii, Walkie Talkie pentru copii se laud\u0103 cu o func\u021bionare f\u0103r\u0103 efort, d\u00e2ndu-le copiilor putere s\u0103 se cufunde \u00een c\u0103l\u0103torii imaginative f\u0103r\u0103 complexitatea comenzilor. Sistemul de buton cu o singur\u0103 atingere asigur\u0103 comunicarea instantanee, favoriz\u00e2nd jocul interactiv \u0219i \u00eembun\u0103t\u0103\u021bind coordonarea \u00eentre tinerii aventurieri. Cu o raz\u0103 de ac\u021biune impresionant\u0103 de 3 km, aceste walkie talkie extind orizonturile, permi\u021b\u00e2nd copiilor s\u0103 se \u00eembarce \u00een escapade palpitante \u00een aer liber, p\u0103str\u00e2nd leg\u0103tura. Fie c\u0103 este un joc de-a v-a\u021bi ascunselea, o expedi\u021bie \u00een curte sau o simpl\u0103 comunicare \u00eentre diferite t\u0103r\u00e2muri, Walkie Talkie Zoofamily este \u00eenso\u021bitorul lor de \u00eencredere.<\/p>\n<p>Concepute meticulos pentru confort \u0219i rezisten\u021b\u0103, walkie-talki-urile sunt fabricate din material ABS robust, concepute pentru a rezista vie\u021bilor dinamice ale copiilor \u00eendr\u0103zne\u021bi.\u00a0\u00a0 Finisajul inovator de silicon soft-touch amplific\u0103 factorul de confort, garant\u00e2nd nu numai fiabilitatea, ci \u0219i o prindere pl\u0103cut\u0103. Echipate cu o lumin\u0103 LED integrat\u0103, aceste walkie talkie se transform\u0103 \u00een instrumente versatile at\u00e2t pentru misiuni de zi, c\u00e2t \u0219i de noapte.\u00a0\u00a0 Lumina \u00eencorporat\u0103 adaug\u0103 o strop de emo\u021bie la fiecare sesiune de joac\u0103, \u00een timp ce serve\u0219te ca o caracteristic\u0103 practic\u0103 \u00een scenariile cu lumin\u0103 sc\u0103zut\u0103.\u00a0\u00a0 Zoofamily se m\u00e2ndre\u0219te cu crearea de produse care capteaz\u0103 inimile tinere \u00een timp ce se ocup\u0103 de preocup\u0103rile p\u0103rin\u021bilor.<\/p>\n<p>Walkie Talkie combin\u0103 un design modern cu iepurasi \u0219i ursuleti, func\u021bionalitate u\u0219or de utilizat, gam\u0103 impresionant\u0103 \u0219i durabilitate \u2013 toate \u00eentr-un singur pachet feeric.<\/p>\n<p>Acest lucru \u00eel face o alegere splendid\u0103 de cadou pentru zile de na\u0219tere, s\u0103rb\u0103tori sau orice ocazie care merit\u0103 o stropire de distrac\u021bie magic\u0103 de comunicare.<\/p>\n<ul>\n<li>V\u00e2rsta de la 3 p\u00e2n\u0103 la 10 ani.<\/li>\n<li>Dimensiune camera 11,5 x 7,5 x 4 cm.<\/li>\n<li>Ecran digital.<\/li>\n<li>P\u00e2n\u0103 la 3 km distan\u021b\u0103, \u00een func\u021bie de zon\u0103 (\u00een aer liber).<\/li>\n<li>Lantern\u0103 integrat\u0103.<\/li>\n<li>+8 canale.<\/li>\n<li>Atingere moale din silicon.<\/li>\n<\/ul>\n<p><em>\u00a0<\/em><\/p>\n","protected":false},"excerpt":{"rendered":"<p>Activitatea preferata de cei mici! Walkie Talkie Zoofamily Kids va duce \u00eentr-o lume magic\u0103 \u00een care iepurasii \u0219i ursii hoin\u0103resc \u00eempreun\u0103, \u00eembin\u00e2nd distrac\u021bia cu func\u021bionalitatea. Aprinde\u021bi imagina\u021bia copilului dumneavoastr\u0103 \u0219i conecta\u021bi-v\u0103 prin acest instrument de comunicare \u00eenc\u00e2nt\u0103tor. Creat cu esen\u021ba simplit\u0103\u021bii, Walkie Talkie pentru copii se laud\u0103 cu o func\u021bionare f\u0103r\u0103 efort, d\u00e2ndu-le copiilor putere [&hellip;]<\/p>\n","protected":false},"featured_media":27685,"comment_status":"open","ping_status":"closed","template":"","meta":{"site-sidebar-layout":"default","site-content-layout":"","ast-site-content-layout":"default","site-content-style":"default","site-sidebar-style":"default","ast-global-header-display":"","ast-banner-title-visibility":"","ast-main-header-display":"","ast-hfb-above-header-display":"","ast-hfb-below-header-display":"","ast-hfb-mobile-header-display":"","site-post-title":"","ast-breadcrumbs-content":"","ast-featured-img":"","footer-sml-layout":"","theme-transparent-header-meta":"default","adv-header-id-meta":"","stick-header-meta":"default","header-above-stick-meta":"","header-main-stick-meta":"","header-below-stick-meta":"","astra-migrate-meta-layouts":"set","ast-page-background-enabled":"default","ast-page-background-meta":{"desktop":{"background-color":"","background-image":"","background-repeat":"repeat","background-position":"center center","background-size":"auto","background-attachment":"scroll","background-type":"","background-media":"","overlay-type":"","overlay-color":"","overlay-opacity":"","overlay-gradient":""},"tablet":{"background-color":"","background-image":"","background-repeat":"repeat","background-position":"center center","background-size":"auto","background-attachment":"scroll","background-type":"","background-media":"","overlay-type":"","overlay-color":"","overlay-opacity":"","overlay-gradient":""},"mobile":{"background-color":"","background-image":"","background-repeat":"repeat","background-position":"center center","background-size":"auto","background-attachment":"scroll","background-type":"","background-media":"","overlay-type":"","overlay-color":"","overlay-opacity":"","overlay-gradient":""}},"ast-content-background-meta":{"desktop":{"background-color":"var(--ast-global-color-5)","background-image":"","background-repeat":"repeat","background-position":"center center","background-size":"auto","background-attachment":"scroll","background-type":"","background-media":"","overlay-type":"","overlay-color":"","overlay-opacity":"","overlay-gradient":""},"tablet":{"background-color":"var(--ast-global-color-5)","background-image":"","background-repeat":"repeat","background-position":"center center","background-size":"auto","background-attachment":"scroll","background-type":"","background-media":"","overlay-type":"","overlay-color":"","overlay-opacity":"","overlay-gradient":""},"mobile":{"background-color":"var(--ast-global-color-5)","background-image":"","background-repeat":"repeat","background-position":"center center","background-size":"auto","background-attachment":"scroll","background-type":"","background-media":"","overlay-type":"","overlay-color":"","overlay-opacity":"","overlay-gradient":""}}},"product_brand":[],"product_cat":[274,65],"product_tag":[],"class_list":{"0":"post-27674","1":"product","2":"type-product","3":"status-publish","4":"has-post-thumbnail","6":"product_cat-fotografie-si-distractie-in-acelasi-timp","7":"product_cat-noutati-minunate-pentru-puiul-tau","8":"desktop-align-left","9":"tablet-align-left","10":"mobile-align-left","11":"ast-product-gallery-layout-horizontal-slider","12":"ast-product-tabs-layout-vertical","13":"ast-qv-on-image","15":"first","16":"instock","17":"shipping-taxable","18":"purchasable","19":"product-type-simple"},"yoast_head":"<!-- This site is optimized with the Yoast SEO plugin v22.6 - https:\/\/yoast.com\/wordpress\/plugins\/seo\/ -->\n<title>Walkie Talkie Zoo - Rabbit x Bear<\/title>\n<meta name=\"robots\" content=\"index, follow, max-snippet:-1, max-image-preview:large, max-video-preview:-1\" \/>\n<link rel=\"canonical\" href=\"https:\/\/bunnyboo.ro\/produs\/walkie-talkie-zoo-rabbit-x-bear\/\" \/>\n<meta property=\"og:locale\" content=\"en_US\" \/>\n<meta property=\"og:type\" content=\"article\" \/>\n<meta property=\"og:title\" content=\"Walkie Talkie Zoo - Rabbit x Bear\" \/>\n<meta property=\"og:description\" content=\"Activitatea preferata de cei mici! Walkie Talkie Zoofamily Kids va duce \u00eentr-o lume magic\u0103 \u00een care iepurasii \u0219i ursii hoin\u0103resc \u00eempreun\u0103, \u00eembin\u00e2nd distrac\u021bia cu func\u021bionalitatea. Aprinde\u021bi imagina\u021bia copilului dumneavoastr\u0103 \u0219i conecta\u021bi-v\u0103 prin acest instrument de comunicare \u00eenc\u00e2nt\u0103tor. Creat cu esen\u021ba simplit\u0103\u021bii, Walkie Talkie pentru copii se laud\u0103 cu o func\u021bionare f\u0103r\u0103 efort, d\u00e2ndu-le copiilor putere [&hellip;]\" \/>\n<meta property=\"og:url\" content=\"https:\/\/bunnyboo.ro\/produs\/walkie-talkie-zoo-rabbit-x-bear\/\" \/>\n<meta property=\"og:site_name\" content=\"Bunny Boo\" \/>\n<meta property=\"article:modified_time\" content=\"2026-02-04T12:13:15+00:00\" \/>\n<meta property=\"og:image\" content=\"https:\/\/bunnyboo.ro\/wp-content\/uploads\/2024\/07\/The_zoofamily_set_walkie_talkie_rabbit_bear_front.jpeg\" \/>\n\t<meta property=\"og:image:width\" content=\"1500\" \/>\n\t<meta property=\"og:image:height\" content=\"1500\" \/>\n\t<meta property=\"og:image:type\" content=\"image\/jpeg\" \/>\n<meta name=\"twitter:card\" content=\"summary_large_image\" \/>\n<meta name=\"twitter:label1\" content=\"Est. reading time\" \/>\n\t<meta name=\"twitter:data1\" content=\"2 minutes\" \/>\n<script type=\"application\/ld+json\" class=\"yoast-schema-graph\">{\"@context\":\"https:\/\/schema.org\",\"@graph\":[{\"@type\":\"WebPage\",\"@id\":\"https:\/\/bunnyboo.ro\/produs\/walkie-talkie-zoo-rabbit-x-bear\/\",\"url\":\"https:\/\/bunnyboo.ro\/produs\/walkie-talkie-zoo-rabbit-x-bear\/\",\"name\":\"Walkie Talkie Zoo - Rabbit x Bear\",\"isPartOf\":{\"@id\":\"https:\/\/bunnyboo.ro\/#website\"},\"primaryImageOfPage\":{\"@id\":\"https:\/\/bunnyboo.ro\/produs\/walkie-talkie-zoo-rabbit-x-bear\/#primaryimage\"},\"image\":{\"@id\":\"https:\/\/bunnyboo.ro\/produs\/walkie-talkie-zoo-rabbit-x-bear\/#primaryimage\"},\"thumbnailUrl\":\"https:\/\/bunnyboo.ro\/wp-content\/uploads\/2024\/07\/The_zoofamily_set_walkie_talkie_rabbit_bear_front.jpeg\",\"datePublished\":\"2024-07-08T08:12:42+00:00\",\"dateModified\":\"2026-02-04T12:13:15+00:00\",\"breadcrumb\":{\"@id\":\"https:\/\/bunnyboo.ro\/produs\/walkie-talkie-zoo-rabbit-x-bear\/#breadcrumb\"},\"inLanguage\":\"en-US\",\"potentialAction\":[{\"@type\":\"ReadAction\",\"target\":[\"https:\/\/bunnyboo.ro\/produs\/walkie-talkie-zoo-rabbit-x-bear\/\"]}]},{\"@type\":\"ImageObject\",\"inLanguage\":\"en-US\",\"@id\":\"https:\/\/bunnyboo.ro\/produs\/walkie-talkie-zoo-rabbit-x-bear\/#primaryimage\",\"url\":\"https:\/\/bunnyboo.ro\/wp-content\/uploads\/2024\/07\/The_zoofamily_set_walkie_talkie_rabbit_bear_front.jpeg\",\"contentUrl\":\"https:\/\/bunnyboo.ro\/wp-content\/uploads\/2024\/07\/The_zoofamily_set_walkie_talkie_rabbit_bear_front.jpeg\",\"width\":1500,\"height\":1500},{\"@type\":\"BreadcrumbList\",\"@id\":\"https:\/\/bunnyboo.ro\/produs\/walkie-talkie-zoo-rabbit-x-bear\/#breadcrumb\",\"itemListElement\":[{\"@type\":\"ListItem\",\"position\":1,\"name\":\"Home\",\"item\":\"https:\/\/bunnyboo.ro\/en\/\"},{\"@type\":\"ListItem\",\"position\":2,\"name\":\"New\",\"item\":\"https:\/\/bunnyboo.ro\/en\/shop\/\"},{\"@type\":\"ListItem\",\"position\":3,\"name\":\"Walkie Talkie Zoo &#8211; Rabbit x Bear\"}]},{\"@type\":\"WebSite\",\"@id\":\"https:\/\/bunnyboo.ro\/#website\",\"url\":\"https:\/\/bunnyboo.ro\/\",\"name\":\"Bunny Boo\",\"description\":\"Bunny Boo\",\"publisher\":{\"@id\":\"https:\/\/bunnyboo.ro\/#organization\"},\"potentialAction\":[{\"@type\":\"SearchAction\",\"target\":{\"@type\":\"EntryPoint\",\"urlTemplate\":\"https:\/\/bunnyboo.ro\/?s={search_term_string}\"},\"query-input\":\"required name=search_term_string\"}],\"inLanguage\":\"en-US\"},{\"@type\":\"Organization\",\"@id\":\"https:\/\/bunnyboo.ro\/#organization\",\"name\":\"Bunny Boo\",\"url\":\"https:\/\/bunnyboo.ro\/\",\"logo\":{\"@type\":\"ImageObject\",\"inLanguage\":\"en-US\",\"@id\":\"https:\/\/bunnyboo.ro\/#\/schema\/logo\/image\/\",\"url\":\"https:\/\/bunnyboo.ro\/wp-content\/uploads\/2024\/03\/Logo-website-black.png\",\"contentUrl\":\"https:\/\/bunnyboo.ro\/wp-content\/uploads\/2024\/03\/Logo-website-black.png\",\"width\":2422,\"height\":946,\"caption\":\"Bunny Boo\"},\"image\":{\"@id\":\"https:\/\/bunnyboo.ro\/#\/schema\/logo\/image\/\"}}]}<\/script>\n<!-- \/ Yoast SEO plugin. -->","yoast_head_json":{"title":"Walkie Talkie Zoo - Rabbit x Bear","robots":{"index":"index","follow":"follow","max-snippet":"max-snippet:-1","max-image-preview":"max-image-preview:large","max-video-preview":"max-video-preview:-1"},"canonical":"https:\/\/bunnyboo.ro\/produs\/walkie-talkie-zoo-rabbit-x-bear\/","og_locale":"en_US","og_type":"article","og_title":"Walkie Talkie Zoo - Rabbit x Bear","og_description":"Activitatea preferata de cei mici! Walkie Talkie Zoofamily Kids va duce \u00eentr-o lume magic\u0103 \u00een care iepurasii \u0219i ursii hoin\u0103resc \u00eempreun\u0103, \u00eembin\u00e2nd distrac\u021bia cu func\u021bionalitatea. Aprinde\u021bi imagina\u021bia copilului dumneavoastr\u0103 \u0219i conecta\u021bi-v\u0103 prin acest instrument de comunicare \u00eenc\u00e2nt\u0103tor. Creat cu esen\u021ba simplit\u0103\u021bii, Walkie Talkie pentru copii se laud\u0103 cu o func\u021bionare f\u0103r\u0103 efort, d\u00e2ndu-le copiilor putere [&hellip;]","og_url":"https:\/\/bunnyboo.ro\/produs\/walkie-talkie-zoo-rabbit-x-bear\/","og_site_name":"Bunny Boo","article_modified_time":"2026-02-04T12:13:15+00:00","og_image":[{"width":1500,"height":1500,"url":"https:\/\/bunnyboo.ro\/wp-content\/uploads\/2024\/07\/The_zoofamily_set_walkie_talkie_rabbit_bear_front.jpeg","type":"image\/jpeg"}],"twitter_card":"summary_large_image","twitter_misc":{"Est. reading time":"2 minutes"},"schema":{"@context":"https:\/\/schema.org","@graph":[{"@type":"WebPage","@id":"https:\/\/bunnyboo.ro\/produs\/walkie-talkie-zoo-rabbit-x-bear\/","url":"https:\/\/bunnyboo.ro\/produs\/walkie-talkie-zoo-rabbit-x-bear\/","name":"Walkie Talkie Zoo - Rabbit x Bear","isPartOf":{"@id":"https:\/\/bunnyboo.ro\/#website"},"primaryImageOfPage":{"@id":"https:\/\/bunnyboo.ro\/produs\/walkie-talkie-zoo-rabbit-x-bear\/#primaryimage"},"image":{"@id":"https:\/\/bunnyboo.ro\/produs\/walkie-talkie-zoo-rabbit-x-bear\/#primaryimage"},"thumbnailUrl":"https:\/\/bunnyboo.ro\/wp-content\/uploads\/2024\/07\/The_zoofamily_set_walkie_talkie_rabbit_bear_front.jpeg","datePublished":"2024-07-08T08:12:42+00:00","dateModified":"2026-02-04T12:13:15+00:00","breadcrumb":{"@id":"https:\/\/bunnyboo.ro\/produs\/walkie-talkie-zoo-rabbit-x-bear\/#breadcrumb"},"inLanguage":"en-US","potentialAction":[{"@type":"ReadAction","target":["https:\/\/bunnyboo.ro\/produs\/walkie-talkie-zoo-rabbit-x-bear\/"]}]},{"@type":"ImageObject","inLanguage":"en-US","@id":"https:\/\/bunnyboo.ro\/produs\/walkie-talkie-zoo-rabbit-x-bear\/#primaryimage","url":"https:\/\/bunnyboo.ro\/wp-content\/uploads\/2024\/07\/The_zoofamily_set_walkie_talkie_rabbit_bear_front.jpeg","contentUrl":"https:\/\/bunnyboo.ro\/wp-content\/uploads\/2024\/07\/The_zoofamily_set_walkie_talkie_rabbit_bear_front.jpeg","width":1500,"height":1500},{"@type":"BreadcrumbList","@id":"https:\/\/bunnyboo.ro\/produs\/walkie-talkie-zoo-rabbit-x-bear\/#breadcrumb","itemListElement":[{"@type":"ListItem","position":1,"name":"Home","item":"https:\/\/bunnyboo.ro\/en\/"},{"@type":"ListItem","position":2,"name":"New","item":"https:\/\/bunnyboo.ro\/en\/shop\/"},{"@type":"ListItem","position":3,"name":"Walkie Talkie Zoo &#8211; Rabbit x Bear"}]},{"@type":"WebSite","@id":"https:\/\/bunnyboo.ro\/#website","url":"https:\/\/bunnyboo.ro\/","name":"Bunny Boo","description":"Bunny Boo","publisher":{"@id":"https:\/\/bunnyboo.ro\/#organization"},"potentialAction":[{"@type":"SearchAction","target":{"@type":"EntryPoint","urlTemplate":"https:\/\/bunnyboo.ro\/?s={search_term_string}"},"query-input":"required name=search_term_string"}],"inLanguage":"en-US"},{"@type":"Organization","@id":"https:\/\/bunnyboo.ro\/#organization","name":"Bunny Boo","url":"https:\/\/bunnyboo.ro\/","logo":{"@type":"ImageObject","inLanguage":"en-US","@id":"https:\/\/bunnyboo.ro\/#\/schema\/logo\/image\/","url":"https:\/\/bunnyboo.ro\/wp-content\/uploads\/2024\/03\/Logo-website-black.png","contentUrl":"https:\/\/bunnyboo.ro\/wp-content\/uploads\/2024\/03\/Logo-website-black.png","width":2422,"height":946,"caption":"Bunny Boo"},"image":{"@id":"https:\/\/bunnyboo.ro\/#\/schema\/logo\/image\/"}}]}},"_links":{"self":[{"href":"https:\/\/bunnyboo.ro\/en\/wp-json\/wp\/v2\/product\/27674","targetHints":{"allow":["GET"]}}],"collection":[{"href":"https:\/\/bunnyboo.ro\/en\/wp-json\/wp\/v2\/product"}],"about":[{"href":"https:\/\/bunnyboo.ro\/en\/wp-json\/wp\/v2\/types\/product"}],"replies":[{"embeddable":true,"href":"https:\/\/bunnyboo.ro\/en\/wp-json\/wp\/v2\/comments?post=27674"}],"wp:featuredmedia":[{"embeddable":true,"href":"https:\/\/bunnyboo.ro\/en\/wp-json\/wp\/v2\/media\/27685"}],"wp:attachment":[{"href":"https:\/\/bunnyboo.ro\/en\/wp-json\/wp\/v2\/media?parent=27674"}],"wp:term":[{"taxonomy":"product_brand","embeddable":true,"href":"https:\/\/bunnyboo.ro\/en\/wp-json\/wp\/v2\/product_brand?post=27674"},{"taxonomy":"product_cat","embeddable":true,"href":"https:\/\/bunnyboo.ro\/en\/wp-json\/wp\/v2\/product_cat?post=27674"},{"taxonomy":"product_tag","embeddable":true,"href":"https:\/\/bunnyboo.ro\/en\/wp-json\/wp\/v2\/product_tag?post=27674"}],"curies":[{"name":"wp","href":"https:\/\/api.w.org\/{rel}","templated":true}]}}