{"id":27500,"date":"2024-07-08T11:28:16","date_gmt":"2024-07-08T08:28:16","guid":{"rendered":"https:\/\/bunnyboo.ro\/?post_type=product&#038;p=27500"},"modified":"2025-02-26T07:52:36","modified_gmt":"2025-02-26T05:52:36","slug":"geanta-din-silicon-zoofamily-bear","status":"publish","type":"product","link":"https:\/\/bunnyboo.ro\/en\/produs\/geanta-din-silicon-zoofamily-bear\/","title":{"rendered":"Geanta din silicon Zoofamily &#8211; Bear"},"content":{"rendered":"<p>Cel mai bun organizator Zoofamily! Preg\u0103ti\u021bi-v\u0103 s\u0103 v\u0103 proteja\u021bi \u0219i s\u0103 purta\u021bi camerele Zoofamily: walkie talkie cu stil cu \u00eenc\u00e2nt\u0103toarea noastr\u0103 geant\u0103 de silicon Bear! Realizat\u0103 cu grij\u0103, aceast\u0103 geant\u0103 ecologic\u0103 este conceput\u0103 pentru a v\u0103 men\u021bine camerele foto\/walkie talkie \u00een siguran\u021b\u0103. Fabricat\u0103 din silicon de \u00eenalt\u0103 calitate, aceast\u0103 geant\u0103 nu numai c\u0103 prezint\u0103 un design \u00eendr\u0103zne\u021b, dar asigur\u0103 \u0219i durabilitate. Materialul s\u0103u moale \u0219i flexibil ofer\u0103 protec\u021bie fiabil\u0103 \u00eempotriva zg\u00e2rieturilor, prafului \u0219i impacturilor minore, p\u0103str\u00e2nd articolele \u00een stare impecabil\u0103. Designul fermec\u0103tor adaug\u0103 o not\u0103 adorabil\u0103, captiv\u00e2nd at\u00e2t copiii, c\u00e2t \u0219i adul\u021bii. Cureaua de transport inclus\u0103 face s\u0103 v\u0103 purta\u021bi u\u0219or articolele Zoofamily \u00een orice aventur\u0103, fie c\u0103 este o excursie \u00een familie sau o zi \u00een parc.<\/p>\n<p>Geanta Bear all-in-one se potrive\u0219te confortabil mai multor modele Zoofamily, asigur\u00e2ndu-v\u0103 c\u0103 v\u0103 pute\u021bi transporta cu u\u0219urin\u021b\u0103 \u00eentreaga colec\u021bie de camere foto.<\/p>\n<p>Ofer\u0103 articolelor tale Zoofamily casa iubitoare pe care o merit\u0103 cu aceast\u0103 geant\u0103 din silicon.<\/p>\n<p>Face\u021bi fotografia mai pl\u0103cut\u0103 \u0219i organizat\u0103 pentru micii dumneavoastr\u0103 fotografi.<\/p>\n<p>\u00cembr\u0103\u021bi\u0219a\u021bi comoditatea \u0219i dr\u0103g\u0103la\u0219ul cu aceast\u0103 geant\u0103 pentru camer\u0103.<\/p>\n<ul>\n<li>V\u00e2rsta de la 3 p\u00e2n\u0103 la 10 ani<\/li>\n<li>Dimensiune geanta 14 x 13 x 6 cm<\/li>\n<li>Toate camerele se potrivesc \u00een geant\u0103<\/li>\n<li>Cureaua de transport<\/li>\n<li>Durabil<\/li>\n<li>Silicon ecologic<\/li>\n<li>Atingere moale din silicon<strong>.<\/strong><\/li>\n<\/ul>\n","protected":false},"excerpt":{"rendered":"<p>Cel mai bun organizator Zoofamily! Preg\u0103ti\u021bi-v\u0103 s\u0103 v\u0103 proteja\u021bi \u0219i s\u0103 purta\u021bi camerele Zoofamily: walkie talkie cu stil cu \u00eenc\u00e2nt\u0103toarea noastr\u0103 geant\u0103 de silicon Bear! Realizat\u0103 cu grij\u0103, aceast\u0103 geant\u0103 ecologic\u0103 este conceput\u0103 pentru a v\u0103 men\u021bine camerele foto\/walkie talkie \u00een siguran\u021b\u0103. Fabricat\u0103 din silicon de \u00eenalt\u0103 calitate, aceast\u0103 geant\u0103 nu numai c\u0103 prezint\u0103 un [&hellip;]<\/p>\n","protected":false},"featured_media":27501,"comment_status":"open","ping_status":"closed","template":"","meta":{"site-sidebar-layout":"default","site-content-layout":"","ast-site-content-layout":"default","site-content-style":"default","site-sidebar-style":"default","ast-global-header-display":"","ast-banner-title-visibility":"","ast-main-header-display":"","ast-hfb-above-header-display":"","ast-hfb-below-header-display":"","ast-hfb-mobile-header-display":"","site-post-title":"","ast-breadcrumbs-content":"","ast-featured-img":"","footer-sml-layout":"","theme-transparent-header-meta":"default","adv-header-id-meta":"","stick-header-meta":"default","header-above-stick-meta":"","header-main-stick-meta":"","header-below-stick-meta":"","astra-migrate-meta-layouts":"set","ast-page-background-enabled":"default","ast-page-background-meta":{"desktop":{"background-color":"","background-image":"","background-repeat":"repeat","background-position":"center center","background-size":"auto","background-attachment":"scroll","background-type":"","background-media":"","overlay-type":"","overlay-color":"","overlay-opacity":"","overlay-gradient":""},"tablet":{"background-color":"","background-image":"","background-repeat":"repeat","background-position":"center center","background-size":"auto","background-attachment":"scroll","background-type":"","background-media":"","overlay-type":"","overlay-color":"","overlay-opacity":"","overlay-gradient":""},"mobile":{"background-color":"","background-image":"","background-repeat":"repeat","background-position":"center center","background-size":"auto","background-attachment":"scroll","background-type":"","background-media":"","overlay-type":"","overlay-color":"","overlay-opacity":"","overlay-gradient":""}},"ast-content-background-meta":{"desktop":{"background-color":"var(--ast-global-color-5)","background-image":"","background-repeat":"repeat","background-position":"center center","background-size":"auto","background-attachment":"scroll","background-type":"","background-media":"","overlay-type":"","overlay-color":"","overlay-opacity":"","overlay-gradient":""},"tablet":{"background-color":"var(--ast-global-color-5)","background-image":"","background-repeat":"repeat","background-position":"center center","background-size":"auto","background-attachment":"scroll","background-type":"","background-media":"","overlay-type":"","overlay-color":"","overlay-opacity":"","overlay-gradient":""},"mobile":{"background-color":"var(--ast-global-color-5)","background-image":"","background-repeat":"repeat","background-position":"center center","background-size":"auto","background-attachment":"scroll","background-type":"","background-media":"","overlay-type":"","overlay-color":"","overlay-opacity":"","overlay-gradient":""}}},"product_brand":[],"product_cat":[274,65,124],"product_tag":[],"class_list":{"0":"post-27500","1":"product","2":"type-product","3":"status-publish","4":"has-post-thumbnail","6":"product_cat-fotografie-si-distractie-in-acelasi-timp","7":"product_cat-noutati-minunate-pentru-puiul-tau","8":"product_cat-jucarii-noi-si-moderne","9":"desktop-align-left","10":"tablet-align-left","11":"mobile-align-left","12":"ast-product-gallery-layout-horizontal-slider","13":"ast-product-tabs-layout-vertical","14":"ast-qv-on-image","16":"first","17":"instock","18":"shipping-taxable","19":"purchasable","20":"product-type-simple"},"yoast_head":"<!-- This site is optimized with the Yoast SEO plugin v22.6 - https:\/\/yoast.com\/wordpress\/plugins\/seo\/ -->\n<title>Geanta din silicon Zoofamily - Bear<\/title>\n<meta name=\"robots\" content=\"index, follow, max-snippet:-1, max-image-preview:large, max-video-preview:-1\" \/>\n<link rel=\"canonical\" href=\"https:\/\/bunnyboo.ro\/produs\/geanta-din-silicon-zoofamily-bear\/\" \/>\n<meta property=\"og:locale\" content=\"en_US\" \/>\n<meta property=\"og:type\" content=\"article\" \/>\n<meta property=\"og:title\" content=\"Geanta din silicon Zoofamily - Bear\" \/>\n<meta property=\"og:description\" content=\"Cel mai bun organizator Zoofamily! Preg\u0103ti\u021bi-v\u0103 s\u0103 v\u0103 proteja\u021bi \u0219i s\u0103 purta\u021bi camerele Zoofamily: walkie talkie cu stil cu \u00eenc\u00e2nt\u0103toarea noastr\u0103 geant\u0103 de silicon Bear! Realizat\u0103 cu grij\u0103, aceast\u0103 geant\u0103 ecologic\u0103 este conceput\u0103 pentru a v\u0103 men\u021bine camerele foto\/walkie talkie \u00een siguran\u021b\u0103. Fabricat\u0103 din silicon de \u00eenalt\u0103 calitate, aceast\u0103 geant\u0103 nu numai c\u0103 prezint\u0103 un [&hellip;]\" \/>\n<meta property=\"og:url\" content=\"https:\/\/bunnyboo.ro\/produs\/geanta-din-silicon-zoofamily-bear\/\" \/>\n<meta property=\"og:site_name\" content=\"Bunny Boo\" \/>\n<meta property=\"article:modified_time\" content=\"2025-02-26T05:52:36+00:00\" \/>\n<meta property=\"og:image\" content=\"https:\/\/bunnyboo.ro\/wp-content\/uploads\/2024\/07\/bearbag.jpg\" \/>\n\t<meta property=\"og:image:width\" content=\"1500\" \/>\n\t<meta property=\"og:image:height\" content=\"1500\" \/>\n\t<meta property=\"og:image:type\" content=\"image\/jpeg\" \/>\n<meta name=\"twitter:card\" content=\"summary_large_image\" \/>\n<meta name=\"twitter:label1\" content=\"Est. reading time\" \/>\n\t<meta name=\"twitter:data1\" content=\"1 minute\" \/>\n<script type=\"application\/ld+json\" class=\"yoast-schema-graph\">{\"@context\":\"https:\/\/schema.org\",\"@graph\":[{\"@type\":\"WebPage\",\"@id\":\"https:\/\/bunnyboo.ro\/produs\/geanta-din-silicon-zoofamily-bear\/\",\"url\":\"https:\/\/bunnyboo.ro\/produs\/geanta-din-silicon-zoofamily-bear\/\",\"name\":\"Geanta din silicon Zoofamily - Bear\",\"isPartOf\":{\"@id\":\"https:\/\/bunnyboo.ro\/#website\"},\"primaryImageOfPage\":{\"@id\":\"https:\/\/bunnyboo.ro\/produs\/geanta-din-silicon-zoofamily-bear\/#primaryimage\"},\"image\":{\"@id\":\"https:\/\/bunnyboo.ro\/produs\/geanta-din-silicon-zoofamily-bear\/#primaryimage\"},\"thumbnailUrl\":\"https:\/\/bunnyboo.ro\/wp-content\/uploads\/2024\/07\/bearbag.jpg\",\"datePublished\":\"2024-07-08T08:28:16+00:00\",\"dateModified\":\"2025-02-26T05:52:36+00:00\",\"breadcrumb\":{\"@id\":\"https:\/\/bunnyboo.ro\/produs\/geanta-din-silicon-zoofamily-bear\/#breadcrumb\"},\"inLanguage\":\"en-US\",\"potentialAction\":[{\"@type\":\"ReadAction\",\"target\":[\"https:\/\/bunnyboo.ro\/produs\/geanta-din-silicon-zoofamily-bear\/\"]}]},{\"@type\":\"ImageObject\",\"inLanguage\":\"en-US\",\"@id\":\"https:\/\/bunnyboo.ro\/produs\/geanta-din-silicon-zoofamily-bear\/#primaryimage\",\"url\":\"https:\/\/bunnyboo.ro\/wp-content\/uploads\/2024\/07\/bearbag.jpg\",\"contentUrl\":\"https:\/\/bunnyboo.ro\/wp-content\/uploads\/2024\/07\/bearbag.jpg\",\"width\":1500,\"height\":1500},{\"@type\":\"BreadcrumbList\",\"@id\":\"https:\/\/bunnyboo.ro\/produs\/geanta-din-silicon-zoofamily-bear\/#breadcrumb\",\"itemListElement\":[{\"@type\":\"ListItem\",\"position\":1,\"name\":\"Home\",\"item\":\"https:\/\/bunnyboo.ro\/en\/\"},{\"@type\":\"ListItem\",\"position\":2,\"name\":\"New\",\"item\":\"https:\/\/bunnyboo.ro\/en\/shop\/\"},{\"@type\":\"ListItem\",\"position\":3,\"name\":\"Geanta din silicon Zoofamily &#8211; Bear\"}]},{\"@type\":\"WebSite\",\"@id\":\"https:\/\/bunnyboo.ro\/#website\",\"url\":\"https:\/\/bunnyboo.ro\/\",\"name\":\"Bunny Boo\",\"description\":\"Bunny Boo\",\"publisher\":{\"@id\":\"https:\/\/bunnyboo.ro\/#organization\"},\"potentialAction\":[{\"@type\":\"SearchAction\",\"target\":{\"@type\":\"EntryPoint\",\"urlTemplate\":\"https:\/\/bunnyboo.ro\/?s={search_term_string}\"},\"query-input\":\"required name=search_term_string\"}],\"inLanguage\":\"en-US\"},{\"@type\":\"Organization\",\"@id\":\"https:\/\/bunnyboo.ro\/#organization\",\"name\":\"Bunny Boo\",\"url\":\"https:\/\/bunnyboo.ro\/\",\"logo\":{\"@type\":\"ImageObject\",\"inLanguage\":\"en-US\",\"@id\":\"https:\/\/bunnyboo.ro\/#\/schema\/logo\/image\/\",\"url\":\"https:\/\/bunnyboo.ro\/wp-content\/uploads\/2024\/03\/Logo-website-black.png\",\"contentUrl\":\"https:\/\/bunnyboo.ro\/wp-content\/uploads\/2024\/03\/Logo-website-black.png\",\"width\":2422,\"height\":946,\"caption\":\"Bunny Boo\"},\"image\":{\"@id\":\"https:\/\/bunnyboo.ro\/#\/schema\/logo\/image\/\"}}]}<\/script>\n<!-- \/ Yoast SEO plugin. -->","yoast_head_json":{"title":"Geanta din silicon Zoofamily - Bear","robots":{"index":"index","follow":"follow","max-snippet":"max-snippet:-1","max-image-preview":"max-image-preview:large","max-video-preview":"max-video-preview:-1"},"canonical":"https:\/\/bunnyboo.ro\/produs\/geanta-din-silicon-zoofamily-bear\/","og_locale":"en_US","og_type":"article","og_title":"Geanta din silicon Zoofamily - Bear","og_description":"Cel mai bun organizator Zoofamily! Preg\u0103ti\u021bi-v\u0103 s\u0103 v\u0103 proteja\u021bi \u0219i s\u0103 purta\u021bi camerele Zoofamily: walkie talkie cu stil cu \u00eenc\u00e2nt\u0103toarea noastr\u0103 geant\u0103 de silicon Bear! Realizat\u0103 cu grij\u0103, aceast\u0103 geant\u0103 ecologic\u0103 este conceput\u0103 pentru a v\u0103 men\u021bine camerele foto\/walkie talkie \u00een siguran\u021b\u0103. Fabricat\u0103 din silicon de \u00eenalt\u0103 calitate, aceast\u0103 geant\u0103 nu numai c\u0103 prezint\u0103 un [&hellip;]","og_url":"https:\/\/bunnyboo.ro\/produs\/geanta-din-silicon-zoofamily-bear\/","og_site_name":"Bunny Boo","article_modified_time":"2025-02-26T05:52:36+00:00","og_image":[{"width":1500,"height":1500,"url":"https:\/\/bunnyboo.ro\/wp-content\/uploads\/2024\/07\/bearbag.jpg","type":"image\/jpeg"}],"twitter_card":"summary_large_image","twitter_misc":{"Est. reading time":"1 minute"},"schema":{"@context":"https:\/\/schema.org","@graph":[{"@type":"WebPage","@id":"https:\/\/bunnyboo.ro\/produs\/geanta-din-silicon-zoofamily-bear\/","url":"https:\/\/bunnyboo.ro\/produs\/geanta-din-silicon-zoofamily-bear\/","name":"Geanta din silicon Zoofamily - Bear","isPartOf":{"@id":"https:\/\/bunnyboo.ro\/#website"},"primaryImageOfPage":{"@id":"https:\/\/bunnyboo.ro\/produs\/geanta-din-silicon-zoofamily-bear\/#primaryimage"},"image":{"@id":"https:\/\/bunnyboo.ro\/produs\/geanta-din-silicon-zoofamily-bear\/#primaryimage"},"thumbnailUrl":"https:\/\/bunnyboo.ro\/wp-content\/uploads\/2024\/07\/bearbag.jpg","datePublished":"2024-07-08T08:28:16+00:00","dateModified":"2025-02-26T05:52:36+00:00","breadcrumb":{"@id":"https:\/\/bunnyboo.ro\/produs\/geanta-din-silicon-zoofamily-bear\/#breadcrumb"},"inLanguage":"en-US","potentialAction":[{"@type":"ReadAction","target":["https:\/\/bunnyboo.ro\/produs\/geanta-din-silicon-zoofamily-bear\/"]}]},{"@type":"ImageObject","inLanguage":"en-US","@id":"https:\/\/bunnyboo.ro\/produs\/geanta-din-silicon-zoofamily-bear\/#primaryimage","url":"https:\/\/bunnyboo.ro\/wp-content\/uploads\/2024\/07\/bearbag.jpg","contentUrl":"https:\/\/bunnyboo.ro\/wp-content\/uploads\/2024\/07\/bearbag.jpg","width":1500,"height":1500},{"@type":"BreadcrumbList","@id":"https:\/\/bunnyboo.ro\/produs\/geanta-din-silicon-zoofamily-bear\/#breadcrumb","itemListElement":[{"@type":"ListItem","position":1,"name":"Home","item":"https:\/\/bunnyboo.ro\/en\/"},{"@type":"ListItem","position":2,"name":"New","item":"https:\/\/bunnyboo.ro\/en\/shop\/"},{"@type":"ListItem","position":3,"name":"Geanta din silicon Zoofamily &#8211; Bear"}]},{"@type":"WebSite","@id":"https:\/\/bunnyboo.ro\/#website","url":"https:\/\/bunnyboo.ro\/","name":"Bunny Boo","description":"Bunny Boo","publisher":{"@id":"https:\/\/bunnyboo.ro\/#organization"},"potentialAction":[{"@type":"SearchAction","target":{"@type":"EntryPoint","urlTemplate":"https:\/\/bunnyboo.ro\/?s={search_term_string}"},"query-input":"required name=search_term_string"}],"inLanguage":"en-US"},{"@type":"Organization","@id":"https:\/\/bunnyboo.ro\/#organization","name":"Bunny Boo","url":"https:\/\/bunnyboo.ro\/","logo":{"@type":"ImageObject","inLanguage":"en-US","@id":"https:\/\/bunnyboo.ro\/#\/schema\/logo\/image\/","url":"https:\/\/bunnyboo.ro\/wp-content\/uploads\/2024\/03\/Logo-website-black.png","contentUrl":"https:\/\/bunnyboo.ro\/wp-content\/uploads\/2024\/03\/Logo-website-black.png","width":2422,"height":946,"caption":"Bunny Boo"},"image":{"@id":"https:\/\/bunnyboo.ro\/#\/schema\/logo\/image\/"}}]}},"_links":{"self":[{"href":"https:\/\/bunnyboo.ro\/en\/wp-json\/wp\/v2\/product\/27500","targetHints":{"allow":["GET"]}}],"collection":[{"href":"https:\/\/bunnyboo.ro\/en\/wp-json\/wp\/v2\/product"}],"about":[{"href":"https:\/\/bunnyboo.ro\/en\/wp-json\/wp\/v2\/types\/product"}],"replies":[{"embeddable":true,"href":"https:\/\/bunnyboo.ro\/en\/wp-json\/wp\/v2\/comments?post=27500"}],"wp:featuredmedia":[{"embeddable":true,"href":"https:\/\/bunnyboo.ro\/en\/wp-json\/wp\/v2\/media\/27501"}],"wp:attachment":[{"href":"https:\/\/bunnyboo.ro\/en\/wp-json\/wp\/v2\/media?parent=27500"}],"wp:term":[{"taxonomy":"product_brand","embeddable":true,"href":"https:\/\/bunnyboo.ro\/en\/wp-json\/wp\/v2\/product_brand?post=27500"},{"taxonomy":"product_cat","embeddable":true,"href":"https:\/\/bunnyboo.ro\/en\/wp-json\/wp\/v2\/product_cat?post=27500"},{"taxonomy":"product_tag","embeddable":true,"href":"https:\/\/bunnyboo.ro\/en\/wp-json\/wp\/v2\/product_tag?post=27500"}],"curies":[{"name":"wp","href":"https:\/\/api.w.org\/{rel}","templated":true}]}}