{"id":27467,"date":"2024-07-03T12:19:51","date_gmt":"2024-07-03T09:19:51","guid":{"rendered":"https:\/\/bunnyboo.ro\/?post_type=product&#038;p=27467"},"modified":"2026-02-04T14:14:05","modified_gmt":"2026-02-04T12:14:05","slug":"umerase-pentru-copii-falton-pachet-de-8-garden-green-crocodile","status":"publish","type":"product","link":"https:\/\/bunnyboo.ro\/en\/produs\/umerase-pentru-copii-falton-pachet-de-8-garden-green-crocodile\/","title":{"rendered":"Umera\u0219e pentru copii Falton &#8211; pachet de 8 &#8211; Garden Green &#8211; Crocodile"},"content":{"rendered":"<p>Lumineaz\u0103 garderoba copilului t\u0103u cu umerasele juc\u0103u\u0219e Falton, cu detalii fermec\u0103toare de animale. Fabricat din PP reciclat \u0219i cu figurine mici care pot fi \u00eendep\u0103rtate \u0219i \u00eenlocuite pentru personalizare. U\u0219oare \u0219i perfecte pentru afi\u0219are deschis\u0103, astfel \u00eenc\u00e2t copilul s\u0103 se poat\u0103 bucura de un mod distractiv \u0219i creativ de a-\u0219i p\u0103stra hainele organizate.<\/p>\n<p>Umera\u0219e pentru copii cu detalii despre animale<\/p>\n<p>U\u0219oare Fabricat din PP reciclat<\/p>\n<p>Figurile pot fi \u00eendep\u0103rtate \u0219i \u00eenlocuite<\/p>\n<p>Design juc\u0103u\u0219 de utilizat pe afi\u0219aj deschis<\/p>\n<p>Pachet de 8 bucati<\/p>\n<p>Dimensiuni: Diametru (cm) 0,7, Inaltime (cm) 18, Latime (cm) 30,5<\/p>\n<p>&nbsp;<\/p>\n","protected":false},"excerpt":{"rendered":"<p>Lumineaz\u0103 garderoba copilului t\u0103u cu umerasele juc\u0103u\u0219e Falton, cu detalii fermec\u0103toare de animale. Fabricat din PP reciclat \u0219i cu figurine mici care pot fi \u00eendep\u0103rtate \u0219i \u00eenlocuite pentru personalizare. U\u0219oare \u0219i perfecte pentru afi\u0219are deschis\u0103, astfel \u00eenc\u00e2t copilul s\u0103 se poat\u0103 bucura de un mod distractiv \u0219i creativ de a-\u0219i p\u0103stra hainele organizate. Umera\u0219e pentru [&hellip;]<\/p>\n","protected":false},"featured_media":27468,"comment_status":"open","ping_status":"closed","template":"","meta":{"site-sidebar-layout":"default","site-content-layout":"","ast-site-content-layout":"default","site-content-style":"default","site-sidebar-style":"default","ast-global-header-display":"","ast-banner-title-visibility":"","ast-main-header-display":"","ast-hfb-above-header-display":"","ast-hfb-below-header-display":"","ast-hfb-mobile-header-display":"","site-post-title":"","ast-breadcrumbs-content":"","ast-featured-img":"","footer-sml-layout":"","theme-transparent-header-meta":"default","adv-header-id-meta":"","stick-header-meta":"default","header-above-stick-meta":"","header-main-stick-meta":"","header-below-stick-meta":"","astra-migrate-meta-layouts":"set","ast-page-background-enabled":"default","ast-page-background-meta":{"desktop":{"background-color":"","background-image":"","background-repeat":"repeat","background-position":"center center","background-size":"auto","background-attachment":"scroll","background-type":"","background-media":"","overlay-type":"","overlay-color":"","overlay-opacity":"","overlay-gradient":""},"tablet":{"background-color":"","background-image":"","background-repeat":"repeat","background-position":"center center","background-size":"auto","background-attachment":"scroll","background-type":"","background-media":"","overlay-type":"","overlay-color":"","overlay-opacity":"","overlay-gradient":""},"mobile":{"background-color":"","background-image":"","background-repeat":"repeat","background-position":"center center","background-size":"auto","background-attachment":"scroll","background-type":"","background-media":"","overlay-type":"","overlay-color":"","overlay-opacity":"","overlay-gradient":""}},"ast-content-background-meta":{"desktop":{"background-color":"var(--ast-global-color-5)","background-image":"","background-repeat":"repeat","background-position":"center center","background-size":"auto","background-attachment":"scroll","background-type":"","background-media":"","overlay-type":"","overlay-color":"","overlay-opacity":"","overlay-gradient":""},"tablet":{"background-color":"var(--ast-global-color-5)","background-image":"","background-repeat":"repeat","background-position":"center center","background-size":"auto","background-attachment":"scroll","background-type":"","background-media":"","overlay-type":"","overlay-color":"","overlay-opacity":"","overlay-gradient":""},"mobile":{"background-color":"var(--ast-global-color-5)","background-image":"","background-repeat":"repeat","background-position":"center center","background-size":"auto","background-attachment":"scroll","background-type":"","background-media":"","overlay-type":"","overlay-color":"","overlay-opacity":"","overlay-gradient":""}}},"product_brand":[],"product_cat":[65,79,132],"product_tag":[],"class_list":{"0":"post-27467","1":"product","2":"type-product","3":"status-publish","4":"has-post-thumbnail","6":"product_cat-noutati-minunate-pentru-puiul-tau","7":"product_cat-alege-imbracaminte-premium-pentru-puiul-tau","8":"product_cat-reduceri-pentru-tine","9":"desktop-align-left","10":"tablet-align-left","11":"mobile-align-left","12":"ast-product-gallery-layout-horizontal-slider","13":"ast-product-tabs-layout-vertical","14":"ast-qv-on-image","16":"first","17":"instock","18":"sale","19":"shipping-taxable","20":"purchasable","21":"product-type-simple"},"yoast_head":"<!-- This site is optimized with the Yoast SEO plugin v22.6 - https:\/\/yoast.com\/wordpress\/plugins\/seo\/ -->\n<title>Umera\u0219e pentru copii Falton - pachet de 8 - Garden Green - Crocodile<\/title>\n<meta name=\"robots\" content=\"index, follow, max-snippet:-1, max-image-preview:large, max-video-preview:-1\" \/>\n<link rel=\"canonical\" href=\"https:\/\/bunnyboo.ro\/produs\/umerase-pentru-copii-falton-pachet-de-8-garden-green-crocodile\/\" \/>\n<meta property=\"og:locale\" content=\"en_US\" \/>\n<meta property=\"og:type\" content=\"article\" \/>\n<meta property=\"og:title\" content=\"Umera\u0219e pentru copii Falton - pachet de 8 - Garden Green - Crocodile\" \/>\n<meta property=\"og:description\" content=\"Lumineaz\u0103 garderoba copilului t\u0103u cu umerasele juc\u0103u\u0219e Falton, cu detalii fermec\u0103toare de animale. Fabricat din PP reciclat \u0219i cu figurine mici care pot fi \u00eendep\u0103rtate \u0219i \u00eenlocuite pentru personalizare. U\u0219oare \u0219i perfecte pentru afi\u0219are deschis\u0103, astfel \u00eenc\u00e2t copilul s\u0103 se poat\u0103 bucura de un mod distractiv \u0219i creativ de a-\u0219i p\u0103stra hainele organizate. Umera\u0219e pentru [&hellip;]\" \/>\n<meta property=\"og:url\" content=\"https:\/\/bunnyboo.ro\/produs\/umerase-pentru-copii-falton-pachet-de-8-garden-green-crocodile\/\" \/>\n<meta property=\"og:site_name\" content=\"Bunny Boo\" \/>\n<meta property=\"article:modified_time\" content=\"2026-02-04T12:14:05+00:00\" \/>\n<meta property=\"og:image\" content=\"https:\/\/bunnyboo.ro\/wp-content\/uploads\/2024\/07\/umeras-croco-scaled.png\" \/>\n\t<meta property=\"og:image:width\" content=\"2560\" \/>\n\t<meta property=\"og:image:height\" content=\"1514\" \/>\n\t<meta property=\"og:image:type\" content=\"image\/png\" \/>\n<meta name=\"twitter:card\" content=\"summary_large_image\" \/>\n<meta name=\"twitter:label1\" content=\"Est. reading time\" \/>\n\t<meta name=\"twitter:data1\" content=\"1 minute\" \/>\n<script type=\"application\/ld+json\" class=\"yoast-schema-graph\">{\"@context\":\"https:\/\/schema.org\",\"@graph\":[{\"@type\":\"WebPage\",\"@id\":\"https:\/\/bunnyboo.ro\/produs\/umerase-pentru-copii-falton-pachet-de-8-garden-green-crocodile\/\",\"url\":\"https:\/\/bunnyboo.ro\/produs\/umerase-pentru-copii-falton-pachet-de-8-garden-green-crocodile\/\",\"name\":\"Umera\u0219e pentru copii Falton - pachet de 8 - Garden Green - Crocodile\",\"isPartOf\":{\"@id\":\"https:\/\/bunnyboo.ro\/#website\"},\"primaryImageOfPage\":{\"@id\":\"https:\/\/bunnyboo.ro\/produs\/umerase-pentru-copii-falton-pachet-de-8-garden-green-crocodile\/#primaryimage\"},\"image\":{\"@id\":\"https:\/\/bunnyboo.ro\/produs\/umerase-pentru-copii-falton-pachet-de-8-garden-green-crocodile\/#primaryimage\"},\"thumbnailUrl\":\"https:\/\/bunnyboo.ro\/wp-content\/uploads\/2024\/07\/umeras-croco-scaled.png\",\"datePublished\":\"2024-07-03T09:19:51+00:00\",\"dateModified\":\"2026-02-04T12:14:05+00:00\",\"breadcrumb\":{\"@id\":\"https:\/\/bunnyboo.ro\/produs\/umerase-pentru-copii-falton-pachet-de-8-garden-green-crocodile\/#breadcrumb\"},\"inLanguage\":\"en-US\",\"potentialAction\":[{\"@type\":\"ReadAction\",\"target\":[\"https:\/\/bunnyboo.ro\/produs\/umerase-pentru-copii-falton-pachet-de-8-garden-green-crocodile\/\"]}]},{\"@type\":\"ImageObject\",\"inLanguage\":\"en-US\",\"@id\":\"https:\/\/bunnyboo.ro\/produs\/umerase-pentru-copii-falton-pachet-de-8-garden-green-crocodile\/#primaryimage\",\"url\":\"https:\/\/bunnyboo.ro\/wp-content\/uploads\/2024\/07\/umeras-croco-scaled.png\",\"contentUrl\":\"https:\/\/bunnyboo.ro\/wp-content\/uploads\/2024\/07\/umeras-croco-scaled.png\",\"width\":2560,\"height\":1514},{\"@type\":\"BreadcrumbList\",\"@id\":\"https:\/\/bunnyboo.ro\/produs\/umerase-pentru-copii-falton-pachet-de-8-garden-green-crocodile\/#breadcrumb\",\"itemListElement\":[{\"@type\":\"ListItem\",\"position\":1,\"name\":\"Home\",\"item\":\"https:\/\/bunnyboo.ro\/en\/\"},{\"@type\":\"ListItem\",\"position\":2,\"name\":\"New\",\"item\":\"https:\/\/bunnyboo.ro\/en\/shop\/\"},{\"@type\":\"ListItem\",\"position\":3,\"name\":\"Umera\u0219e pentru copii Falton &#8211; pachet de 8 &#8211; Garden Green &#8211; Crocodile\"}]},{\"@type\":\"WebSite\",\"@id\":\"https:\/\/bunnyboo.ro\/#website\",\"url\":\"https:\/\/bunnyboo.ro\/\",\"name\":\"Bunny Boo\",\"description\":\"Bunny Boo\",\"publisher\":{\"@id\":\"https:\/\/bunnyboo.ro\/#organization\"},\"potentialAction\":[{\"@type\":\"SearchAction\",\"target\":{\"@type\":\"EntryPoint\",\"urlTemplate\":\"https:\/\/bunnyboo.ro\/?s={search_term_string}\"},\"query-input\":\"required name=search_term_string\"}],\"inLanguage\":\"en-US\"},{\"@type\":\"Organization\",\"@id\":\"https:\/\/bunnyboo.ro\/#organization\",\"name\":\"Bunny Boo\",\"url\":\"https:\/\/bunnyboo.ro\/\",\"logo\":{\"@type\":\"ImageObject\",\"inLanguage\":\"en-US\",\"@id\":\"https:\/\/bunnyboo.ro\/#\/schema\/logo\/image\/\",\"url\":\"https:\/\/bunnyboo.ro\/wp-content\/uploads\/2024\/03\/Logo-website-black.png\",\"contentUrl\":\"https:\/\/bunnyboo.ro\/wp-content\/uploads\/2024\/03\/Logo-website-black.png\",\"width\":2422,\"height\":946,\"caption\":\"Bunny Boo\"},\"image\":{\"@id\":\"https:\/\/bunnyboo.ro\/#\/schema\/logo\/image\/\"}}]}<\/script>\n<!-- \/ Yoast SEO plugin. -->","yoast_head_json":{"title":"Umera\u0219e pentru copii Falton - pachet de 8 - Garden Green - Crocodile","robots":{"index":"index","follow":"follow","max-snippet":"max-snippet:-1","max-image-preview":"max-image-preview:large","max-video-preview":"max-video-preview:-1"},"canonical":"https:\/\/bunnyboo.ro\/produs\/umerase-pentru-copii-falton-pachet-de-8-garden-green-crocodile\/","og_locale":"en_US","og_type":"article","og_title":"Umera\u0219e pentru copii Falton - pachet de 8 - Garden Green - Crocodile","og_description":"Lumineaz\u0103 garderoba copilului t\u0103u cu umerasele juc\u0103u\u0219e Falton, cu detalii fermec\u0103toare de animale. Fabricat din PP reciclat \u0219i cu figurine mici care pot fi \u00eendep\u0103rtate \u0219i \u00eenlocuite pentru personalizare. U\u0219oare \u0219i perfecte pentru afi\u0219are deschis\u0103, astfel \u00eenc\u00e2t copilul s\u0103 se poat\u0103 bucura de un mod distractiv \u0219i creativ de a-\u0219i p\u0103stra hainele organizate. Umera\u0219e pentru [&hellip;]","og_url":"https:\/\/bunnyboo.ro\/produs\/umerase-pentru-copii-falton-pachet-de-8-garden-green-crocodile\/","og_site_name":"Bunny Boo","article_modified_time":"2026-02-04T12:14:05+00:00","og_image":[{"width":2560,"height":1514,"url":"https:\/\/bunnyboo.ro\/wp-content\/uploads\/2024\/07\/umeras-croco-scaled.png","type":"image\/png"}],"twitter_card":"summary_large_image","twitter_misc":{"Est. reading time":"1 minute"},"schema":{"@context":"https:\/\/schema.org","@graph":[{"@type":"WebPage","@id":"https:\/\/bunnyboo.ro\/produs\/umerase-pentru-copii-falton-pachet-de-8-garden-green-crocodile\/","url":"https:\/\/bunnyboo.ro\/produs\/umerase-pentru-copii-falton-pachet-de-8-garden-green-crocodile\/","name":"Umera\u0219e pentru copii Falton - pachet de 8 - Garden Green - Crocodile","isPartOf":{"@id":"https:\/\/bunnyboo.ro\/#website"},"primaryImageOfPage":{"@id":"https:\/\/bunnyboo.ro\/produs\/umerase-pentru-copii-falton-pachet-de-8-garden-green-crocodile\/#primaryimage"},"image":{"@id":"https:\/\/bunnyboo.ro\/produs\/umerase-pentru-copii-falton-pachet-de-8-garden-green-crocodile\/#primaryimage"},"thumbnailUrl":"https:\/\/bunnyboo.ro\/wp-content\/uploads\/2024\/07\/umeras-croco-scaled.png","datePublished":"2024-07-03T09:19:51+00:00","dateModified":"2026-02-04T12:14:05+00:00","breadcrumb":{"@id":"https:\/\/bunnyboo.ro\/produs\/umerase-pentru-copii-falton-pachet-de-8-garden-green-crocodile\/#breadcrumb"},"inLanguage":"en-US","potentialAction":[{"@type":"ReadAction","target":["https:\/\/bunnyboo.ro\/produs\/umerase-pentru-copii-falton-pachet-de-8-garden-green-crocodile\/"]}]},{"@type":"ImageObject","inLanguage":"en-US","@id":"https:\/\/bunnyboo.ro\/produs\/umerase-pentru-copii-falton-pachet-de-8-garden-green-crocodile\/#primaryimage","url":"https:\/\/bunnyboo.ro\/wp-content\/uploads\/2024\/07\/umeras-croco-scaled.png","contentUrl":"https:\/\/bunnyboo.ro\/wp-content\/uploads\/2024\/07\/umeras-croco-scaled.png","width":2560,"height":1514},{"@type":"BreadcrumbList","@id":"https:\/\/bunnyboo.ro\/produs\/umerase-pentru-copii-falton-pachet-de-8-garden-green-crocodile\/#breadcrumb","itemListElement":[{"@type":"ListItem","position":1,"name":"Home","item":"https:\/\/bunnyboo.ro\/en\/"},{"@type":"ListItem","position":2,"name":"New","item":"https:\/\/bunnyboo.ro\/en\/shop\/"},{"@type":"ListItem","position":3,"name":"Umera\u0219e pentru copii Falton &#8211; pachet de 8 &#8211; Garden Green &#8211; Crocodile"}]},{"@type":"WebSite","@id":"https:\/\/bunnyboo.ro\/#website","url":"https:\/\/bunnyboo.ro\/","name":"Bunny Boo","description":"Bunny Boo","publisher":{"@id":"https:\/\/bunnyboo.ro\/#organization"},"potentialAction":[{"@type":"SearchAction","target":{"@type":"EntryPoint","urlTemplate":"https:\/\/bunnyboo.ro\/?s={search_term_string}"},"query-input":"required name=search_term_string"}],"inLanguage":"en-US"},{"@type":"Organization","@id":"https:\/\/bunnyboo.ro\/#organization","name":"Bunny Boo","url":"https:\/\/bunnyboo.ro\/","logo":{"@type":"ImageObject","inLanguage":"en-US","@id":"https:\/\/bunnyboo.ro\/#\/schema\/logo\/image\/","url":"https:\/\/bunnyboo.ro\/wp-content\/uploads\/2024\/03\/Logo-website-black.png","contentUrl":"https:\/\/bunnyboo.ro\/wp-content\/uploads\/2024\/03\/Logo-website-black.png","width":2422,"height":946,"caption":"Bunny Boo"},"image":{"@id":"https:\/\/bunnyboo.ro\/#\/schema\/logo\/image\/"}}]}},"_links":{"self":[{"href":"https:\/\/bunnyboo.ro\/en\/wp-json\/wp\/v2\/product\/27467","targetHints":{"allow":["GET"]}}],"collection":[{"href":"https:\/\/bunnyboo.ro\/en\/wp-json\/wp\/v2\/product"}],"about":[{"href":"https:\/\/bunnyboo.ro\/en\/wp-json\/wp\/v2\/types\/product"}],"replies":[{"embeddable":true,"href":"https:\/\/bunnyboo.ro\/en\/wp-json\/wp\/v2\/comments?post=27467"}],"wp:featuredmedia":[{"embeddable":true,"href":"https:\/\/bunnyboo.ro\/en\/wp-json\/wp\/v2\/media\/27468"}],"wp:attachment":[{"href":"https:\/\/bunnyboo.ro\/en\/wp-json\/wp\/v2\/media?parent=27467"}],"wp:term":[{"taxonomy":"product_brand","embeddable":true,"href":"https:\/\/bunnyboo.ro\/en\/wp-json\/wp\/v2\/product_brand?post=27467"},{"taxonomy":"product_cat","embeddable":true,"href":"https:\/\/bunnyboo.ro\/en\/wp-json\/wp\/v2\/product_cat?post=27467"},{"taxonomy":"product_tag","embeddable":true,"href":"https:\/\/bunnyboo.ro\/en\/wp-json\/wp\/v2\/product_tag?post=27467"}],"curies":[{"name":"wp","href":"https:\/\/api.w.org\/{rel}","templated":true}]}}