{"id":27444,"date":"2024-07-03T12:00:36","date_gmt":"2024-07-03T09:00:36","guid":{"rendered":"https:\/\/bunnyboo.ro\/?post_type=product&#038;p=27444"},"modified":"2026-02-10T23:30:30","modified_gmt":"2026-02-10T21:30:30","slug":"cutie-pentru-servetele-umede-emi-sandy","status":"publish","type":"product","link":"https:\/\/bunnyboo.ro\/en\/produs\/cutie-pentru-servetele-umede-emi-sandy\/","title":{"rendered":"Cutie pentru \u0219erve\u021bele umede Emi &#8211; Sandy"},"content":{"rendered":"<p>O cutie din silicon, placut\u0103 la atingere pentru a ascunde pachetele de \u0219erve\u021bele umede pe masa de \u00eenf\u0103\u0219at sau \u00een toat\u0103 casa ta.<\/p>\n<p>Forma perfect\u0103, cu urechi dr\u0103gu\u021be de urs, husa Emi are o deschidere mic\u0103 \u00een partea de sus, asigur\u00e2nd o distribuire u\u0219oar\u0103 \u0219i p\u0103str\u00e2nd \u0219erve\u021belele umede.<\/p>\n<p>Material: 100% silicon<\/p>\n<p>Dimensiuni: \u00cen\u0103l\u021bime (cm) 6,2, L\u0103\u021bime (cm) 12, Lungime (cm) 19<\/p>\n","protected":false},"excerpt":{"rendered":"<p>O cutie din silicon, placut\u0103 la atingere pentru a ascunde pachetele de \u0219erve\u021bele umede pe masa de \u00eenf\u0103\u0219at sau \u00een toat\u0103 casa ta. Forma perfect\u0103, cu urechi dr\u0103gu\u021be de urs, husa Emi are o deschidere mic\u0103 \u00een partea de sus, asigur\u00e2nd o distribuire u\u0219oar\u0103 \u0219i p\u0103str\u00e2nd \u0219erve\u021belele umede. Material: 100% silicon Dimensiuni: \u00cen\u0103l\u021bime (cm) 6,2, [&hellip;]<\/p>\n","protected":false},"featured_media":27445,"comment_status":"open","ping_status":"closed","template":"","meta":{"site-sidebar-layout":"default","site-content-layout":"","ast-site-content-layout":"default","site-content-style":"default","site-sidebar-style":"default","ast-global-header-display":"","ast-banner-title-visibility":"","ast-main-header-display":"","ast-hfb-above-header-display":"","ast-hfb-below-header-display":"","ast-hfb-mobile-header-display":"","site-post-title":"","ast-breadcrumbs-content":"","ast-featured-img":"","footer-sml-layout":"","theme-transparent-header-meta":"default","adv-header-id-meta":"","stick-header-meta":"default","header-above-stick-meta":"","header-main-stick-meta":"","header-below-stick-meta":"","astra-migrate-meta-layouts":"set","ast-page-background-enabled":"default","ast-page-background-meta":{"desktop":{"background-color":"","background-image":"","background-repeat":"repeat","background-position":"center center","background-size":"auto","background-attachment":"scroll","background-type":"","background-media":"","overlay-type":"","overlay-color":"","overlay-opacity":"","overlay-gradient":""},"tablet":{"background-color":"","background-image":"","background-repeat":"repeat","background-position":"center center","background-size":"auto","background-attachment":"scroll","background-type":"","background-media":"","overlay-type":"","overlay-color":"","overlay-opacity":"","overlay-gradient":""},"mobile":{"background-color":"","background-image":"","background-repeat":"repeat","background-position":"center center","background-size":"auto","background-attachment":"scroll","background-type":"","background-media":"","overlay-type":"","overlay-color":"","overlay-opacity":"","overlay-gradient":""}},"ast-content-background-meta":{"desktop":{"background-color":"var(--ast-global-color-5)","background-image":"","background-repeat":"repeat","background-position":"center center","background-size":"auto","background-attachment":"scroll","background-type":"","background-media":"","overlay-type":"","overlay-color":"","overlay-opacity":"","overlay-gradient":""},"tablet":{"background-color":"var(--ast-global-color-5)","background-image":"","background-repeat":"repeat","background-position":"center center","background-size":"auto","background-attachment":"scroll","background-type":"","background-media":"","overlay-type":"","overlay-color":"","overlay-opacity":"","overlay-gradient":""},"mobile":{"background-color":"var(--ast-global-color-5)","background-image":"","background-repeat":"repeat","background-position":"center center","background-size":"auto","background-attachment":"scroll","background-type":"","background-media":"","overlay-type":"","overlay-color":"","overlay-opacity":"","overlay-gradient":""}}},"product_brand":[],"product_cat":[65,86,127,130,132],"product_tag":[],"class_list":{"0":"post-27444","1":"product","2":"type-product","3":"status-publish","4":"has-post-thumbnail","6":"product_cat-noutati-minunate-pentru-puiul-tau","7":"product_cat-ingrijire-pentru-puiul-tau-mic","8":"product_cat-ingrijire-pentru-puiul-tau","9":"product_cat-articole-pentru-masa-esentiale-puiului-tau-mic","10":"product_cat-reduceri-pentru-tine","11":"desktop-align-left","12":"tablet-align-left","13":"mobile-align-left","14":"ast-product-gallery-layout-horizontal-slider","15":"ast-product-tabs-layout-vertical","16":"ast-qv-on-image","18":"first","19":"instock","20":"sale","21":"shipping-taxable","22":"purchasable","23":"product-type-simple"},"yoast_head":"<!-- This site is optimized with the Yoast SEO plugin v22.6 - https:\/\/yoast.com\/wordpress\/plugins\/seo\/ -->\n<title>Cutie pentru \u0219erve\u021bele umede Emi - Sandy<\/title>\n<meta name=\"robots\" content=\"index, follow, max-snippet:-1, max-image-preview:large, max-video-preview:-1\" \/>\n<link rel=\"canonical\" href=\"https:\/\/bunnyboo.ro\/produs\/cutie-pentru-servetele-umede-emi-sandy\/\" \/>\n<meta property=\"og:locale\" content=\"en_US\" \/>\n<meta property=\"og:type\" content=\"article\" \/>\n<meta property=\"og:title\" content=\"Cutie pentru \u0219erve\u021bele umede Emi - Sandy\" \/>\n<meta property=\"og:description\" content=\"O cutie din silicon, placut\u0103 la atingere pentru a ascunde pachetele de \u0219erve\u021bele umede pe masa de \u00eenf\u0103\u0219at sau \u00een toat\u0103 casa ta. Forma perfect\u0103, cu urechi dr\u0103gu\u021be de urs, husa Emi are o deschidere mic\u0103 \u00een partea de sus, asigur\u00e2nd o distribuire u\u0219oar\u0103 \u0219i p\u0103str\u00e2nd \u0219erve\u021belele umede. Material: 100% silicon Dimensiuni: \u00cen\u0103l\u021bime (cm) 6,2, [&hellip;]\" \/>\n<meta property=\"og:url\" content=\"https:\/\/bunnyboo.ro\/produs\/cutie-pentru-servetele-umede-emi-sandy\/\" \/>\n<meta property=\"og:site_name\" content=\"Bunny Boo\" \/>\n<meta property=\"article:modified_time\" content=\"2026-02-10T21:30:30+00:00\" \/>\n<meta property=\"og:image\" content=\"https:\/\/bunnyboo.ro\/wp-content\/uploads\/2024\/07\/Emi-Wet-Wipes-Cover_LW12999_5060_Sandy_Pack_1.png\" \/>\n\t<meta property=\"og:image:width\" content=\"2000\" \/>\n\t<meta property=\"og:image:height\" content=\"2000\" \/>\n\t<meta property=\"og:image:type\" content=\"image\/png\" \/>\n<meta name=\"twitter:card\" content=\"summary_large_image\" \/>\n<script type=\"application\/ld+json\" class=\"yoast-schema-graph\">{\"@context\":\"https:\/\/schema.org\",\"@graph\":[{\"@type\":\"WebPage\",\"@id\":\"https:\/\/bunnyboo.ro\/produs\/cutie-pentru-servetele-umede-emi-sandy\/\",\"url\":\"https:\/\/bunnyboo.ro\/produs\/cutie-pentru-servetele-umede-emi-sandy\/\",\"name\":\"Cutie pentru \u0219erve\u021bele umede Emi - Sandy\",\"isPartOf\":{\"@id\":\"https:\/\/bunnyboo.ro\/#website\"},\"primaryImageOfPage\":{\"@id\":\"https:\/\/bunnyboo.ro\/produs\/cutie-pentru-servetele-umede-emi-sandy\/#primaryimage\"},\"image\":{\"@id\":\"https:\/\/bunnyboo.ro\/produs\/cutie-pentru-servetele-umede-emi-sandy\/#primaryimage\"},\"thumbnailUrl\":\"https:\/\/bunnyboo.ro\/wp-content\/uploads\/2024\/07\/Emi-Wet-Wipes-Cover_LW12999_5060_Sandy_Pack_1.png\",\"datePublished\":\"2024-07-03T09:00:36+00:00\",\"dateModified\":\"2026-02-10T21:30:30+00:00\",\"breadcrumb\":{\"@id\":\"https:\/\/bunnyboo.ro\/produs\/cutie-pentru-servetele-umede-emi-sandy\/#breadcrumb\"},\"inLanguage\":\"en-US\",\"potentialAction\":[{\"@type\":\"ReadAction\",\"target\":[\"https:\/\/bunnyboo.ro\/produs\/cutie-pentru-servetele-umede-emi-sandy\/\"]}]},{\"@type\":\"ImageObject\",\"inLanguage\":\"en-US\",\"@id\":\"https:\/\/bunnyboo.ro\/produs\/cutie-pentru-servetele-umede-emi-sandy\/#primaryimage\",\"url\":\"https:\/\/bunnyboo.ro\/wp-content\/uploads\/2024\/07\/Emi-Wet-Wipes-Cover_LW12999_5060_Sandy_Pack_1.png\",\"contentUrl\":\"https:\/\/bunnyboo.ro\/wp-content\/uploads\/2024\/07\/Emi-Wet-Wipes-Cover_LW12999_5060_Sandy_Pack_1.png\",\"width\":2000,\"height\":2000},{\"@type\":\"BreadcrumbList\",\"@id\":\"https:\/\/bunnyboo.ro\/produs\/cutie-pentru-servetele-umede-emi-sandy\/#breadcrumb\",\"itemListElement\":[{\"@type\":\"ListItem\",\"position\":1,\"name\":\"Home\",\"item\":\"https:\/\/bunnyboo.ro\/en\/\"},{\"@type\":\"ListItem\",\"position\":2,\"name\":\"New\",\"item\":\"https:\/\/bunnyboo.ro\/en\/shop\/\"},{\"@type\":\"ListItem\",\"position\":3,\"name\":\"Cutie pentru \u0219erve\u021bele umede Emi &#8211; Sandy\"}]},{\"@type\":\"WebSite\",\"@id\":\"https:\/\/bunnyboo.ro\/#website\",\"url\":\"https:\/\/bunnyboo.ro\/\",\"name\":\"Bunny Boo\",\"description\":\"Bunny Boo\",\"publisher\":{\"@id\":\"https:\/\/bunnyboo.ro\/#organization\"},\"potentialAction\":[{\"@type\":\"SearchAction\",\"target\":{\"@type\":\"EntryPoint\",\"urlTemplate\":\"https:\/\/bunnyboo.ro\/?s={search_term_string}\"},\"query-input\":\"required name=search_term_string\"}],\"inLanguage\":\"en-US\"},{\"@type\":\"Organization\",\"@id\":\"https:\/\/bunnyboo.ro\/#organization\",\"name\":\"Bunny Boo\",\"url\":\"https:\/\/bunnyboo.ro\/\",\"logo\":{\"@type\":\"ImageObject\",\"inLanguage\":\"en-US\",\"@id\":\"https:\/\/bunnyboo.ro\/#\/schema\/logo\/image\/\",\"url\":\"https:\/\/bunnyboo.ro\/wp-content\/uploads\/2024\/03\/Logo-website-black.png\",\"contentUrl\":\"https:\/\/bunnyboo.ro\/wp-content\/uploads\/2024\/03\/Logo-website-black.png\",\"width\":2422,\"height\":946,\"caption\":\"Bunny Boo\"},\"image\":{\"@id\":\"https:\/\/bunnyboo.ro\/#\/schema\/logo\/image\/\"}}]}<\/script>\n<!-- \/ Yoast SEO plugin. -->","yoast_head_json":{"title":"Cutie pentru \u0219erve\u021bele umede Emi - Sandy","robots":{"index":"index","follow":"follow","max-snippet":"max-snippet:-1","max-image-preview":"max-image-preview:large","max-video-preview":"max-video-preview:-1"},"canonical":"https:\/\/bunnyboo.ro\/produs\/cutie-pentru-servetele-umede-emi-sandy\/","og_locale":"en_US","og_type":"article","og_title":"Cutie pentru \u0219erve\u021bele umede Emi - Sandy","og_description":"O cutie din silicon, placut\u0103 la atingere pentru a ascunde pachetele de \u0219erve\u021bele umede pe masa de \u00eenf\u0103\u0219at sau \u00een toat\u0103 casa ta. Forma perfect\u0103, cu urechi dr\u0103gu\u021be de urs, husa Emi are o deschidere mic\u0103 \u00een partea de sus, asigur\u00e2nd o distribuire u\u0219oar\u0103 \u0219i p\u0103str\u00e2nd \u0219erve\u021belele umede. Material: 100% silicon Dimensiuni: \u00cen\u0103l\u021bime (cm) 6,2, [&hellip;]","og_url":"https:\/\/bunnyboo.ro\/produs\/cutie-pentru-servetele-umede-emi-sandy\/","og_site_name":"Bunny Boo","article_modified_time":"2026-02-10T21:30:30+00:00","og_image":[{"width":2000,"height":2000,"url":"https:\/\/bunnyboo.ro\/wp-content\/uploads\/2024\/07\/Emi-Wet-Wipes-Cover_LW12999_5060_Sandy_Pack_1.png","type":"image\/png"}],"twitter_card":"summary_large_image","schema":{"@context":"https:\/\/schema.org","@graph":[{"@type":"WebPage","@id":"https:\/\/bunnyboo.ro\/produs\/cutie-pentru-servetele-umede-emi-sandy\/","url":"https:\/\/bunnyboo.ro\/produs\/cutie-pentru-servetele-umede-emi-sandy\/","name":"Cutie pentru \u0219erve\u021bele umede Emi - Sandy","isPartOf":{"@id":"https:\/\/bunnyboo.ro\/#website"},"primaryImageOfPage":{"@id":"https:\/\/bunnyboo.ro\/produs\/cutie-pentru-servetele-umede-emi-sandy\/#primaryimage"},"image":{"@id":"https:\/\/bunnyboo.ro\/produs\/cutie-pentru-servetele-umede-emi-sandy\/#primaryimage"},"thumbnailUrl":"https:\/\/bunnyboo.ro\/wp-content\/uploads\/2024\/07\/Emi-Wet-Wipes-Cover_LW12999_5060_Sandy_Pack_1.png","datePublished":"2024-07-03T09:00:36+00:00","dateModified":"2026-02-10T21:30:30+00:00","breadcrumb":{"@id":"https:\/\/bunnyboo.ro\/produs\/cutie-pentru-servetele-umede-emi-sandy\/#breadcrumb"},"inLanguage":"en-US","potentialAction":[{"@type":"ReadAction","target":["https:\/\/bunnyboo.ro\/produs\/cutie-pentru-servetele-umede-emi-sandy\/"]}]},{"@type":"ImageObject","inLanguage":"en-US","@id":"https:\/\/bunnyboo.ro\/produs\/cutie-pentru-servetele-umede-emi-sandy\/#primaryimage","url":"https:\/\/bunnyboo.ro\/wp-content\/uploads\/2024\/07\/Emi-Wet-Wipes-Cover_LW12999_5060_Sandy_Pack_1.png","contentUrl":"https:\/\/bunnyboo.ro\/wp-content\/uploads\/2024\/07\/Emi-Wet-Wipes-Cover_LW12999_5060_Sandy_Pack_1.png","width":2000,"height":2000},{"@type":"BreadcrumbList","@id":"https:\/\/bunnyboo.ro\/produs\/cutie-pentru-servetele-umede-emi-sandy\/#breadcrumb","itemListElement":[{"@type":"ListItem","position":1,"name":"Home","item":"https:\/\/bunnyboo.ro\/en\/"},{"@type":"ListItem","position":2,"name":"New","item":"https:\/\/bunnyboo.ro\/en\/shop\/"},{"@type":"ListItem","position":3,"name":"Cutie pentru \u0219erve\u021bele umede Emi &#8211; Sandy"}]},{"@type":"WebSite","@id":"https:\/\/bunnyboo.ro\/#website","url":"https:\/\/bunnyboo.ro\/","name":"Bunny Boo","description":"Bunny Boo","publisher":{"@id":"https:\/\/bunnyboo.ro\/#organization"},"potentialAction":[{"@type":"SearchAction","target":{"@type":"EntryPoint","urlTemplate":"https:\/\/bunnyboo.ro\/?s={search_term_string}"},"query-input":"required name=search_term_string"}],"inLanguage":"en-US"},{"@type":"Organization","@id":"https:\/\/bunnyboo.ro\/#organization","name":"Bunny Boo","url":"https:\/\/bunnyboo.ro\/","logo":{"@type":"ImageObject","inLanguage":"en-US","@id":"https:\/\/bunnyboo.ro\/#\/schema\/logo\/image\/","url":"https:\/\/bunnyboo.ro\/wp-content\/uploads\/2024\/03\/Logo-website-black.png","contentUrl":"https:\/\/bunnyboo.ro\/wp-content\/uploads\/2024\/03\/Logo-website-black.png","width":2422,"height":946,"caption":"Bunny Boo"},"image":{"@id":"https:\/\/bunnyboo.ro\/#\/schema\/logo\/image\/"}}]}},"_links":{"self":[{"href":"https:\/\/bunnyboo.ro\/en\/wp-json\/wp\/v2\/product\/27444","targetHints":{"allow":["GET"]}}],"collection":[{"href":"https:\/\/bunnyboo.ro\/en\/wp-json\/wp\/v2\/product"}],"about":[{"href":"https:\/\/bunnyboo.ro\/en\/wp-json\/wp\/v2\/types\/product"}],"replies":[{"embeddable":true,"href":"https:\/\/bunnyboo.ro\/en\/wp-json\/wp\/v2\/comments?post=27444"}],"wp:featuredmedia":[{"embeddable":true,"href":"https:\/\/bunnyboo.ro\/en\/wp-json\/wp\/v2\/media\/27445"}],"wp:attachment":[{"href":"https:\/\/bunnyboo.ro\/en\/wp-json\/wp\/v2\/media?parent=27444"}],"wp:term":[{"taxonomy":"product_brand","embeddable":true,"href":"https:\/\/bunnyboo.ro\/en\/wp-json\/wp\/v2\/product_brand?post=27444"},{"taxonomy":"product_cat","embeddable":true,"href":"https:\/\/bunnyboo.ro\/en\/wp-json\/wp\/v2\/product_cat?post=27444"},{"taxonomy":"product_tag","embeddable":true,"href":"https:\/\/bunnyboo.ro\/en\/wp-json\/wp\/v2\/product_tag?post=27444"}],"curies":[{"name":"wp","href":"https:\/\/api.w.org\/{rel}","templated":true}]}}