{"id":27436,"date":"2024-07-03T11:47:14","date_gmt":"2024-07-03T08:47:14","guid":{"rendered":"https:\/\/bunnyboo.ro\/?post_type=product&#038;p=27436"},"modified":"2026-02-04T14:14:32","modified_gmt":"2026-02-04T12:14:32","slug":"olita-jonatan-sandy","status":"publish","type":"product","link":"https:\/\/bunnyboo.ro\/en\/produs\/olita-jonatan-sandy\/","title":{"rendered":"Oli\u021b\u0103 Jonatan &#8211; Sandy"},"content":{"rendered":"<p>Jonatan Potty este o oli\u021ba practic\u0103, u\u0219or de cur\u0103\u021bat, cu un design minimalist.<\/p>\n<p>Ap\u0103r\u0103tor \u00eempotriva stropilor<\/p>\n<p>Decupat\u0103 in fa\u021b\u0103 \u0219i spate pentru a u\u0219ura manipularea<\/p>\n<p>Produsul sustine o greutate maxim\u0103 de 100 kg<\/p>\n<p>Pentru a \u00eembun\u0103t\u0103\u021bi durabilitatea \u0219i stabilitatea produsului, acest articol con\u021bine un con\u021binut mai mare de melamin\u0103.<\/p>\n<p>Material: 60% melamina, 30% bambus si 10% pudra de porumb<\/p>\n<p>Dimensiuni: Inaltime (cm) 19, Latime (cm) 21, Lungime (cm) 28<\/p>\n<p>&nbsp;<\/p>\n","protected":false},"excerpt":{"rendered":"<p>Jonatan Potty este o oli\u021ba practic\u0103, u\u0219or de cur\u0103\u021bat, cu un design minimalist. Ap\u0103r\u0103tor \u00eempotriva stropilor Decupat\u0103 in fa\u021b\u0103 \u0219i spate pentru a u\u0219ura manipularea Produsul sustine o greutate maxim\u0103 de 100 kg Pentru a \u00eembun\u0103t\u0103\u021bi durabilitatea \u0219i stabilitatea produsului, acest articol con\u021bine un con\u021binut mai mare de melamin\u0103. Material: 60% melamina, 30% bambus si [&hellip;]<\/p>\n","protected":false},"featured_media":27437,"comment_status":"open","ping_status":"closed","template":"","meta":{"site-sidebar-layout":"default","site-content-layout":"","ast-site-content-layout":"default","site-content-style":"default","site-sidebar-style":"default","ast-global-header-display":"","ast-banner-title-visibility":"","ast-main-header-display":"","ast-hfb-above-header-display":"","ast-hfb-below-header-display":"","ast-hfb-mobile-header-display":"","site-post-title":"","ast-breadcrumbs-content":"","ast-featured-img":"","footer-sml-layout":"","theme-transparent-header-meta":"default","adv-header-id-meta":"","stick-header-meta":"default","header-above-stick-meta":"","header-main-stick-meta":"","header-below-stick-meta":"","astra-migrate-meta-layouts":"set","ast-page-background-enabled":"default","ast-page-background-meta":{"desktop":{"background-color":"","background-image":"","background-repeat":"repeat","background-position":"center center","background-size":"auto","background-attachment":"scroll","background-type":"","background-media":"","overlay-type":"","overlay-color":"","overlay-opacity":"","overlay-gradient":""},"tablet":{"background-color":"","background-image":"","background-repeat":"repeat","background-position":"center center","background-size":"auto","background-attachment":"scroll","background-type":"","background-media":"","overlay-type":"","overlay-color":"","overlay-opacity":"","overlay-gradient":""},"mobile":{"background-color":"","background-image":"","background-repeat":"repeat","background-position":"center center","background-size":"auto","background-attachment":"scroll","background-type":"","background-media":"","overlay-type":"","overlay-color":"","overlay-opacity":"","overlay-gradient":""}},"ast-content-background-meta":{"desktop":{"background-color":"var(--ast-global-color-5)","background-image":"","background-repeat":"repeat","background-position":"center center","background-size":"auto","background-attachment":"scroll","background-type":"","background-media":"","overlay-type":"","overlay-color":"","overlay-opacity":"","overlay-gradient":""},"tablet":{"background-color":"var(--ast-global-color-5)","background-image":"","background-repeat":"repeat","background-position":"center center","background-size":"auto","background-attachment":"scroll","background-type":"","background-media":"","overlay-type":"","overlay-color":"","overlay-opacity":"","overlay-gradient":""},"mobile":{"background-color":"var(--ast-global-color-5)","background-image":"","background-repeat":"repeat","background-position":"center center","background-size":"auto","background-attachment":"scroll","background-type":"","background-media":"","overlay-type":"","overlay-color":"","overlay-opacity":"","overlay-gradient":""}}},"product_brand":[],"product_cat":[65,86,130,132],"product_tag":[],"class_list":{"0":"post-27436","1":"product","2":"type-product","3":"status-publish","4":"has-post-thumbnail","6":"product_cat-noutati-minunate-pentru-puiul-tau","7":"product_cat-ingrijire-pentru-puiul-tau-mic","8":"product_cat-articole-pentru-masa-esentiale-puiului-tau-mic","9":"product_cat-reduceri-pentru-tine","10":"desktop-align-left","11":"tablet-align-left","12":"mobile-align-left","13":"ast-product-gallery-layout-horizontal-slider","14":"ast-product-tabs-layout-vertical","15":"ast-qv-on-image","17":"first","18":"instock","19":"sale","20":"shipping-taxable","21":"purchasable","22":"product-type-simple"},"yoast_head":"<!-- This site is optimized with the Yoast SEO plugin v22.6 - https:\/\/yoast.com\/wordpress\/plugins\/seo\/ -->\n<title>Oli\u021b\u0103 Jonatan - Sandy<\/title>\n<meta name=\"robots\" content=\"index, follow, max-snippet:-1, max-image-preview:large, max-video-preview:-1\" \/>\n<link rel=\"canonical\" href=\"https:\/\/bunnyboo.ro\/produs\/olita-jonatan-sandy\/\" \/>\n<meta property=\"og:locale\" content=\"en_US\" \/>\n<meta property=\"og:type\" content=\"article\" \/>\n<meta property=\"og:title\" content=\"Oli\u021b\u0103 Jonatan - Sandy\" \/>\n<meta property=\"og:description\" content=\"Jonatan Potty este o oli\u021ba practic\u0103, u\u0219or de cur\u0103\u021bat, cu un design minimalist. Ap\u0103r\u0103tor \u00eempotriva stropilor Decupat\u0103 in fa\u021b\u0103 \u0219i spate pentru a u\u0219ura manipularea Produsul sustine o greutate maxim\u0103 de 100 kg Pentru a \u00eembun\u0103t\u0103\u021bi durabilitatea \u0219i stabilitatea produsului, acest articol con\u021bine un con\u021binut mai mare de melamin\u0103. Material: 60% melamina, 30% bambus si [&hellip;]\" \/>\n<meta property=\"og:url\" content=\"https:\/\/bunnyboo.ro\/produs\/olita-jonatan-sandy\/\" \/>\n<meta property=\"og:site_name\" content=\"Bunny Boo\" \/>\n<meta property=\"article:modified_time\" content=\"2026-02-04T12:14:32+00:00\" \/>\n<meta property=\"og:image\" content=\"https:\/\/bunnyboo.ro\/wp-content\/uploads\/2024\/07\/Jonatan_Potty_LW12976_5060_Sandy_1-scaled.png\" \/>\n\t<meta property=\"og:image:width\" content=\"2560\" \/>\n\t<meta property=\"og:image:height\" content=\"2066\" \/>\n\t<meta property=\"og:image:type\" content=\"image\/png\" \/>\n<meta name=\"twitter:card\" content=\"summary_large_image\" \/>\n<script type=\"application\/ld+json\" class=\"yoast-schema-graph\">{\"@context\":\"https:\/\/schema.org\",\"@graph\":[{\"@type\":\"WebPage\",\"@id\":\"https:\/\/bunnyboo.ro\/produs\/olita-jonatan-sandy\/\",\"url\":\"https:\/\/bunnyboo.ro\/produs\/olita-jonatan-sandy\/\",\"name\":\"Oli\u021b\u0103 Jonatan - Sandy\",\"isPartOf\":{\"@id\":\"https:\/\/bunnyboo.ro\/#website\"},\"primaryImageOfPage\":{\"@id\":\"https:\/\/bunnyboo.ro\/produs\/olita-jonatan-sandy\/#primaryimage\"},\"image\":{\"@id\":\"https:\/\/bunnyboo.ro\/produs\/olita-jonatan-sandy\/#primaryimage\"},\"thumbnailUrl\":\"https:\/\/bunnyboo.ro\/wp-content\/uploads\/2024\/07\/Jonatan_Potty_LW12976_5060_Sandy_1-scaled.png\",\"datePublished\":\"2024-07-03T08:47:14+00:00\",\"dateModified\":\"2026-02-04T12:14:32+00:00\",\"breadcrumb\":{\"@id\":\"https:\/\/bunnyboo.ro\/produs\/olita-jonatan-sandy\/#breadcrumb\"},\"inLanguage\":\"en-US\",\"potentialAction\":[{\"@type\":\"ReadAction\",\"target\":[\"https:\/\/bunnyboo.ro\/produs\/olita-jonatan-sandy\/\"]}]},{\"@type\":\"ImageObject\",\"inLanguage\":\"en-US\",\"@id\":\"https:\/\/bunnyboo.ro\/produs\/olita-jonatan-sandy\/#primaryimage\",\"url\":\"https:\/\/bunnyboo.ro\/wp-content\/uploads\/2024\/07\/Jonatan_Potty_LW12976_5060_Sandy_1-scaled.png\",\"contentUrl\":\"https:\/\/bunnyboo.ro\/wp-content\/uploads\/2024\/07\/Jonatan_Potty_LW12976_5060_Sandy_1-scaled.png\",\"width\":2560,\"height\":2066},{\"@type\":\"BreadcrumbList\",\"@id\":\"https:\/\/bunnyboo.ro\/produs\/olita-jonatan-sandy\/#breadcrumb\",\"itemListElement\":[{\"@type\":\"ListItem\",\"position\":1,\"name\":\"Home\",\"item\":\"https:\/\/bunnyboo.ro\/en\/\"},{\"@type\":\"ListItem\",\"position\":2,\"name\":\"New\",\"item\":\"https:\/\/bunnyboo.ro\/en\/shop\/\"},{\"@type\":\"ListItem\",\"position\":3,\"name\":\"Oli\u021b\u0103 Jonatan &#8211; Sandy\"}]},{\"@type\":\"WebSite\",\"@id\":\"https:\/\/bunnyboo.ro\/#website\",\"url\":\"https:\/\/bunnyboo.ro\/\",\"name\":\"Bunny Boo\",\"description\":\"Bunny Boo\",\"publisher\":{\"@id\":\"https:\/\/bunnyboo.ro\/#organization\"},\"potentialAction\":[{\"@type\":\"SearchAction\",\"target\":{\"@type\":\"EntryPoint\",\"urlTemplate\":\"https:\/\/bunnyboo.ro\/?s={search_term_string}\"},\"query-input\":\"required name=search_term_string\"}],\"inLanguage\":\"en-US\"},{\"@type\":\"Organization\",\"@id\":\"https:\/\/bunnyboo.ro\/#organization\",\"name\":\"Bunny Boo\",\"url\":\"https:\/\/bunnyboo.ro\/\",\"logo\":{\"@type\":\"ImageObject\",\"inLanguage\":\"en-US\",\"@id\":\"https:\/\/bunnyboo.ro\/#\/schema\/logo\/image\/\",\"url\":\"https:\/\/bunnyboo.ro\/wp-content\/uploads\/2024\/03\/Logo-website-black.png\",\"contentUrl\":\"https:\/\/bunnyboo.ro\/wp-content\/uploads\/2024\/03\/Logo-website-black.png\",\"width\":2422,\"height\":946,\"caption\":\"Bunny Boo\"},\"image\":{\"@id\":\"https:\/\/bunnyboo.ro\/#\/schema\/logo\/image\/\"}}]}<\/script>\n<!-- \/ Yoast SEO plugin. -->","yoast_head_json":{"title":"Oli\u021b\u0103 Jonatan - Sandy","robots":{"index":"index","follow":"follow","max-snippet":"max-snippet:-1","max-image-preview":"max-image-preview:large","max-video-preview":"max-video-preview:-1"},"canonical":"https:\/\/bunnyboo.ro\/produs\/olita-jonatan-sandy\/","og_locale":"en_US","og_type":"article","og_title":"Oli\u021b\u0103 Jonatan - Sandy","og_description":"Jonatan Potty este o oli\u021ba practic\u0103, u\u0219or de cur\u0103\u021bat, cu un design minimalist. Ap\u0103r\u0103tor \u00eempotriva stropilor Decupat\u0103 in fa\u021b\u0103 \u0219i spate pentru a u\u0219ura manipularea Produsul sustine o greutate maxim\u0103 de 100 kg Pentru a \u00eembun\u0103t\u0103\u021bi durabilitatea \u0219i stabilitatea produsului, acest articol con\u021bine un con\u021binut mai mare de melamin\u0103. Material: 60% melamina, 30% bambus si [&hellip;]","og_url":"https:\/\/bunnyboo.ro\/produs\/olita-jonatan-sandy\/","og_site_name":"Bunny Boo","article_modified_time":"2026-02-04T12:14:32+00:00","og_image":[{"width":2560,"height":2066,"url":"https:\/\/bunnyboo.ro\/wp-content\/uploads\/2024\/07\/Jonatan_Potty_LW12976_5060_Sandy_1-scaled.png","type":"image\/png"}],"twitter_card":"summary_large_image","schema":{"@context":"https:\/\/schema.org","@graph":[{"@type":"WebPage","@id":"https:\/\/bunnyboo.ro\/produs\/olita-jonatan-sandy\/","url":"https:\/\/bunnyboo.ro\/produs\/olita-jonatan-sandy\/","name":"Oli\u021b\u0103 Jonatan - Sandy","isPartOf":{"@id":"https:\/\/bunnyboo.ro\/#website"},"primaryImageOfPage":{"@id":"https:\/\/bunnyboo.ro\/produs\/olita-jonatan-sandy\/#primaryimage"},"image":{"@id":"https:\/\/bunnyboo.ro\/produs\/olita-jonatan-sandy\/#primaryimage"},"thumbnailUrl":"https:\/\/bunnyboo.ro\/wp-content\/uploads\/2024\/07\/Jonatan_Potty_LW12976_5060_Sandy_1-scaled.png","datePublished":"2024-07-03T08:47:14+00:00","dateModified":"2026-02-04T12:14:32+00:00","breadcrumb":{"@id":"https:\/\/bunnyboo.ro\/produs\/olita-jonatan-sandy\/#breadcrumb"},"inLanguage":"en-US","potentialAction":[{"@type":"ReadAction","target":["https:\/\/bunnyboo.ro\/produs\/olita-jonatan-sandy\/"]}]},{"@type":"ImageObject","inLanguage":"en-US","@id":"https:\/\/bunnyboo.ro\/produs\/olita-jonatan-sandy\/#primaryimage","url":"https:\/\/bunnyboo.ro\/wp-content\/uploads\/2024\/07\/Jonatan_Potty_LW12976_5060_Sandy_1-scaled.png","contentUrl":"https:\/\/bunnyboo.ro\/wp-content\/uploads\/2024\/07\/Jonatan_Potty_LW12976_5060_Sandy_1-scaled.png","width":2560,"height":2066},{"@type":"BreadcrumbList","@id":"https:\/\/bunnyboo.ro\/produs\/olita-jonatan-sandy\/#breadcrumb","itemListElement":[{"@type":"ListItem","position":1,"name":"Home","item":"https:\/\/bunnyboo.ro\/en\/"},{"@type":"ListItem","position":2,"name":"New","item":"https:\/\/bunnyboo.ro\/en\/shop\/"},{"@type":"ListItem","position":3,"name":"Oli\u021b\u0103 Jonatan &#8211; Sandy"}]},{"@type":"WebSite","@id":"https:\/\/bunnyboo.ro\/#website","url":"https:\/\/bunnyboo.ro\/","name":"Bunny Boo","description":"Bunny Boo","publisher":{"@id":"https:\/\/bunnyboo.ro\/#organization"},"potentialAction":[{"@type":"SearchAction","target":{"@type":"EntryPoint","urlTemplate":"https:\/\/bunnyboo.ro\/?s={search_term_string}"},"query-input":"required name=search_term_string"}],"inLanguage":"en-US"},{"@type":"Organization","@id":"https:\/\/bunnyboo.ro\/#organization","name":"Bunny Boo","url":"https:\/\/bunnyboo.ro\/","logo":{"@type":"ImageObject","inLanguage":"en-US","@id":"https:\/\/bunnyboo.ro\/#\/schema\/logo\/image\/","url":"https:\/\/bunnyboo.ro\/wp-content\/uploads\/2024\/03\/Logo-website-black.png","contentUrl":"https:\/\/bunnyboo.ro\/wp-content\/uploads\/2024\/03\/Logo-website-black.png","width":2422,"height":946,"caption":"Bunny Boo"},"image":{"@id":"https:\/\/bunnyboo.ro\/#\/schema\/logo\/image\/"}}]}},"_links":{"self":[{"href":"https:\/\/bunnyboo.ro\/en\/wp-json\/wp\/v2\/product\/27436","targetHints":{"allow":["GET"]}}],"collection":[{"href":"https:\/\/bunnyboo.ro\/en\/wp-json\/wp\/v2\/product"}],"about":[{"href":"https:\/\/bunnyboo.ro\/en\/wp-json\/wp\/v2\/types\/product"}],"replies":[{"embeddable":true,"href":"https:\/\/bunnyboo.ro\/en\/wp-json\/wp\/v2\/comments?post=27436"}],"wp:featuredmedia":[{"embeddable":true,"href":"https:\/\/bunnyboo.ro\/en\/wp-json\/wp\/v2\/media\/27437"}],"wp:attachment":[{"href":"https:\/\/bunnyboo.ro\/en\/wp-json\/wp\/v2\/media?parent=27436"}],"wp:term":[{"taxonomy":"product_brand","embeddable":true,"href":"https:\/\/bunnyboo.ro\/en\/wp-json\/wp\/v2\/product_brand?post=27436"},{"taxonomy":"product_cat","embeddable":true,"href":"https:\/\/bunnyboo.ro\/en\/wp-json\/wp\/v2\/product_cat?post=27436"},{"taxonomy":"product_tag","embeddable":true,"href":"https:\/\/bunnyboo.ro\/en\/wp-json\/wp\/v2\/product_tag?post=27436"}],"curies":[{"name":"wp","href":"https:\/\/api.w.org\/{rel}","templated":true}]}}