{"id":2546,"date":"2020-11-21T14:08:25","date_gmt":"2020-11-21T14:08:25","guid":{"rendered":"https:\/\/bunnyboo.ro\/product\/prima-mea-lampa-boris\/"},"modified":"2026-04-20T12:19:46","modified_gmt":"2026-04-20T09:19:46","slug":"prima-mea-lampa-boris","status":"publish","type":"product","link":"https:\/\/bunnyboo.ro\/en\/produs\/prima-mea-lampa-boris\/","title":{"rendered":"Boris Prima mea Lampa"},"content":{"rendered":"<ul>\n<li>Descriere<\/li>\n<\/ul>\n<p>Ilumineaz\u0103 visele micu\u021bului t\u0103u cu o lumin\u0103 dulce de noapte Boris. Cu str\u0103lucirea ei bl\u00e2nd\u0103 \u0219i reconfortant\u0103 \u0219i designul iconic, Boris creeaz\u0103 o atmosfer\u0103 confortabil\u0103 \u00eenainte de culcare. U\u0219or de utilizat \u0219i sigur\u0103 pentru copii, este \u00eenso\u021bitorul perfect pentru o noapte de somn lini\u0219tit\u0103. Vise dulci v\u0103 a\u0219teapt\u0103!<br \/>\nFabricat din silicon moale de \u00eenalt\u0103 calitate, f\u0103r\u0103 BPA<br \/>\nLamp\u0103 LED cu energie redus\u0103, mereu rece la atingere<br \/>\nF\u0103r\u0103 fir. Confortul lui Miffy oriunde ai merge<\/p>\n<p>&nbsp;<\/p>\n<ul>\n<li>Specifica\u021bii:<\/li>\n<\/ul>\n<ol>\n<li>Este inclus un cablu de \u00eenc\u0103rcare galben, prima \u00eenc\u0103rcare complet\u0103 dureaz\u0103 maximum 6 ore. V\u0103 rug\u0103m s\u0103 re\u021bine\u021bi: ca m\u0103sur\u0103 suplimentar\u0103 de siguran\u021b\u0103, lumina de noapte nu func\u021bioneaz\u0103 \u00een timpul \u00eenc\u0103rc\u0103rii.<\/li>\n<li>Durata de via\u021b\u0103 a bateriei se extinde de la 8 la 120 de ore, \u00een func\u021bie de setarea de luminozitate selectat\u0103 (6 pa\u0219i disponibili).<\/li>\n<li>Utiliza\u021bi numai adaptoare USB certificate pentru \u00eenc\u0103rcare. Verifica\u021bi specifica\u021biile scrise de obicei pe partea lateral\u0103 a blocului adaptor \u0219i c\u0103uta\u021bi certificat CE, DCv5 max 2A.<\/li>\n<li>Dimensiuni: 14 cm (d) x 21 cm (h)<\/li>\n<\/ol>\n<ul>\n<li>\u00cengrijire<\/li>\n<\/ul>\n<ol>\n<li>Aceast\u0103 veioz\u0103 Boris este rezistent\u0103 la ma\u0219ina de sp\u0103lat vase. Scoate\u021bi lampa LED din carcasa din silicon \u0219i sp\u0103la\u021bi carcasa cu restul articolelor din silicon pentru bebelu\u0219i. De asemenea, pute\u021bi folosi pur \u0219i simplu o c\u00e2rp\u0103 umed\u0103 pentru a cur\u0103\u021ba produsul.<\/li>\n<li>Pentru a asigura o utilizare de lung\u0103 durat\u0103, v\u0103 rug\u0103m s\u0103 ave\u021bi grij\u0103 \u0219i de LED-ul dvs. re\u00eenc\u0103rcabil. Nu l\u0103sa\u021bi-l la \u00eenc\u0103rcare mai mult dec\u00e2t este necesar, \u00eenc\u0103rca\u021bi doar c\u00e2nd este necesar.<\/li>\n<li>Exist\u0103 o garan\u021bie de 2 ani la achizi\u021bia dumneavoastr\u0103<\/li>\n<\/ol>\n","protected":false},"excerpt":{"rendered":"<p>Descriere Ilumineaz\u0103 visele micu\u021bului t\u0103u cu o lumin\u0103 dulce de noapte Boris. Cu str\u0103lucirea ei bl\u00e2nd\u0103 \u0219i reconfortant\u0103 \u0219i designul iconic, Boris creeaz\u0103 o atmosfer\u0103 confortabil\u0103 \u00eenainte de culcare. U\u0219or de utilizat \u0219i sigur\u0103 pentru copii, este \u00eenso\u021bitorul perfect pentru o noapte de somn lini\u0219tit\u0103. Vise dulci v\u0103 a\u0219teapt\u0103! Fabricat din silicon moale de \u00eenalt\u0103 [&hellip;]<\/p>\n","protected":false},"featured_media":35358,"comment_status":"open","ping_status":"closed","template":"","meta":{"site-sidebar-layout":"default","site-content-layout":"","ast-site-content-layout":"default","site-content-style":"default","site-sidebar-style":"default","ast-global-header-display":"","ast-banner-title-visibility":"","ast-main-header-display":"","ast-hfb-above-header-display":"","ast-hfb-below-header-display":"","ast-hfb-mobile-header-display":"","site-post-title":"","ast-breadcrumbs-content":"","ast-featured-img":"","footer-sml-layout":"","theme-transparent-header-meta":"default","adv-header-id-meta":"","stick-header-meta":"default","header-above-stick-meta":"","header-main-stick-meta":"","header-below-stick-meta":"","astra-migrate-meta-layouts":"set","ast-page-background-enabled":"default","ast-page-background-meta":{"desktop":{"background-color":"","background-image":"","background-repeat":"repeat","background-position":"center center","background-size":"auto","background-attachment":"scroll","background-type":"","background-media":"","overlay-type":"","overlay-color":"","overlay-opacity":"","overlay-gradient":""},"tablet":{"background-color":"","background-image":"","background-repeat":"repeat","background-position":"center center","background-size":"auto","background-attachment":"scroll","background-type":"","background-media":"","overlay-type":"","overlay-color":"","overlay-opacity":"","overlay-gradient":""},"mobile":{"background-color":"","background-image":"","background-repeat":"repeat","background-position":"center center","background-size":"auto","background-attachment":"scroll","background-type":"","background-media":"","overlay-type":"","overlay-color":"","overlay-opacity":"","overlay-gradient":""}},"ast-content-background-meta":{"desktop":{"background-color":"var(--ast-global-color-5)","background-image":"","background-repeat":"repeat","background-position":"center center","background-size":"auto","background-attachment":"scroll","background-type":"","background-media":"","overlay-type":"","overlay-color":"","overlay-opacity":"","overlay-gradient":""},"tablet":{"background-color":"var(--ast-global-color-5)","background-image":"","background-repeat":"repeat","background-position":"center center","background-size":"auto","background-attachment":"scroll","background-type":"","background-media":"","overlay-type":"","overlay-color":"","overlay-opacity":"","overlay-gradient":""},"mobile":{"background-color":"var(--ast-global-color-5)","background-image":"","background-repeat":"repeat","background-position":"center center","background-size":"auto","background-attachment":"scroll","background-type":"","background-media":"","overlay-type":"","overlay-color":"","overlay-opacity":"","overlay-gradient":""}}},"product_brand":[],"product_cat":[53,132],"product_tag":[],"class_list":{"0":"post-2546","1":"product","2":"type-product","3":"status-publish","4":"has-post-thumbnail","6":"product_cat-somn-linistit-pentru-puiul-tau","7":"product_cat-reduceri-pentru-tine","8":"desktop-align-left","9":"tablet-align-left","10":"mobile-align-left","11":"ast-product-gallery-layout-horizontal-slider","12":"ast-product-tabs-layout-vertical","13":"ast-qv-on-image","15":"first","16":"instock","17":"sale","18":"shipping-taxable","19":"purchasable","20":"product-type-simple"},"yoast_head":"<!-- This site is optimized with the Yoast SEO plugin v22.6 - https:\/\/yoast.com\/wordpress\/plugins\/seo\/ -->\n<title>Boris Prima mea Lampa<\/title>\n<meta name=\"robots\" content=\"index, follow, max-snippet:-1, max-image-preview:large, max-video-preview:-1\" \/>\n<link rel=\"canonical\" href=\"https:\/\/bunnyboo.ro\/produs\/prima-mea-lampa-boris\/\" \/>\n<meta property=\"og:locale\" content=\"en_US\" \/>\n<meta property=\"og:type\" content=\"article\" \/>\n<meta property=\"og:title\" content=\"Boris Prima mea Lampa\" \/>\n<meta property=\"og:description\" content=\"Descriere Ilumineaz\u0103 visele micu\u021bului t\u0103u cu o lumin\u0103 dulce de noapte Boris. Cu str\u0103lucirea ei bl\u00e2nd\u0103 \u0219i reconfortant\u0103 \u0219i designul iconic, Boris creeaz\u0103 o atmosfer\u0103 confortabil\u0103 \u00eenainte de culcare. U\u0219or de utilizat \u0219i sigur\u0103 pentru copii, este \u00eenso\u021bitorul perfect pentru o noapte de somn lini\u0219tit\u0103. Vise dulci v\u0103 a\u0219teapt\u0103! Fabricat din silicon moale de \u00eenalt\u0103 [&hellip;]\" \/>\n<meta property=\"og:url\" content=\"https:\/\/bunnyboo.ro\/produs\/prima-mea-lampa-boris\/\" \/>\n<meta property=\"og:site_name\" content=\"Bunny Boo\" \/>\n<meta property=\"article:modified_time\" content=\"2026-04-20T09:19:46+00:00\" \/>\n<meta property=\"og:image\" content=\"https:\/\/bunnyboo.ro\/wp-content\/uploads\/2020\/11\/MrMaria-First-light-Boris-DB30BS01-1_0800x800_2x-removebg-preview.png\" \/>\n\t<meta property=\"og:image:width\" content=\"500\" \/>\n\t<meta property=\"og:image:height\" content=\"500\" \/>\n\t<meta property=\"og:image:type\" content=\"image\/png\" \/>\n<meta name=\"twitter:card\" content=\"summary_large_image\" \/>\n<meta name=\"twitter:label1\" content=\"Est. reading time\" \/>\n\t<meta name=\"twitter:data1\" content=\"2 minutes\" \/>\n<script type=\"application\/ld+json\" class=\"yoast-schema-graph\">{\"@context\":\"https:\/\/schema.org\",\"@graph\":[{\"@type\":\"WebPage\",\"@id\":\"https:\/\/bunnyboo.ro\/produs\/prima-mea-lampa-boris\/\",\"url\":\"https:\/\/bunnyboo.ro\/produs\/prima-mea-lampa-boris\/\",\"name\":\"Boris Prima mea Lampa\",\"isPartOf\":{\"@id\":\"https:\/\/bunnyboo.ro\/#website\"},\"primaryImageOfPage\":{\"@id\":\"https:\/\/bunnyboo.ro\/produs\/prima-mea-lampa-boris\/#primaryimage\"},\"image\":{\"@id\":\"https:\/\/bunnyboo.ro\/produs\/prima-mea-lampa-boris\/#primaryimage\"},\"thumbnailUrl\":\"https:\/\/bunnyboo.ro\/wp-content\/uploads\/2020\/11\/MrMaria-First-light-Boris-DB30BS01-1_0800x800_2x-removebg-preview.png\",\"datePublished\":\"2020-11-21T14:08:25+00:00\",\"dateModified\":\"2026-04-20T09:19:46+00:00\",\"breadcrumb\":{\"@id\":\"https:\/\/bunnyboo.ro\/produs\/prima-mea-lampa-boris\/#breadcrumb\"},\"inLanguage\":\"en-US\",\"potentialAction\":[{\"@type\":\"ReadAction\",\"target\":[\"https:\/\/bunnyboo.ro\/produs\/prima-mea-lampa-boris\/\"]}]},{\"@type\":\"ImageObject\",\"inLanguage\":\"en-US\",\"@id\":\"https:\/\/bunnyboo.ro\/produs\/prima-mea-lampa-boris\/#primaryimage\",\"url\":\"https:\/\/bunnyboo.ro\/wp-content\/uploads\/2020\/11\/MrMaria-First-light-Boris-DB30BS01-1_0800x800_2x-removebg-preview.png\",\"contentUrl\":\"https:\/\/bunnyboo.ro\/wp-content\/uploads\/2020\/11\/MrMaria-First-light-Boris-DB30BS01-1_0800x800_2x-removebg-preview.png\",\"width\":500,\"height\":500},{\"@type\":\"BreadcrumbList\",\"@id\":\"https:\/\/bunnyboo.ro\/produs\/prima-mea-lampa-boris\/#breadcrumb\",\"itemListElement\":[{\"@type\":\"ListItem\",\"position\":1,\"name\":\"Home\",\"item\":\"https:\/\/bunnyboo.ro\/en\/\"},{\"@type\":\"ListItem\",\"position\":2,\"name\":\"New\",\"item\":\"https:\/\/bunnyboo.ro\/en\/shop\/\"},{\"@type\":\"ListItem\",\"position\":3,\"name\":\"Boris Prima mea Lampa\"}]},{\"@type\":\"WebSite\",\"@id\":\"https:\/\/bunnyboo.ro\/#website\",\"url\":\"https:\/\/bunnyboo.ro\/\",\"name\":\"Bunny Boo\",\"description\":\"Bunny Boo\",\"publisher\":{\"@id\":\"https:\/\/bunnyboo.ro\/#organization\"},\"potentialAction\":[{\"@type\":\"SearchAction\",\"target\":{\"@type\":\"EntryPoint\",\"urlTemplate\":\"https:\/\/bunnyboo.ro\/?s={search_term_string}\"},\"query-input\":\"required name=search_term_string\"}],\"inLanguage\":\"en-US\"},{\"@type\":\"Organization\",\"@id\":\"https:\/\/bunnyboo.ro\/#organization\",\"name\":\"Bunny Boo\",\"url\":\"https:\/\/bunnyboo.ro\/\",\"logo\":{\"@type\":\"ImageObject\",\"inLanguage\":\"en-US\",\"@id\":\"https:\/\/bunnyboo.ro\/#\/schema\/logo\/image\/\",\"url\":\"https:\/\/bunnyboo.ro\/wp-content\/uploads\/2024\/03\/Logo-website-black.png\",\"contentUrl\":\"https:\/\/bunnyboo.ro\/wp-content\/uploads\/2024\/03\/Logo-website-black.png\",\"width\":2422,\"height\":946,\"caption\":\"Bunny Boo\"},\"image\":{\"@id\":\"https:\/\/bunnyboo.ro\/#\/schema\/logo\/image\/\"}}]}<\/script>\n<!-- \/ Yoast SEO plugin. -->","yoast_head_json":{"title":"Boris Prima mea Lampa","robots":{"index":"index","follow":"follow","max-snippet":"max-snippet:-1","max-image-preview":"max-image-preview:large","max-video-preview":"max-video-preview:-1"},"canonical":"https:\/\/bunnyboo.ro\/produs\/prima-mea-lampa-boris\/","og_locale":"en_US","og_type":"article","og_title":"Boris Prima mea Lampa","og_description":"Descriere Ilumineaz\u0103 visele micu\u021bului t\u0103u cu o lumin\u0103 dulce de noapte Boris. Cu str\u0103lucirea ei bl\u00e2nd\u0103 \u0219i reconfortant\u0103 \u0219i designul iconic, Boris creeaz\u0103 o atmosfer\u0103 confortabil\u0103 \u00eenainte de culcare. U\u0219or de utilizat \u0219i sigur\u0103 pentru copii, este \u00eenso\u021bitorul perfect pentru o noapte de somn lini\u0219tit\u0103. Vise dulci v\u0103 a\u0219teapt\u0103! Fabricat din silicon moale de \u00eenalt\u0103 [&hellip;]","og_url":"https:\/\/bunnyboo.ro\/produs\/prima-mea-lampa-boris\/","og_site_name":"Bunny Boo","article_modified_time":"2026-04-20T09:19:46+00:00","og_image":[{"width":500,"height":500,"url":"https:\/\/bunnyboo.ro\/wp-content\/uploads\/2020\/11\/MrMaria-First-light-Boris-DB30BS01-1_0800x800_2x-removebg-preview.png","type":"image\/png"}],"twitter_card":"summary_large_image","twitter_misc":{"Est. reading time":"2 minutes"},"schema":{"@context":"https:\/\/schema.org","@graph":[{"@type":"WebPage","@id":"https:\/\/bunnyboo.ro\/produs\/prima-mea-lampa-boris\/","url":"https:\/\/bunnyboo.ro\/produs\/prima-mea-lampa-boris\/","name":"Boris Prima mea Lampa","isPartOf":{"@id":"https:\/\/bunnyboo.ro\/#website"},"primaryImageOfPage":{"@id":"https:\/\/bunnyboo.ro\/produs\/prima-mea-lampa-boris\/#primaryimage"},"image":{"@id":"https:\/\/bunnyboo.ro\/produs\/prima-mea-lampa-boris\/#primaryimage"},"thumbnailUrl":"https:\/\/bunnyboo.ro\/wp-content\/uploads\/2020\/11\/MrMaria-First-light-Boris-DB30BS01-1_0800x800_2x-removebg-preview.png","datePublished":"2020-11-21T14:08:25+00:00","dateModified":"2026-04-20T09:19:46+00:00","breadcrumb":{"@id":"https:\/\/bunnyboo.ro\/produs\/prima-mea-lampa-boris\/#breadcrumb"},"inLanguage":"en-US","potentialAction":[{"@type":"ReadAction","target":["https:\/\/bunnyboo.ro\/produs\/prima-mea-lampa-boris\/"]}]},{"@type":"ImageObject","inLanguage":"en-US","@id":"https:\/\/bunnyboo.ro\/produs\/prima-mea-lampa-boris\/#primaryimage","url":"https:\/\/bunnyboo.ro\/wp-content\/uploads\/2020\/11\/MrMaria-First-light-Boris-DB30BS01-1_0800x800_2x-removebg-preview.png","contentUrl":"https:\/\/bunnyboo.ro\/wp-content\/uploads\/2020\/11\/MrMaria-First-light-Boris-DB30BS01-1_0800x800_2x-removebg-preview.png","width":500,"height":500},{"@type":"BreadcrumbList","@id":"https:\/\/bunnyboo.ro\/produs\/prima-mea-lampa-boris\/#breadcrumb","itemListElement":[{"@type":"ListItem","position":1,"name":"Home","item":"https:\/\/bunnyboo.ro\/en\/"},{"@type":"ListItem","position":2,"name":"New","item":"https:\/\/bunnyboo.ro\/en\/shop\/"},{"@type":"ListItem","position":3,"name":"Boris Prima mea Lampa"}]},{"@type":"WebSite","@id":"https:\/\/bunnyboo.ro\/#website","url":"https:\/\/bunnyboo.ro\/","name":"Bunny Boo","description":"Bunny Boo","publisher":{"@id":"https:\/\/bunnyboo.ro\/#organization"},"potentialAction":[{"@type":"SearchAction","target":{"@type":"EntryPoint","urlTemplate":"https:\/\/bunnyboo.ro\/?s={search_term_string}"},"query-input":"required name=search_term_string"}],"inLanguage":"en-US"},{"@type":"Organization","@id":"https:\/\/bunnyboo.ro\/#organization","name":"Bunny Boo","url":"https:\/\/bunnyboo.ro\/","logo":{"@type":"ImageObject","inLanguage":"en-US","@id":"https:\/\/bunnyboo.ro\/#\/schema\/logo\/image\/","url":"https:\/\/bunnyboo.ro\/wp-content\/uploads\/2024\/03\/Logo-website-black.png","contentUrl":"https:\/\/bunnyboo.ro\/wp-content\/uploads\/2024\/03\/Logo-website-black.png","width":2422,"height":946,"caption":"Bunny Boo"},"image":{"@id":"https:\/\/bunnyboo.ro\/#\/schema\/logo\/image\/"}}]}},"_links":{"self":[{"href":"https:\/\/bunnyboo.ro\/en\/wp-json\/wp\/v2\/product\/2546","targetHints":{"allow":["GET"]}}],"collection":[{"href":"https:\/\/bunnyboo.ro\/en\/wp-json\/wp\/v2\/product"}],"about":[{"href":"https:\/\/bunnyboo.ro\/en\/wp-json\/wp\/v2\/types\/product"}],"replies":[{"embeddable":true,"href":"https:\/\/bunnyboo.ro\/en\/wp-json\/wp\/v2\/comments?post=2546"}],"wp:featuredmedia":[{"embeddable":true,"href":"https:\/\/bunnyboo.ro\/en\/wp-json\/wp\/v2\/media\/35358"}],"wp:attachment":[{"href":"https:\/\/bunnyboo.ro\/en\/wp-json\/wp\/v2\/media?parent=2546"}],"wp:term":[{"taxonomy":"product_brand","embeddable":true,"href":"https:\/\/bunnyboo.ro\/en\/wp-json\/wp\/v2\/product_brand?post=2546"},{"taxonomy":"product_cat","embeddable":true,"href":"https:\/\/bunnyboo.ro\/en\/wp-json\/wp\/v2\/product_cat?post=2546"},{"taxonomy":"product_tag","embeddable":true,"href":"https:\/\/bunnyboo.ro\/en\/wp-json\/wp\/v2\/product_tag?post=2546"}],"curies":[{"name":"wp","href":"https:\/\/api.w.org\/{rel}","templated":true}]}}