{"id":22298,"date":"2024-06-14T13:24:05","date_gmt":"2024-06-14T10:24:05","guid":{"rendered":"https:\/\/bunnyboo.ro\/?post_type=product&#038;p=22298"},"modified":"2024-11-01T10:51:51","modified_gmt":"2024-11-01T08:51:51","slug":"masa-toni-tavalo-elephant","status":"publish","type":"product","link":"https:\/\/bunnyboo.ro\/en\/produs\/masa-toni-tavalo-elephant\/","title":{"rendered":"Mas\u0103 Toni Tavalo &#8211; Elephant"},"content":{"rendered":"<p>Masa de sufragerie in aer liber pentru 6 persoane. Aceast\u0103 mas\u0103 u\u0219oar\u0103 de gr\u0103din\u0103, din aluminiu este echipat\u0103 cu picioare reglabile \u0219i finisat\u0103 cu un strat premium, p\u0103str\u00e2nd culoarea perfect\u0103 \u0219i f\u0103r\u0103 pete.<br \/>\nPlanifica\u021bi o cin\u0103 la lumina lum\u00e2n\u0103rilor? Cu suportul pentru lum\u00e2n\u0103ri Toni \u00een orificiul umbrelei, v\u0103 ve\u021bi bucura cu siguran\u021b\u0103 de nop\u021bi de amintit. Toni Tavolo este u\u0219or de combinat cu alte produse de mobilier de exterior din familia Toni, \u00een multe culori diferite.<\/p>\n<p>Dimensiunea produsului (Lxlxh) 160 x 90 x 76 cm.<br \/>\nLungime 160 cm. L\u0103\u0163ime 90 cm. \u00cen\u0103l\u0163ime 76 cm Ambalare 164 x 92 x 19 cm.<br \/>\nOrificiu pentru umbrel\u0103 41 mm<br \/>\nGreutate 16,3 kg.<\/p>\n<p style=\"margin-bottom: 10px;\">Livrare: Termenul de livrare este 1 saptamana de la momentul confirmarii platii.<\/p>\n<p style=\"margin-bottom: 10px;\">Produsul se poate pre-comanda doar cu plata in avans prin transfer bancar sau cu cardul.<\/p>\n","protected":false},"excerpt":{"rendered":"<p>Masa de sufragerie in aer liber pentru 6 persoane. Aceast\u0103 mas\u0103 u\u0219oar\u0103 de gr\u0103din\u0103, din aluminiu este echipat\u0103 cu picioare reglabile \u0219i finisat\u0103 cu un strat premium, p\u0103str\u00e2nd culoarea perfect\u0103 \u0219i f\u0103r\u0103 pete. Planifica\u021bi o cin\u0103 la lumina lum\u00e2n\u0103rilor? Cu suportul pentru lum\u00e2n\u0103ri Toni \u00een orificiul umbrelei, v\u0103 ve\u021bi bucura cu siguran\u021b\u0103 de nop\u021bi de [&hellip;]<\/p>\n","protected":false},"featured_media":22299,"comment_status":"open","ping_status":"closed","template":"","meta":{"site-sidebar-layout":"default","site-content-layout":"","ast-site-content-layout":"default","site-content-style":"default","site-sidebar-style":"default","ast-global-header-display":"","ast-banner-title-visibility":"","ast-main-header-display":"","ast-hfb-above-header-display":"","ast-hfb-below-header-display":"","ast-hfb-mobile-header-display":"","site-post-title":"","ast-breadcrumbs-content":"","ast-featured-img":"","footer-sml-layout":"","theme-transparent-header-meta":"default","adv-header-id-meta":"","stick-header-meta":"default","header-above-stick-meta":"","header-main-stick-meta":"","header-below-stick-meta":"","astra-migrate-meta-layouts":"set","ast-page-background-enabled":"default","ast-page-background-meta":{"desktop":{"background-color":"","background-image":"","background-repeat":"repeat","background-position":"center center","background-size":"auto","background-attachment":"scroll","background-type":"","background-media":"","overlay-type":"","overlay-color":"","overlay-opacity":"","overlay-gradient":""},"tablet":{"background-color":"","background-image":"","background-repeat":"repeat","background-position":"center center","background-size":"auto","background-attachment":"scroll","background-type":"","background-media":"","overlay-type":"","overlay-color":"","overlay-opacity":"","overlay-gradient":""},"mobile":{"background-color":"","background-image":"","background-repeat":"repeat","background-position":"center center","background-size":"auto","background-attachment":"scroll","background-type":"","background-media":"","overlay-type":"","overlay-color":"","overlay-opacity":"","overlay-gradient":""}},"ast-content-background-meta":{"desktop":{"background-color":"var(--ast-global-color-5)","background-image":"","background-repeat":"repeat","background-position":"center center","background-size":"auto","background-attachment":"scroll","background-type":"","background-media":"","overlay-type":"","overlay-color":"","overlay-opacity":"","overlay-gradient":""},"tablet":{"background-color":"var(--ast-global-color-5)","background-image":"","background-repeat":"repeat","background-position":"center center","background-size":"auto","background-attachment":"scroll","background-type":"","background-media":"","overlay-type":"","overlay-color":"","overlay-opacity":"","overlay-gradient":""},"mobile":{"background-color":"var(--ast-global-color-5)","background-image":"","background-repeat":"repeat","background-position":"center center","background-size":"auto","background-attachment":"scroll","background-type":"","background-media":"","overlay-type":"","overlay-color":"","overlay-opacity":"","overlay-gradient":""}}},"product_brand":[],"product_cat":[65,123],"product_tag":[],"class_list":{"0":"post-22298","1":"product","2":"type-product","3":"status-publish","4":"has-post-thumbnail","6":"product_cat-noutati-minunate-pentru-puiul-tau","7":"product_cat-mobilier-pentru-casa-sau-gradina-ta","8":"desktop-align-left","9":"tablet-align-left","10":"mobile-align-left","11":"ast-product-gallery-layout-horizontal-slider","12":"ast-product-tabs-layout-vertical","13":"ast-qv-on-image","15":"first","16":"onbackorder","17":"shipping-taxable","18":"purchasable","19":"product-type-simple"},"yoast_head":"<!-- This site is optimized with the Yoast SEO plugin v22.6 - https:\/\/yoast.com\/wordpress\/plugins\/seo\/ -->\n<title>Mas\u0103 Toni Tavalo - Elephant<\/title>\n<meta name=\"robots\" content=\"index, follow, max-snippet:-1, max-image-preview:large, max-video-preview:-1\" \/>\n<link rel=\"canonical\" href=\"https:\/\/bunnyboo.ro\/produs\/masa-toni-tavalo-elephant\/\" \/>\n<meta property=\"og:locale\" content=\"en_US\" \/>\n<meta property=\"og:type\" content=\"article\" \/>\n<meta property=\"og:title\" content=\"Mas\u0103 Toni Tavalo - Elephant\" \/>\n<meta property=\"og:description\" content=\"Masa de sufragerie in aer liber pentru 6 persoane. Aceast\u0103 mas\u0103 u\u0219oar\u0103 de gr\u0103din\u0103, din aluminiu este echipat\u0103 cu picioare reglabile \u0219i finisat\u0103 cu un strat premium, p\u0103str\u00e2nd culoarea perfect\u0103 \u0219i f\u0103r\u0103 pete. Planifica\u021bi o cin\u0103 la lumina lum\u00e2n\u0103rilor? Cu suportul pentru lum\u00e2n\u0103ri Toni \u00een orificiul umbrelei, v\u0103 ve\u021bi bucura cu siguran\u021b\u0103 de nop\u021bi de [&hellip;]\" \/>\n<meta property=\"og:url\" content=\"https:\/\/bunnyboo.ro\/produs\/masa-toni-tavalo-elephant\/\" \/>\n<meta property=\"og:site_name\" content=\"Bunny Boo\" \/>\n<meta property=\"article:modified_time\" content=\"2024-11-01T08:51:51+00:00\" \/>\n<meta property=\"og:image\" content=\"https:\/\/bunnyboo.ro\/wp-content\/uploads\/2024\/06\/fatboy-toni\u0301-tavolo-elephant-1920x1280-packshot-01-106432.jpeg\" \/>\n\t<meta property=\"og:image:width\" content=\"1920\" \/>\n\t<meta property=\"og:image:height\" content=\"1280\" \/>\n\t<meta property=\"og:image:type\" content=\"image\/jpeg\" \/>\n<meta name=\"twitter:card\" content=\"summary_large_image\" \/>\n<meta name=\"twitter:label1\" content=\"Est. reading time\" \/>\n\t<meta name=\"twitter:data1\" content=\"1 minute\" \/>\n<script type=\"application\/ld+json\" class=\"yoast-schema-graph\">{\"@context\":\"https:\/\/schema.org\",\"@graph\":[{\"@type\":\"WebPage\",\"@id\":\"https:\/\/bunnyboo.ro\/produs\/masa-toni-tavalo-elephant\/\",\"url\":\"https:\/\/bunnyboo.ro\/produs\/masa-toni-tavalo-elephant\/\",\"name\":\"Mas\u0103 Toni Tavalo - Elephant\",\"isPartOf\":{\"@id\":\"https:\/\/bunnyboo.ro\/#website\"},\"primaryImageOfPage\":{\"@id\":\"https:\/\/bunnyboo.ro\/produs\/masa-toni-tavalo-elephant\/#primaryimage\"},\"image\":{\"@id\":\"https:\/\/bunnyboo.ro\/produs\/masa-toni-tavalo-elephant\/#primaryimage\"},\"thumbnailUrl\":\"https:\/\/bunnyboo.ro\/wp-content\/uploads\/2024\/06\/fatboy-toni\u0301-tavolo-elephant-1920x1280-packshot-01-106432.jpeg\",\"datePublished\":\"2024-06-14T10:24:05+00:00\",\"dateModified\":\"2024-11-01T08:51:51+00:00\",\"breadcrumb\":{\"@id\":\"https:\/\/bunnyboo.ro\/produs\/masa-toni-tavalo-elephant\/#breadcrumb\"},\"inLanguage\":\"en-US\",\"potentialAction\":[{\"@type\":\"ReadAction\",\"target\":[\"https:\/\/bunnyboo.ro\/produs\/masa-toni-tavalo-elephant\/\"]}]},{\"@type\":\"ImageObject\",\"inLanguage\":\"en-US\",\"@id\":\"https:\/\/bunnyboo.ro\/produs\/masa-toni-tavalo-elephant\/#primaryimage\",\"url\":\"https:\/\/bunnyboo.ro\/wp-content\/uploads\/2024\/06\/fatboy-toni\u0301-tavolo-elephant-1920x1280-packshot-01-106432.jpeg\",\"contentUrl\":\"https:\/\/bunnyboo.ro\/wp-content\/uploads\/2024\/06\/fatboy-toni\u0301-tavolo-elephant-1920x1280-packshot-01-106432.jpeg\",\"width\":1920,\"height\":1280},{\"@type\":\"BreadcrumbList\",\"@id\":\"https:\/\/bunnyboo.ro\/produs\/masa-toni-tavalo-elephant\/#breadcrumb\",\"itemListElement\":[{\"@type\":\"ListItem\",\"position\":1,\"name\":\"Home\",\"item\":\"https:\/\/bunnyboo.ro\/en\/\"},{\"@type\":\"ListItem\",\"position\":2,\"name\":\"New\",\"item\":\"https:\/\/bunnyboo.ro\/en\/shop\/\"},{\"@type\":\"ListItem\",\"position\":3,\"name\":\"Mas\u0103 Toni Tavalo &#8211; Elephant\"}]},{\"@type\":\"WebSite\",\"@id\":\"https:\/\/bunnyboo.ro\/#website\",\"url\":\"https:\/\/bunnyboo.ro\/\",\"name\":\"Bunny Boo\",\"description\":\"Bunny Boo\",\"publisher\":{\"@id\":\"https:\/\/bunnyboo.ro\/#organization\"},\"potentialAction\":[{\"@type\":\"SearchAction\",\"target\":{\"@type\":\"EntryPoint\",\"urlTemplate\":\"https:\/\/bunnyboo.ro\/?s={search_term_string}\"},\"query-input\":\"required name=search_term_string\"}],\"inLanguage\":\"en-US\"},{\"@type\":\"Organization\",\"@id\":\"https:\/\/bunnyboo.ro\/#organization\",\"name\":\"Bunny Boo\",\"url\":\"https:\/\/bunnyboo.ro\/\",\"logo\":{\"@type\":\"ImageObject\",\"inLanguage\":\"en-US\",\"@id\":\"https:\/\/bunnyboo.ro\/#\/schema\/logo\/image\/\",\"url\":\"https:\/\/bunnyboo.ro\/wp-content\/uploads\/2024\/03\/Logo-website-black.png\",\"contentUrl\":\"https:\/\/bunnyboo.ro\/wp-content\/uploads\/2024\/03\/Logo-website-black.png\",\"width\":2422,\"height\":946,\"caption\":\"Bunny Boo\"},\"image\":{\"@id\":\"https:\/\/bunnyboo.ro\/#\/schema\/logo\/image\/\"}}]}<\/script>\n<!-- \/ Yoast SEO plugin. -->","yoast_head_json":{"title":"Mas\u0103 Toni Tavalo - Elephant","robots":{"index":"index","follow":"follow","max-snippet":"max-snippet:-1","max-image-preview":"max-image-preview:large","max-video-preview":"max-video-preview:-1"},"canonical":"https:\/\/bunnyboo.ro\/produs\/masa-toni-tavalo-elephant\/","og_locale":"en_US","og_type":"article","og_title":"Mas\u0103 Toni Tavalo - Elephant","og_description":"Masa de sufragerie in aer liber pentru 6 persoane. Aceast\u0103 mas\u0103 u\u0219oar\u0103 de gr\u0103din\u0103, din aluminiu este echipat\u0103 cu picioare reglabile \u0219i finisat\u0103 cu un strat premium, p\u0103str\u00e2nd culoarea perfect\u0103 \u0219i f\u0103r\u0103 pete. Planifica\u021bi o cin\u0103 la lumina lum\u00e2n\u0103rilor? Cu suportul pentru lum\u00e2n\u0103ri Toni \u00een orificiul umbrelei, v\u0103 ve\u021bi bucura cu siguran\u021b\u0103 de nop\u021bi de [&hellip;]","og_url":"https:\/\/bunnyboo.ro\/produs\/masa-toni-tavalo-elephant\/","og_site_name":"Bunny Boo","article_modified_time":"2024-11-01T08:51:51+00:00","og_image":[{"width":1920,"height":1280,"url":"https:\/\/bunnyboo.ro\/wp-content\/uploads\/2024\/06\/fatboy-toni\u0301-tavolo-elephant-1920x1280-packshot-01-106432.jpeg","type":"image\/jpeg"}],"twitter_card":"summary_large_image","twitter_misc":{"Est. reading time":"1 minute"},"schema":{"@context":"https:\/\/schema.org","@graph":[{"@type":"WebPage","@id":"https:\/\/bunnyboo.ro\/produs\/masa-toni-tavalo-elephant\/","url":"https:\/\/bunnyboo.ro\/produs\/masa-toni-tavalo-elephant\/","name":"Mas\u0103 Toni Tavalo - Elephant","isPartOf":{"@id":"https:\/\/bunnyboo.ro\/#website"},"primaryImageOfPage":{"@id":"https:\/\/bunnyboo.ro\/produs\/masa-toni-tavalo-elephant\/#primaryimage"},"image":{"@id":"https:\/\/bunnyboo.ro\/produs\/masa-toni-tavalo-elephant\/#primaryimage"},"thumbnailUrl":"https:\/\/bunnyboo.ro\/wp-content\/uploads\/2024\/06\/fatboy-toni\u0301-tavolo-elephant-1920x1280-packshot-01-106432.jpeg","datePublished":"2024-06-14T10:24:05+00:00","dateModified":"2024-11-01T08:51:51+00:00","breadcrumb":{"@id":"https:\/\/bunnyboo.ro\/produs\/masa-toni-tavalo-elephant\/#breadcrumb"},"inLanguage":"en-US","potentialAction":[{"@type":"ReadAction","target":["https:\/\/bunnyboo.ro\/produs\/masa-toni-tavalo-elephant\/"]}]},{"@type":"ImageObject","inLanguage":"en-US","@id":"https:\/\/bunnyboo.ro\/produs\/masa-toni-tavalo-elephant\/#primaryimage","url":"https:\/\/bunnyboo.ro\/wp-content\/uploads\/2024\/06\/fatboy-toni\u0301-tavolo-elephant-1920x1280-packshot-01-106432.jpeg","contentUrl":"https:\/\/bunnyboo.ro\/wp-content\/uploads\/2024\/06\/fatboy-toni\u0301-tavolo-elephant-1920x1280-packshot-01-106432.jpeg","width":1920,"height":1280},{"@type":"BreadcrumbList","@id":"https:\/\/bunnyboo.ro\/produs\/masa-toni-tavalo-elephant\/#breadcrumb","itemListElement":[{"@type":"ListItem","position":1,"name":"Home","item":"https:\/\/bunnyboo.ro\/en\/"},{"@type":"ListItem","position":2,"name":"New","item":"https:\/\/bunnyboo.ro\/en\/shop\/"},{"@type":"ListItem","position":3,"name":"Mas\u0103 Toni Tavalo &#8211; Elephant"}]},{"@type":"WebSite","@id":"https:\/\/bunnyboo.ro\/#website","url":"https:\/\/bunnyboo.ro\/","name":"Bunny Boo","description":"Bunny Boo","publisher":{"@id":"https:\/\/bunnyboo.ro\/#organization"},"potentialAction":[{"@type":"SearchAction","target":{"@type":"EntryPoint","urlTemplate":"https:\/\/bunnyboo.ro\/?s={search_term_string}"},"query-input":"required name=search_term_string"}],"inLanguage":"en-US"},{"@type":"Organization","@id":"https:\/\/bunnyboo.ro\/#organization","name":"Bunny Boo","url":"https:\/\/bunnyboo.ro\/","logo":{"@type":"ImageObject","inLanguage":"en-US","@id":"https:\/\/bunnyboo.ro\/#\/schema\/logo\/image\/","url":"https:\/\/bunnyboo.ro\/wp-content\/uploads\/2024\/03\/Logo-website-black.png","contentUrl":"https:\/\/bunnyboo.ro\/wp-content\/uploads\/2024\/03\/Logo-website-black.png","width":2422,"height":946,"caption":"Bunny Boo"},"image":{"@id":"https:\/\/bunnyboo.ro\/#\/schema\/logo\/image\/"}}]}},"_links":{"self":[{"href":"https:\/\/bunnyboo.ro\/en\/wp-json\/wp\/v2\/product\/22298","targetHints":{"allow":["GET"]}}],"collection":[{"href":"https:\/\/bunnyboo.ro\/en\/wp-json\/wp\/v2\/product"}],"about":[{"href":"https:\/\/bunnyboo.ro\/en\/wp-json\/wp\/v2\/types\/product"}],"replies":[{"embeddable":true,"href":"https:\/\/bunnyboo.ro\/en\/wp-json\/wp\/v2\/comments?post=22298"}],"wp:featuredmedia":[{"embeddable":true,"href":"https:\/\/bunnyboo.ro\/en\/wp-json\/wp\/v2\/media\/22299"}],"wp:attachment":[{"href":"https:\/\/bunnyboo.ro\/en\/wp-json\/wp\/v2\/media?parent=22298"}],"wp:term":[{"taxonomy":"product_brand","embeddable":true,"href":"https:\/\/bunnyboo.ro\/en\/wp-json\/wp\/v2\/product_brand?post=22298"},{"taxonomy":"product_cat","embeddable":true,"href":"https:\/\/bunnyboo.ro\/en\/wp-json\/wp\/v2\/product_cat?post=22298"},{"taxonomy":"product_tag","embeddable":true,"href":"https:\/\/bunnyboo.ro\/en\/wp-json\/wp\/v2\/product_tag?post=22298"}],"curies":[{"name":"wp","href":"https:\/\/api.w.org\/{rel}","templated":true}]}}