{"id":22265,"date":"2024-06-14T12:27:06","date_gmt":"2024-06-14T09:27:06","guid":{"rendered":"https:\/\/bunnyboo.ro\/?post_type=product&#038;p=22265"},"modified":"2024-11-01T10:50:36","modified_gmt":"2024-11-01T08:50:36","slug":"scaun-de-gradina-toni-mist-green","status":"publish","type":"product","link":"https:\/\/bunnyboo.ro\/en\/produs\/scaun-de-gradina-toni-mist-green\/","title":{"rendered":"Scaun de gradin\u0103 Toni &#8211; Mist Green"},"content":{"rendered":"<p>Scaunul Toni este scaunul ideal pentru fiecare gr\u0103din\u0103 sau teras\u0103. Designul ofer\u0103 o not\u0103 juc\u0103u\u0219\u0103 la scaunul clasic de bistro. Cadrul s\u0103u u\u0219or din aluminiu face scaunul u\u0219or de mutat. De asemenea, pute\u021bi stivui p\u00e2n\u0103 la patru scaune Toni!<br \/>\nIdeal pentru a crea rapid o nou\u0103 amenajare de teras\u0103, sau dac\u0103 ajungi s\u0103 ai mai mul\u021bi oaspe\u021bi la gr\u0103tar. Toni este locul suprem pentru relaxare.<\/p>\n<p>Disponibil \u00eentr-o varietate de culori, astfel \u00eenc\u00e2t s\u0103 pute\u021bi amesteca \u0219i potrivi la nesf\u00e2r\u0219it. \u00centreaga colec\u021bie Toni are un strat exterior de \u00eenalt\u0103 calitate care \u00eendepline\u0219te cele mai \u00eenalte standarde, astfel \u00eenc\u00e2t este inoxidabil, rezistent la UV \u0219i rezistent la intemperii.<\/p>\n<p>Dimensiunea produsului (Lxlxh) 54,75 x 51,3 x 80,5 cm<\/p>\n<p>Lungime 51,5 cm. L\u0103\u0163ime 54,5 cm. \u00cen\u0103l\u0163ime 80,5 cm. \u00cen\u0103l\u021bimea scaunului 46,5 cm. Latimea scaunului 40,5 cm. Ad\u00e2ncimea scaunului 40,5 cm.<\/p>\n<p>Greutate 3,6 kg<\/p>\n<p style=\"margin-bottom: 10px;\">Livrare: Termenul de livrare este 1 saptamana de la momentul confirmarii platii.<\/p>\n<p style=\"margin-bottom: 10px;\">Produsul se poate pre-comanda doar cu plata in avans prin transfer bancar sau cu cardul.<\/p>\n","protected":false},"excerpt":{"rendered":"<p>Scaunul Toni este scaunul ideal pentru fiecare gr\u0103din\u0103 sau teras\u0103. Designul ofer\u0103 o not\u0103 juc\u0103u\u0219\u0103 la scaunul clasic de bistro. Cadrul s\u0103u u\u0219or din aluminiu face scaunul u\u0219or de mutat. De asemenea, pute\u021bi stivui p\u00e2n\u0103 la patru scaune Toni! Ideal pentru a crea rapid o nou\u0103 amenajare de teras\u0103, sau dac\u0103 ajungi s\u0103 ai mai [&hellip;]<\/p>\n","protected":false},"featured_media":22266,"comment_status":"open","ping_status":"closed","template":"","meta":{"site-sidebar-layout":"default","site-content-layout":"","ast-site-content-layout":"default","site-content-style":"default","site-sidebar-style":"default","ast-global-header-display":"","ast-banner-title-visibility":"","ast-main-header-display":"","ast-hfb-above-header-display":"","ast-hfb-below-header-display":"","ast-hfb-mobile-header-display":"","site-post-title":"","ast-breadcrumbs-content":"","ast-featured-img":"","footer-sml-layout":"","theme-transparent-header-meta":"default","adv-header-id-meta":"","stick-header-meta":"default","header-above-stick-meta":"","header-main-stick-meta":"","header-below-stick-meta":"","astra-migrate-meta-layouts":"set","ast-page-background-enabled":"default","ast-page-background-meta":{"desktop":{"background-color":"","background-image":"","background-repeat":"repeat","background-position":"center center","background-size":"auto","background-attachment":"scroll","background-type":"","background-media":"","overlay-type":"","overlay-color":"","overlay-opacity":"","overlay-gradient":""},"tablet":{"background-color":"","background-image":"","background-repeat":"repeat","background-position":"center center","background-size":"auto","background-attachment":"scroll","background-type":"","background-media":"","overlay-type":"","overlay-color":"","overlay-opacity":"","overlay-gradient":""},"mobile":{"background-color":"","background-image":"","background-repeat":"repeat","background-position":"center center","background-size":"auto","background-attachment":"scroll","background-type":"","background-media":"","overlay-type":"","overlay-color":"","overlay-opacity":"","overlay-gradient":""}},"ast-content-background-meta":{"desktop":{"background-color":"var(--ast-global-color-5)","background-image":"","background-repeat":"repeat","background-position":"center center","background-size":"auto","background-attachment":"scroll","background-type":"","background-media":"","overlay-type":"","overlay-color":"","overlay-opacity":"","overlay-gradient":""},"tablet":{"background-color":"var(--ast-global-color-5)","background-image":"","background-repeat":"repeat","background-position":"center center","background-size":"auto","background-attachment":"scroll","background-type":"","background-media":"","overlay-type":"","overlay-color":"","overlay-opacity":"","overlay-gradient":""},"mobile":{"background-color":"var(--ast-global-color-5)","background-image":"","background-repeat":"repeat","background-position":"center center","background-size":"auto","background-attachment":"scroll","background-type":"","background-media":"","overlay-type":"","overlay-color":"","overlay-opacity":"","overlay-gradient":""}}},"product_brand":[],"product_cat":[65,123],"product_tag":[],"class_list":{"0":"post-22265","1":"product","2":"type-product","3":"status-publish","4":"has-post-thumbnail","6":"product_cat-noutati-minunate-pentru-puiul-tau","7":"product_cat-mobilier-pentru-casa-sau-gradina-ta","8":"desktop-align-left","9":"tablet-align-left","10":"mobile-align-left","11":"ast-product-gallery-layout-horizontal-slider","12":"ast-product-tabs-layout-vertical","13":"ast-qv-on-image","15":"first","16":"onbackorder","17":"shipping-taxable","18":"purchasable","19":"product-type-simple"},"yoast_head":"<!-- This site is optimized with the Yoast SEO plugin v22.6 - https:\/\/yoast.com\/wordpress\/plugins\/seo\/ -->\n<title>Scaun de gradin\u0103 Toni - Mist Green<\/title>\n<meta name=\"robots\" content=\"index, follow, max-snippet:-1, max-image-preview:large, max-video-preview:-1\" \/>\n<link rel=\"canonical\" href=\"https:\/\/bunnyboo.ro\/produs\/scaun-de-gradina-toni-mist-green\/\" \/>\n<meta property=\"og:locale\" content=\"en_US\" \/>\n<meta property=\"og:type\" content=\"article\" \/>\n<meta property=\"og:title\" content=\"Scaun de gradin\u0103 Toni - Mist Green\" \/>\n<meta property=\"og:description\" content=\"Scaunul Toni este scaunul ideal pentru fiecare gr\u0103din\u0103 sau teras\u0103. Designul ofer\u0103 o not\u0103 juc\u0103u\u0219\u0103 la scaunul clasic de bistro. Cadrul s\u0103u u\u0219or din aluminiu face scaunul u\u0219or de mutat. De asemenea, pute\u021bi stivui p\u00e2n\u0103 la patru scaune Toni! Ideal pentru a crea rapid o nou\u0103 amenajare de teras\u0103, sau dac\u0103 ajungi s\u0103 ai mai [&hellip;]\" \/>\n<meta property=\"og:url\" content=\"https:\/\/bunnyboo.ro\/produs\/scaun-de-gradina-toni-mist-green\/\" \/>\n<meta property=\"og:site_name\" content=\"Bunny Boo\" \/>\n<meta property=\"article:modified_time\" content=\"2024-11-01T08:50:36+00:00\" \/>\n<meta property=\"og:image\" content=\"https:\/\/bunnyboo.ro\/wp-content\/uploads\/2024\/06\/fatboy-toni\u0301-chair-mist-green-1920x1280-packshot-01-103807.jpeg\" \/>\n\t<meta property=\"og:image:width\" content=\"1920\" \/>\n\t<meta property=\"og:image:height\" content=\"1280\" \/>\n\t<meta property=\"og:image:type\" content=\"image\/jpeg\" \/>\n<meta name=\"twitter:card\" content=\"summary_large_image\" \/>\n<meta name=\"twitter:label1\" content=\"Est. reading time\" \/>\n\t<meta name=\"twitter:data1\" content=\"1 minute\" \/>\n<script type=\"application\/ld+json\" class=\"yoast-schema-graph\">{\"@context\":\"https:\/\/schema.org\",\"@graph\":[{\"@type\":\"WebPage\",\"@id\":\"https:\/\/bunnyboo.ro\/produs\/scaun-de-gradina-toni-mist-green\/\",\"url\":\"https:\/\/bunnyboo.ro\/produs\/scaun-de-gradina-toni-mist-green\/\",\"name\":\"Scaun de gradin\u0103 Toni - Mist Green\",\"isPartOf\":{\"@id\":\"https:\/\/bunnyboo.ro\/#website\"},\"primaryImageOfPage\":{\"@id\":\"https:\/\/bunnyboo.ro\/produs\/scaun-de-gradina-toni-mist-green\/#primaryimage\"},\"image\":{\"@id\":\"https:\/\/bunnyboo.ro\/produs\/scaun-de-gradina-toni-mist-green\/#primaryimage\"},\"thumbnailUrl\":\"https:\/\/bunnyboo.ro\/wp-content\/uploads\/2024\/06\/fatboy-toni\u0301-chair-mist-green-1920x1280-packshot-01-103807.jpeg\",\"datePublished\":\"2024-06-14T09:27:06+00:00\",\"dateModified\":\"2024-11-01T08:50:36+00:00\",\"breadcrumb\":{\"@id\":\"https:\/\/bunnyboo.ro\/produs\/scaun-de-gradina-toni-mist-green\/#breadcrumb\"},\"inLanguage\":\"en-US\",\"potentialAction\":[{\"@type\":\"ReadAction\",\"target\":[\"https:\/\/bunnyboo.ro\/produs\/scaun-de-gradina-toni-mist-green\/\"]}]},{\"@type\":\"ImageObject\",\"inLanguage\":\"en-US\",\"@id\":\"https:\/\/bunnyboo.ro\/produs\/scaun-de-gradina-toni-mist-green\/#primaryimage\",\"url\":\"https:\/\/bunnyboo.ro\/wp-content\/uploads\/2024\/06\/fatboy-toni\u0301-chair-mist-green-1920x1280-packshot-01-103807.jpeg\",\"contentUrl\":\"https:\/\/bunnyboo.ro\/wp-content\/uploads\/2024\/06\/fatboy-toni\u0301-chair-mist-green-1920x1280-packshot-01-103807.jpeg\",\"width\":1920,\"height\":1280},{\"@type\":\"BreadcrumbList\",\"@id\":\"https:\/\/bunnyboo.ro\/produs\/scaun-de-gradina-toni-mist-green\/#breadcrumb\",\"itemListElement\":[{\"@type\":\"ListItem\",\"position\":1,\"name\":\"Home\",\"item\":\"https:\/\/bunnyboo.ro\/en\/\"},{\"@type\":\"ListItem\",\"position\":2,\"name\":\"New\",\"item\":\"https:\/\/bunnyboo.ro\/en\/shop\/\"},{\"@type\":\"ListItem\",\"position\":3,\"name\":\"Scaun de gradin\u0103 Toni &#8211; Mist Green\"}]},{\"@type\":\"WebSite\",\"@id\":\"https:\/\/bunnyboo.ro\/#website\",\"url\":\"https:\/\/bunnyboo.ro\/\",\"name\":\"Bunny Boo\",\"description\":\"Bunny Boo\",\"publisher\":{\"@id\":\"https:\/\/bunnyboo.ro\/#organization\"},\"potentialAction\":[{\"@type\":\"SearchAction\",\"target\":{\"@type\":\"EntryPoint\",\"urlTemplate\":\"https:\/\/bunnyboo.ro\/?s={search_term_string}\"},\"query-input\":\"required name=search_term_string\"}],\"inLanguage\":\"en-US\"},{\"@type\":\"Organization\",\"@id\":\"https:\/\/bunnyboo.ro\/#organization\",\"name\":\"Bunny Boo\",\"url\":\"https:\/\/bunnyboo.ro\/\",\"logo\":{\"@type\":\"ImageObject\",\"inLanguage\":\"en-US\",\"@id\":\"https:\/\/bunnyboo.ro\/#\/schema\/logo\/image\/\",\"url\":\"https:\/\/bunnyboo.ro\/wp-content\/uploads\/2024\/03\/Logo-website-black.png\",\"contentUrl\":\"https:\/\/bunnyboo.ro\/wp-content\/uploads\/2024\/03\/Logo-website-black.png\",\"width\":2422,\"height\":946,\"caption\":\"Bunny Boo\"},\"image\":{\"@id\":\"https:\/\/bunnyboo.ro\/#\/schema\/logo\/image\/\"}}]}<\/script>\n<!-- \/ Yoast SEO plugin. -->","yoast_head_json":{"title":"Scaun de gradin\u0103 Toni - Mist Green","robots":{"index":"index","follow":"follow","max-snippet":"max-snippet:-1","max-image-preview":"max-image-preview:large","max-video-preview":"max-video-preview:-1"},"canonical":"https:\/\/bunnyboo.ro\/produs\/scaun-de-gradina-toni-mist-green\/","og_locale":"en_US","og_type":"article","og_title":"Scaun de gradin\u0103 Toni - Mist Green","og_description":"Scaunul Toni este scaunul ideal pentru fiecare gr\u0103din\u0103 sau teras\u0103. Designul ofer\u0103 o not\u0103 juc\u0103u\u0219\u0103 la scaunul clasic de bistro. Cadrul s\u0103u u\u0219or din aluminiu face scaunul u\u0219or de mutat. De asemenea, pute\u021bi stivui p\u00e2n\u0103 la patru scaune Toni! Ideal pentru a crea rapid o nou\u0103 amenajare de teras\u0103, sau dac\u0103 ajungi s\u0103 ai mai [&hellip;]","og_url":"https:\/\/bunnyboo.ro\/produs\/scaun-de-gradina-toni-mist-green\/","og_site_name":"Bunny Boo","article_modified_time":"2024-11-01T08:50:36+00:00","og_image":[{"width":1920,"height":1280,"url":"https:\/\/bunnyboo.ro\/wp-content\/uploads\/2024\/06\/fatboy-toni\u0301-chair-mist-green-1920x1280-packshot-01-103807.jpeg","type":"image\/jpeg"}],"twitter_card":"summary_large_image","twitter_misc":{"Est. reading time":"1 minute"},"schema":{"@context":"https:\/\/schema.org","@graph":[{"@type":"WebPage","@id":"https:\/\/bunnyboo.ro\/produs\/scaun-de-gradina-toni-mist-green\/","url":"https:\/\/bunnyboo.ro\/produs\/scaun-de-gradina-toni-mist-green\/","name":"Scaun de gradin\u0103 Toni - Mist Green","isPartOf":{"@id":"https:\/\/bunnyboo.ro\/#website"},"primaryImageOfPage":{"@id":"https:\/\/bunnyboo.ro\/produs\/scaun-de-gradina-toni-mist-green\/#primaryimage"},"image":{"@id":"https:\/\/bunnyboo.ro\/produs\/scaun-de-gradina-toni-mist-green\/#primaryimage"},"thumbnailUrl":"https:\/\/bunnyboo.ro\/wp-content\/uploads\/2024\/06\/fatboy-toni\u0301-chair-mist-green-1920x1280-packshot-01-103807.jpeg","datePublished":"2024-06-14T09:27:06+00:00","dateModified":"2024-11-01T08:50:36+00:00","breadcrumb":{"@id":"https:\/\/bunnyboo.ro\/produs\/scaun-de-gradina-toni-mist-green\/#breadcrumb"},"inLanguage":"en-US","potentialAction":[{"@type":"ReadAction","target":["https:\/\/bunnyboo.ro\/produs\/scaun-de-gradina-toni-mist-green\/"]}]},{"@type":"ImageObject","inLanguage":"en-US","@id":"https:\/\/bunnyboo.ro\/produs\/scaun-de-gradina-toni-mist-green\/#primaryimage","url":"https:\/\/bunnyboo.ro\/wp-content\/uploads\/2024\/06\/fatboy-toni\u0301-chair-mist-green-1920x1280-packshot-01-103807.jpeg","contentUrl":"https:\/\/bunnyboo.ro\/wp-content\/uploads\/2024\/06\/fatboy-toni\u0301-chair-mist-green-1920x1280-packshot-01-103807.jpeg","width":1920,"height":1280},{"@type":"BreadcrumbList","@id":"https:\/\/bunnyboo.ro\/produs\/scaun-de-gradina-toni-mist-green\/#breadcrumb","itemListElement":[{"@type":"ListItem","position":1,"name":"Home","item":"https:\/\/bunnyboo.ro\/en\/"},{"@type":"ListItem","position":2,"name":"New","item":"https:\/\/bunnyboo.ro\/en\/shop\/"},{"@type":"ListItem","position":3,"name":"Scaun de gradin\u0103 Toni &#8211; Mist Green"}]},{"@type":"WebSite","@id":"https:\/\/bunnyboo.ro\/#website","url":"https:\/\/bunnyboo.ro\/","name":"Bunny Boo","description":"Bunny Boo","publisher":{"@id":"https:\/\/bunnyboo.ro\/#organization"},"potentialAction":[{"@type":"SearchAction","target":{"@type":"EntryPoint","urlTemplate":"https:\/\/bunnyboo.ro\/?s={search_term_string}"},"query-input":"required name=search_term_string"}],"inLanguage":"en-US"},{"@type":"Organization","@id":"https:\/\/bunnyboo.ro\/#organization","name":"Bunny Boo","url":"https:\/\/bunnyboo.ro\/","logo":{"@type":"ImageObject","inLanguage":"en-US","@id":"https:\/\/bunnyboo.ro\/#\/schema\/logo\/image\/","url":"https:\/\/bunnyboo.ro\/wp-content\/uploads\/2024\/03\/Logo-website-black.png","contentUrl":"https:\/\/bunnyboo.ro\/wp-content\/uploads\/2024\/03\/Logo-website-black.png","width":2422,"height":946,"caption":"Bunny Boo"},"image":{"@id":"https:\/\/bunnyboo.ro\/#\/schema\/logo\/image\/"}}]}},"_links":{"self":[{"href":"https:\/\/bunnyboo.ro\/en\/wp-json\/wp\/v2\/product\/22265","targetHints":{"allow":["GET"]}}],"collection":[{"href":"https:\/\/bunnyboo.ro\/en\/wp-json\/wp\/v2\/product"}],"about":[{"href":"https:\/\/bunnyboo.ro\/en\/wp-json\/wp\/v2\/types\/product"}],"replies":[{"embeddable":true,"href":"https:\/\/bunnyboo.ro\/en\/wp-json\/wp\/v2\/comments?post=22265"}],"wp:featuredmedia":[{"embeddable":true,"href":"https:\/\/bunnyboo.ro\/en\/wp-json\/wp\/v2\/media\/22266"}],"wp:attachment":[{"href":"https:\/\/bunnyboo.ro\/en\/wp-json\/wp\/v2\/media?parent=22265"}],"wp:term":[{"taxonomy":"product_brand","embeddable":true,"href":"https:\/\/bunnyboo.ro\/en\/wp-json\/wp\/v2\/product_brand?post=22265"},{"taxonomy":"product_cat","embeddable":true,"href":"https:\/\/bunnyboo.ro\/en\/wp-json\/wp\/v2\/product_cat?post=22265"},{"taxonomy":"product_tag","embeddable":true,"href":"https:\/\/bunnyboo.ro\/en\/wp-json\/wp\/v2\/product_tag?post=22265"}],"curies":[{"name":"wp","href":"https:\/\/api.w.org\/{rel}","templated":true}]}}