{"id":22241,"date":"2024-06-14T12:00:01","date_gmt":"2024-06-14T09:00:01","guid":{"rendered":"https:\/\/bunnyboo.ro\/?post_type=product&#038;p=22241"},"modified":"2025-06-02T10:55:14","modified_gmt":"2025-06-02T07:55:14","slug":"puf-pentru-interior-exterior-rezistent-la-apa-mist","status":"publish","type":"product","link":"https:\/\/bunnyboo.ro\/en\/produs\/puf-pentru-interior-exterior-rezistent-la-apa-mist\/","title":{"rendered":"Puf pentru interior\/exterior rezistent la ap\u0103 &#8211; Mist"},"content":{"rendered":"<p>Fatboy Floatzac este lounge-ul suprem at\u00e2t pe ap\u0103 cat si langa ap\u0103. Acest \u0219ezlong plutitor este umplut cu perle EPS rezistente la ap\u0103, cu uscare rapid\u0103. \u00cen plus, Floatzac are o parte inferioar\u0103 robust\u0103 din \u021bes\u0103tur\u0103 plas\u0103, care permite scurgerea cu u\u0219urin\u021b\u0103 a apei.<br \/>\n\u00cel po\u021bi folosi oriunde: \u00een aer liber, \u00een ap\u0103, precum \u0219i l\u00e2ng\u0103 ap\u0103. De exemplu, acest beanbag de ap\u0103 este echipat cu curele reglabile cu ajutorul c\u0103rora \u00eel po\u021bi scoate cu u\u0219urin\u021b\u0103 din ap\u0103. Scaunul de pe malul apei este rezistent la UV, impermeabil \u0219i rezistent la pete \u0219i este disponibil \u00eentr-o varietate de culori la mod\u0103, rezistente la clor.<br \/>\nFloatzac-ul nu se va scufunda, a\u0219a c\u0103 v\u0103 pute\u021bi relaxa pe ap\u0103 f\u0103r\u0103 griji.<\/p>\n<p>Dimensiunea produsului:<\/p>\n<p>Greutate 6,5 kg<\/p>\n<p>L\u0103\u0163ime 134 cm. \u00cen\u0103l\u0163ime 180 cm.<\/p>\n<p style=\"margin-bottom: 10px;\">Livrare: Termenul de livrare este 1 saptamana de la momentul confirmarii platii.<\/p>\n<p style=\"margin-bottom: 10px;\">Produsul se poate pre-comanda doar cu plata in avans prin transfer bancar sau cu cardul.<\/p>\n","protected":false},"excerpt":{"rendered":"<p>Fatboy Floatzac este lounge-ul suprem at\u00e2t pe ap\u0103 cat si langa ap\u0103. Acest \u0219ezlong plutitor este umplut cu perle EPS rezistente la ap\u0103, cu uscare rapid\u0103. \u00cen plus, Floatzac are o parte inferioar\u0103 robust\u0103 din \u021bes\u0103tur\u0103 plas\u0103, care permite scurgerea cu u\u0219urin\u021b\u0103 a apei. \u00cel po\u021bi folosi oriunde: \u00een aer liber, \u00een ap\u0103, precum \u0219i [&hellip;]<\/p>\n","protected":false},"featured_media":22242,"comment_status":"open","ping_status":"closed","template":"","meta":{"site-sidebar-layout":"default","site-content-layout":"","ast-site-content-layout":"default","site-content-style":"default","site-sidebar-style":"default","ast-global-header-display":"","ast-banner-title-visibility":"","ast-main-header-display":"","ast-hfb-above-header-display":"","ast-hfb-below-header-display":"","ast-hfb-mobile-header-display":"","site-post-title":"","ast-breadcrumbs-content":"","ast-featured-img":"","footer-sml-layout":"","theme-transparent-header-meta":"default","adv-header-id-meta":"","stick-header-meta":"default","header-above-stick-meta":"","header-main-stick-meta":"","header-below-stick-meta":"","astra-migrate-meta-layouts":"set","ast-page-background-enabled":"default","ast-page-background-meta":{"desktop":{"background-color":"","background-image":"","background-repeat":"repeat","background-position":"center center","background-size":"auto","background-attachment":"scroll","background-type":"","background-media":"","overlay-type":"","overlay-color":"","overlay-opacity":"","overlay-gradient":""},"tablet":{"background-color":"","background-image":"","background-repeat":"repeat","background-position":"center center","background-size":"auto","background-attachment":"scroll","background-type":"","background-media":"","overlay-type":"","overlay-color":"","overlay-opacity":"","overlay-gradient":""},"mobile":{"background-color":"","background-image":"","background-repeat":"repeat","background-position":"center center","background-size":"auto","background-attachment":"scroll","background-type":"","background-media":"","overlay-type":"","overlay-color":"","overlay-opacity":"","overlay-gradient":""}},"ast-content-background-meta":{"desktop":{"background-color":"var(--ast-global-color-5)","background-image":"","background-repeat":"repeat","background-position":"center center","background-size":"auto","background-attachment":"scroll","background-type":"","background-media":"","overlay-type":"","overlay-color":"","overlay-opacity":"","overlay-gradient":""},"tablet":{"background-color":"var(--ast-global-color-5)","background-image":"","background-repeat":"repeat","background-position":"center center","background-size":"auto","background-attachment":"scroll","background-type":"","background-media":"","overlay-type":"","overlay-color":"","overlay-opacity":"","overlay-gradient":""},"mobile":{"background-color":"var(--ast-global-color-5)","background-image":"","background-repeat":"repeat","background-position":"center center","background-size":"auto","background-attachment":"scroll","background-type":"","background-media":"","overlay-type":"","overlay-color":"","overlay-opacity":"","overlay-gradient":""}}},"product_brand":[],"product_cat":[65,117],"product_tag":[],"class_list":{"0":"post-22241","1":"product","2":"type-product","3":"status-publish","4":"has-post-thumbnail","6":"product_cat-noutati-minunate-pentru-puiul-tau","7":"product_cat-confort-si-relaxare-pentru-casa-ta","8":"desktop-align-left","9":"tablet-align-left","10":"mobile-align-left","11":"ast-product-gallery-layout-horizontal-slider","12":"ast-product-tabs-layout-vertical","13":"ast-qv-on-image","15":"first","16":"onbackorder","17":"shipping-taxable","18":"purchasable","19":"product-type-simple"},"yoast_head":"<!-- This site is optimized with the Yoast SEO plugin v22.6 - https:\/\/yoast.com\/wordpress\/plugins\/seo\/ -->\n<title>Puf pentru interior\/exterior rezistent la ap\u0103 - Mist<\/title>\n<meta name=\"robots\" content=\"index, follow, max-snippet:-1, max-image-preview:large, max-video-preview:-1\" \/>\n<link rel=\"canonical\" href=\"https:\/\/bunnyboo.ro\/produs\/puf-pentru-interior-exterior-rezistent-la-apa-mist\/\" \/>\n<meta property=\"og:locale\" content=\"en_US\" \/>\n<meta property=\"og:type\" content=\"article\" \/>\n<meta property=\"og:title\" content=\"Puf pentru interior\/exterior rezistent la ap\u0103 - Mist\" \/>\n<meta property=\"og:description\" content=\"Fatboy Floatzac este lounge-ul suprem at\u00e2t pe ap\u0103 cat si langa ap\u0103. Acest \u0219ezlong plutitor este umplut cu perle EPS rezistente la ap\u0103, cu uscare rapid\u0103. \u00cen plus, Floatzac are o parte inferioar\u0103 robust\u0103 din \u021bes\u0103tur\u0103 plas\u0103, care permite scurgerea cu u\u0219urin\u021b\u0103 a apei. \u00cel po\u021bi folosi oriunde: \u00een aer liber, \u00een ap\u0103, precum \u0219i [&hellip;]\" \/>\n<meta property=\"og:url\" content=\"https:\/\/bunnyboo.ro\/produs\/puf-pentru-interior-exterior-rezistent-la-apa-mist\/\" \/>\n<meta property=\"og:site_name\" content=\"Bunny Boo\" \/>\n<meta property=\"article:modified_time\" content=\"2025-06-02T07:55:14+00:00\" \/>\n<meta property=\"og:image\" content=\"https:\/\/bunnyboo.ro\/wp-content\/uploads\/2024\/06\/fatboyhh.jpeg\" \/>\n\t<meta property=\"og:image:width\" content=\"1920\" \/>\n\t<meta property=\"og:image:height\" content=\"1280\" \/>\n\t<meta property=\"og:image:type\" content=\"image\/jpeg\" \/>\n<meta name=\"twitter:card\" content=\"summary_large_image\" \/>\n<meta name=\"twitter:label1\" content=\"Est. reading time\" \/>\n\t<meta name=\"twitter:data1\" content=\"1 minute\" \/>\n<script type=\"application\/ld+json\" class=\"yoast-schema-graph\">{\"@context\":\"https:\/\/schema.org\",\"@graph\":[{\"@type\":\"WebPage\",\"@id\":\"https:\/\/bunnyboo.ro\/produs\/puf-pentru-interior-exterior-rezistent-la-apa-mist\/\",\"url\":\"https:\/\/bunnyboo.ro\/produs\/puf-pentru-interior-exterior-rezistent-la-apa-mist\/\",\"name\":\"Puf pentru interior\/exterior rezistent la ap\u0103 - Mist\",\"isPartOf\":{\"@id\":\"https:\/\/bunnyboo.ro\/#website\"},\"primaryImageOfPage\":{\"@id\":\"https:\/\/bunnyboo.ro\/produs\/puf-pentru-interior-exterior-rezistent-la-apa-mist\/#primaryimage\"},\"image\":{\"@id\":\"https:\/\/bunnyboo.ro\/produs\/puf-pentru-interior-exterior-rezistent-la-apa-mist\/#primaryimage\"},\"thumbnailUrl\":\"https:\/\/bunnyboo.ro\/wp-content\/uploads\/2024\/06\/fatboyhh.jpeg\",\"datePublished\":\"2024-06-14T09:00:01+00:00\",\"dateModified\":\"2025-06-02T07:55:14+00:00\",\"breadcrumb\":{\"@id\":\"https:\/\/bunnyboo.ro\/produs\/puf-pentru-interior-exterior-rezistent-la-apa-mist\/#breadcrumb\"},\"inLanguage\":\"en-US\",\"potentialAction\":[{\"@type\":\"ReadAction\",\"target\":[\"https:\/\/bunnyboo.ro\/produs\/puf-pentru-interior-exterior-rezistent-la-apa-mist\/\"]}]},{\"@type\":\"ImageObject\",\"inLanguage\":\"en-US\",\"@id\":\"https:\/\/bunnyboo.ro\/produs\/puf-pentru-interior-exterior-rezistent-la-apa-mist\/#primaryimage\",\"url\":\"https:\/\/bunnyboo.ro\/wp-content\/uploads\/2024\/06\/fatboyhh.jpeg\",\"contentUrl\":\"https:\/\/bunnyboo.ro\/wp-content\/uploads\/2024\/06\/fatboyhh.jpeg\",\"width\":1920,\"height\":1280},{\"@type\":\"BreadcrumbList\",\"@id\":\"https:\/\/bunnyboo.ro\/produs\/puf-pentru-interior-exterior-rezistent-la-apa-mist\/#breadcrumb\",\"itemListElement\":[{\"@type\":\"ListItem\",\"position\":1,\"name\":\"Home\",\"item\":\"https:\/\/bunnyboo.ro\/en\/\"},{\"@type\":\"ListItem\",\"position\":2,\"name\":\"New\",\"item\":\"https:\/\/bunnyboo.ro\/en\/shop\/\"},{\"@type\":\"ListItem\",\"position\":3,\"name\":\"Puf pentru interior\/exterior rezistent la ap\u0103 &#8211; Mist\"}]},{\"@type\":\"WebSite\",\"@id\":\"https:\/\/bunnyboo.ro\/#website\",\"url\":\"https:\/\/bunnyboo.ro\/\",\"name\":\"Bunny Boo\",\"description\":\"Bunny Boo\",\"publisher\":{\"@id\":\"https:\/\/bunnyboo.ro\/#organization\"},\"potentialAction\":[{\"@type\":\"SearchAction\",\"target\":{\"@type\":\"EntryPoint\",\"urlTemplate\":\"https:\/\/bunnyboo.ro\/?s={search_term_string}\"},\"query-input\":\"required name=search_term_string\"}],\"inLanguage\":\"en-US\"},{\"@type\":\"Organization\",\"@id\":\"https:\/\/bunnyboo.ro\/#organization\",\"name\":\"Bunny Boo\",\"url\":\"https:\/\/bunnyboo.ro\/\",\"logo\":{\"@type\":\"ImageObject\",\"inLanguage\":\"en-US\",\"@id\":\"https:\/\/bunnyboo.ro\/#\/schema\/logo\/image\/\",\"url\":\"https:\/\/bunnyboo.ro\/wp-content\/uploads\/2024\/03\/Logo-website-black.png\",\"contentUrl\":\"https:\/\/bunnyboo.ro\/wp-content\/uploads\/2024\/03\/Logo-website-black.png\",\"width\":2422,\"height\":946,\"caption\":\"Bunny Boo\"},\"image\":{\"@id\":\"https:\/\/bunnyboo.ro\/#\/schema\/logo\/image\/\"}}]}<\/script>\n<!-- \/ Yoast SEO plugin. -->","yoast_head_json":{"title":"Puf pentru interior\/exterior rezistent la ap\u0103 - Mist","robots":{"index":"index","follow":"follow","max-snippet":"max-snippet:-1","max-image-preview":"max-image-preview:large","max-video-preview":"max-video-preview:-1"},"canonical":"https:\/\/bunnyboo.ro\/produs\/puf-pentru-interior-exterior-rezistent-la-apa-mist\/","og_locale":"en_US","og_type":"article","og_title":"Puf pentru interior\/exterior rezistent la ap\u0103 - Mist","og_description":"Fatboy Floatzac este lounge-ul suprem at\u00e2t pe ap\u0103 cat si langa ap\u0103. Acest \u0219ezlong plutitor este umplut cu perle EPS rezistente la ap\u0103, cu uscare rapid\u0103. \u00cen plus, Floatzac are o parte inferioar\u0103 robust\u0103 din \u021bes\u0103tur\u0103 plas\u0103, care permite scurgerea cu u\u0219urin\u021b\u0103 a apei. \u00cel po\u021bi folosi oriunde: \u00een aer liber, \u00een ap\u0103, precum \u0219i [&hellip;]","og_url":"https:\/\/bunnyboo.ro\/produs\/puf-pentru-interior-exterior-rezistent-la-apa-mist\/","og_site_name":"Bunny Boo","article_modified_time":"2025-06-02T07:55:14+00:00","og_image":[{"width":1920,"height":1280,"url":"https:\/\/bunnyboo.ro\/wp-content\/uploads\/2024\/06\/fatboyhh.jpeg","type":"image\/jpeg"}],"twitter_card":"summary_large_image","twitter_misc":{"Est. reading time":"1 minute"},"schema":{"@context":"https:\/\/schema.org","@graph":[{"@type":"WebPage","@id":"https:\/\/bunnyboo.ro\/produs\/puf-pentru-interior-exterior-rezistent-la-apa-mist\/","url":"https:\/\/bunnyboo.ro\/produs\/puf-pentru-interior-exterior-rezistent-la-apa-mist\/","name":"Puf pentru interior\/exterior rezistent la ap\u0103 - Mist","isPartOf":{"@id":"https:\/\/bunnyboo.ro\/#website"},"primaryImageOfPage":{"@id":"https:\/\/bunnyboo.ro\/produs\/puf-pentru-interior-exterior-rezistent-la-apa-mist\/#primaryimage"},"image":{"@id":"https:\/\/bunnyboo.ro\/produs\/puf-pentru-interior-exterior-rezistent-la-apa-mist\/#primaryimage"},"thumbnailUrl":"https:\/\/bunnyboo.ro\/wp-content\/uploads\/2024\/06\/fatboyhh.jpeg","datePublished":"2024-06-14T09:00:01+00:00","dateModified":"2025-06-02T07:55:14+00:00","breadcrumb":{"@id":"https:\/\/bunnyboo.ro\/produs\/puf-pentru-interior-exterior-rezistent-la-apa-mist\/#breadcrumb"},"inLanguage":"en-US","potentialAction":[{"@type":"ReadAction","target":["https:\/\/bunnyboo.ro\/produs\/puf-pentru-interior-exterior-rezistent-la-apa-mist\/"]}]},{"@type":"ImageObject","inLanguage":"en-US","@id":"https:\/\/bunnyboo.ro\/produs\/puf-pentru-interior-exterior-rezistent-la-apa-mist\/#primaryimage","url":"https:\/\/bunnyboo.ro\/wp-content\/uploads\/2024\/06\/fatboyhh.jpeg","contentUrl":"https:\/\/bunnyboo.ro\/wp-content\/uploads\/2024\/06\/fatboyhh.jpeg","width":1920,"height":1280},{"@type":"BreadcrumbList","@id":"https:\/\/bunnyboo.ro\/produs\/puf-pentru-interior-exterior-rezistent-la-apa-mist\/#breadcrumb","itemListElement":[{"@type":"ListItem","position":1,"name":"Home","item":"https:\/\/bunnyboo.ro\/en\/"},{"@type":"ListItem","position":2,"name":"New","item":"https:\/\/bunnyboo.ro\/en\/shop\/"},{"@type":"ListItem","position":3,"name":"Puf pentru interior\/exterior rezistent la ap\u0103 &#8211; Mist"}]},{"@type":"WebSite","@id":"https:\/\/bunnyboo.ro\/#website","url":"https:\/\/bunnyboo.ro\/","name":"Bunny Boo","description":"Bunny Boo","publisher":{"@id":"https:\/\/bunnyboo.ro\/#organization"},"potentialAction":[{"@type":"SearchAction","target":{"@type":"EntryPoint","urlTemplate":"https:\/\/bunnyboo.ro\/?s={search_term_string}"},"query-input":"required name=search_term_string"}],"inLanguage":"en-US"},{"@type":"Organization","@id":"https:\/\/bunnyboo.ro\/#organization","name":"Bunny Boo","url":"https:\/\/bunnyboo.ro\/","logo":{"@type":"ImageObject","inLanguage":"en-US","@id":"https:\/\/bunnyboo.ro\/#\/schema\/logo\/image\/","url":"https:\/\/bunnyboo.ro\/wp-content\/uploads\/2024\/03\/Logo-website-black.png","contentUrl":"https:\/\/bunnyboo.ro\/wp-content\/uploads\/2024\/03\/Logo-website-black.png","width":2422,"height":946,"caption":"Bunny Boo"},"image":{"@id":"https:\/\/bunnyboo.ro\/#\/schema\/logo\/image\/"}}]}},"_links":{"self":[{"href":"https:\/\/bunnyboo.ro\/en\/wp-json\/wp\/v2\/product\/22241","targetHints":{"allow":["GET"]}}],"collection":[{"href":"https:\/\/bunnyboo.ro\/en\/wp-json\/wp\/v2\/product"}],"about":[{"href":"https:\/\/bunnyboo.ro\/en\/wp-json\/wp\/v2\/types\/product"}],"replies":[{"embeddable":true,"href":"https:\/\/bunnyboo.ro\/en\/wp-json\/wp\/v2\/comments?post=22241"}],"wp:featuredmedia":[{"embeddable":true,"href":"https:\/\/bunnyboo.ro\/en\/wp-json\/wp\/v2\/media\/22242"}],"wp:attachment":[{"href":"https:\/\/bunnyboo.ro\/en\/wp-json\/wp\/v2\/media?parent=22241"}],"wp:term":[{"taxonomy":"product_brand","embeddable":true,"href":"https:\/\/bunnyboo.ro\/en\/wp-json\/wp\/v2\/product_brand?post=22241"},{"taxonomy":"product_cat","embeddable":true,"href":"https:\/\/bunnyboo.ro\/en\/wp-json\/wp\/v2\/product_cat?post=22241"},{"taxonomy":"product_tag","embeddable":true,"href":"https:\/\/bunnyboo.ro\/en\/wp-json\/wp\/v2\/product_tag?post=22241"}],"curies":[{"name":"wp","href":"https:\/\/api.w.org\/{rel}","templated":true}]}}