{"id":22225,"date":"2024-06-13T12:30:26","date_gmt":"2024-06-13T09:30:26","guid":{"rendered":"https:\/\/bunnyboo.ro\/?post_type=product&#038;p=22225"},"modified":"2024-12-17T14:20:14","modified_gmt":"2024-12-17T12:20:14","slug":"camera-foto-digitala-pentru-copii-urban-zoo-bear","status":"publish","type":"product","link":"https:\/\/bunnyboo.ro\/en\/produs\/camera-foto-digitala-pentru-copii-urban-zoo-bear\/","title":{"rendered":"Camer\u0103 foto digital\u0103 pentru copii Urban Zoo &#8211; Bear"},"content":{"rendered":"<p>V\u0103 prezent\u0103m camera pentru copii din colec\u021bia de top Urban Zoo: aprinde\u021bi imagina\u021bia cu distrac\u021bia Full HD!<br \/>\nDezl\u0103n\u021bui\u021bi creativitatea copilului dvs. cu camera pentru copii Yogi the Bear.<br \/>\n\u00cembin\u00e2nd tehnologia avansat\u0103 cu designul juc\u0103u\u0219, aceast\u0103 camer\u0103 ofer\u0103 o experien\u021b\u0103 extraordinar\u0103 pentru cei mici. Rezolu\u021bie video clar\u0103 Full HD 1080P: Urm\u0103re\u0219te cum imagina\u021bia copilului t\u0103u prinde via\u021b\u0103 \u00een videoclipuri uimitoare de \u00eenalt\u0103 defini\u021bie.<br \/>\nCamera pentru copii Zoofamily are o rezolu\u021bie video remarcabil\u0103 de 1080P, pict\u00e2nd fiecare moment \u00een culori vii \u0219i o claritate de neegalat. Rezolu\u021bie impresionant\u0103 de 48MP spate \u0219i fa\u021b\u0103: Incurajeaz\u0103-\u021bi copilul s\u0103 cuprind\u0103 lumea \u00een detalii incredibile.<br \/>\nDispun\u00e2nd de o rezolu\u021bie impresionant\u0103 de 48 MP \u00een spate \u0219i fa\u021b\u0103, camera Zoofamily asigur\u0103 c\u0103 fiecare instantaneu p\u0103streaz\u0103 esen\u021ba momentului.<\/p>\n<p>Protec\u021bie \u00eenc\u00e2nt\u0103toare pentru acoperirea lentilelor: Infuza\u021bi o not\u0103 de magie \u0219i siguran\u021b\u0103 cu capacul inclus pentru lentile cu tematic\u0103 urs.<br \/>\nAceast\u0103 hus\u0103 nu numai c\u0103 adaug\u0103 magie, ci \u0219i protejeaz\u0103 \u00eempotriva zg\u00e2rieturilor \u0219i a impacturilor minore.<br \/>\nCamera copilului dumneavoastr\u0103 r\u0103m\u00e2ne preg\u0103tit\u0103 pentru orice aventur\u0103, la fel ca ei! Captura\u021bi \u0219i crea\u021bi amintiri pre\u021bioase. Indiferent dac\u0103 copilul t\u0103u \u00ee\u0219i pozeaz\u0103 juc\u0103riile iubite, documenteaz\u0103 escapade \u00een familie sau se \u00eembarc\u0103 \u00een c\u0103l\u0103torii imaginare, aceast\u0103 camer\u0103 transform\u0103 momentele \u00een amintiri nepre\u021buite.<br \/>\nEcran tactil inteligent intuitiv: \u00cencurajeaz\u0103 explorarea artistic\u0103 a copilului t\u0103u cu ecranul tactil intuitiv. Ecranul tactil inteligent ofer\u0103 o defini\u021bie clar\u0103, f\u0103c\u00e2nd navigarea f\u0103r\u0103 efort. T\u00e2n\u0103rul t\u0103u fotograf poate s\u0103 ajusteze set\u0103rile f\u0103r\u0103 efort, s\u0103 revizuiasc\u0103 capturile \u0219i s\u0103 \u00ee\u0219i editeze crea\u021biile. Aprinde\u021bi imagina\u021bia copilului dvs. cu camera pentru copii, marca Zoofamily.<br \/>\nCultiveaz\u0103-le expresia artistic\u0103, hr\u0103ne\u0219te curiozitatea \u0219i porne\u0219te \u00eentr-o c\u0103l\u0103torie de povestire vizual\u0103 la fel de nem\u0103rginit\u0103 ca visele lor.<\/p>\n<p>\u2022 Camer\u0103 digital\u0103 pentru copii de 4,5 MP (48 MP interpolat\u0103)<\/p>\n<p>\u2022 Dimensiune camera 6,1 x 9,5 x 4,1 cm<\/p>\n<p>\u2022 V\u00e2rsta de la 5 p\u00e2n\u0103 la 10 ani<\/p>\n<p>\u2022 Ecran tactil colorat de aprox. 7,5 cm de v\u00e2rf<\/p>\n<p>\u2022 Colier 2 \u00een 1 \u0219i cablu de \u00eenc\u0103rcare incluse<\/p>\n<p>\u2022 Video \u0219i camer\u0103<\/p>\n<p>\u2022 Camera selfie<\/p>\n<p>\u2022 U\u0219oar\u0103, u\u0219or de utilizat \u0219i durabil\u0103<\/p>\n<p>\u2022 Peste 20 de rame foto \u0219i autocolante amuzante<\/p>\n<p>\u2022 Card de memorie de 32 GB inclus, bun pentru 2000 de fotografii sau videoclipuri de 4 ore<\/p>\n<p>\u2022 Baterie re\u00eenc\u0103rcabil\u0103 de 1000mAh. P\u00e2n\u0103 la 2 ore de utilizare continu\u0103<\/p>\n<p>\u2022Hus\u0103 din silicon deta\u0219abil\u0103 pentru o mai mare protec\u021bie \u0219i siguran\u021b\u0103<\/p>\n<p>\u2022 Rezistent\u0103 la \u0219ocuri \u0219i durabil\u0103<\/p>\n<p>\u2022 Multilingv.<\/p>\n","protected":false},"excerpt":{"rendered":"<p>V\u0103 prezent\u0103m camera pentru copii din colec\u021bia de top Urban Zoo: aprinde\u021bi imagina\u021bia cu distrac\u021bia Full HD! Dezl\u0103n\u021bui\u021bi creativitatea copilului dvs. cu camera pentru copii Yogi the Bear. \u00cembin\u00e2nd tehnologia avansat\u0103 cu designul juc\u0103u\u0219, aceast\u0103 camer\u0103 ofer\u0103 o experien\u021b\u0103 extraordinar\u0103 pentru cei mici. Rezolu\u021bie video clar\u0103 Full HD 1080P: Urm\u0103re\u0219te cum imagina\u021bia copilului t\u0103u prinde [&hellip;]<\/p>\n","protected":false},"featured_media":22226,"comment_status":"open","ping_status":"closed","template":"","meta":{"site-sidebar-layout":"default","site-content-layout":"","ast-site-content-layout":"default","site-content-style":"default","site-sidebar-style":"default","ast-global-header-display":"","ast-banner-title-visibility":"","ast-main-header-display":"","ast-hfb-above-header-display":"","ast-hfb-below-header-display":"","ast-hfb-mobile-header-display":"","site-post-title":"","ast-breadcrumbs-content":"","ast-featured-img":"","footer-sml-layout":"","theme-transparent-header-meta":"default","adv-header-id-meta":"","stick-header-meta":"default","header-above-stick-meta":"","header-main-stick-meta":"","header-below-stick-meta":"","astra-migrate-meta-layouts":"set","ast-page-background-enabled":"default","ast-page-background-meta":{"desktop":{"background-color":"","background-image":"","background-repeat":"repeat","background-position":"center center","background-size":"auto","background-attachment":"scroll","background-type":"","background-media":"","overlay-type":"","overlay-color":"","overlay-opacity":"","overlay-gradient":""},"tablet":{"background-color":"","background-image":"","background-repeat":"repeat","background-position":"center center","background-size":"auto","background-attachment":"scroll","background-type":"","background-media":"","overlay-type":"","overlay-color":"","overlay-opacity":"","overlay-gradient":""},"mobile":{"background-color":"","background-image":"","background-repeat":"repeat","background-position":"center center","background-size":"auto","background-attachment":"scroll","background-type":"","background-media":"","overlay-type":"","overlay-color":"","overlay-opacity":"","overlay-gradient":""}},"ast-content-background-meta":{"desktop":{"background-color":"var(--ast-global-color-5)","background-image":"","background-repeat":"repeat","background-position":"center center","background-size":"auto","background-attachment":"scroll","background-type":"","background-media":"","overlay-type":"","overlay-color":"","overlay-opacity":"","overlay-gradient":""},"tablet":{"background-color":"var(--ast-global-color-5)","background-image":"","background-repeat":"repeat","background-position":"center center","background-size":"auto","background-attachment":"scroll","background-type":"","background-media":"","overlay-type":"","overlay-color":"","overlay-opacity":"","overlay-gradient":""},"mobile":{"background-color":"var(--ast-global-color-5)","background-image":"","background-repeat":"repeat","background-position":"center center","background-size":"auto","background-attachment":"scroll","background-type":"","background-media":"","overlay-type":"","overlay-color":"","overlay-opacity":"","overlay-gradient":""}}},"product_brand":[],"product_cat":[274,65,124],"product_tag":[],"class_list":{"0":"post-22225","1":"product","2":"type-product","3":"status-publish","4":"has-post-thumbnail","6":"product_cat-fotografie-si-distractie-in-acelasi-timp","7":"product_cat-noutati-minunate-pentru-puiul-tau","8":"product_cat-jucarii-noi-si-moderne","9":"desktop-align-left","10":"tablet-align-left","11":"mobile-align-left","12":"ast-product-gallery-layout-horizontal-slider","13":"ast-product-tabs-layout-vertical","14":"ast-qv-on-image","16":"first","17":"instock","18":"shipping-taxable","19":"purchasable","20":"product-type-simple"},"yoast_head":"<!-- This site is optimized with the Yoast SEO plugin v22.6 - https:\/\/yoast.com\/wordpress\/plugins\/seo\/ -->\n<title>Camer\u0103 foto digital\u0103 pentru copii Urban Zoo - Bear<\/title>\n<meta name=\"robots\" content=\"index, follow, max-snippet:-1, max-image-preview:large, max-video-preview:-1\" \/>\n<link rel=\"canonical\" href=\"https:\/\/bunnyboo.ro\/produs\/camera-foto-digitala-pentru-copii-urban-zoo-bear\/\" \/>\n<meta property=\"og:locale\" content=\"en_US\" \/>\n<meta property=\"og:type\" content=\"article\" \/>\n<meta property=\"og:title\" content=\"Camer\u0103 foto digital\u0103 pentru copii Urban Zoo - Bear\" \/>\n<meta property=\"og:description\" content=\"V\u0103 prezent\u0103m camera pentru copii din colec\u021bia de top Urban Zoo: aprinde\u021bi imagina\u021bia cu distrac\u021bia Full HD! Dezl\u0103n\u021bui\u021bi creativitatea copilului dvs. cu camera pentru copii Yogi the Bear. \u00cembin\u00e2nd tehnologia avansat\u0103 cu designul juc\u0103u\u0219, aceast\u0103 camer\u0103 ofer\u0103 o experien\u021b\u0103 extraordinar\u0103 pentru cei mici. Rezolu\u021bie video clar\u0103 Full HD 1080P: Urm\u0103re\u0219te cum imagina\u021bia copilului t\u0103u prinde [&hellip;]\" \/>\n<meta property=\"og:url\" content=\"https:\/\/bunnyboo.ro\/produs\/camera-foto-digitala-pentru-copii-urban-zoo-bear\/\" \/>\n<meta property=\"og:site_name\" content=\"Bunny Boo\" \/>\n<meta property=\"article:modified_time\" content=\"2024-12-17T12:20:14+00:00\" \/>\n<meta property=\"og:image\" content=\"https:\/\/bunnyboo.ro\/wp-content\/uploads\/2024\/06\/zz_50307685-07e0-4c41-b975-1a4859bec605_2500x-ezgif.com-webp-to-jpg-converter.jpg\" \/>\n\t<meta property=\"og:image:width\" content=\"1500\" \/>\n\t<meta property=\"og:image:height\" content=\"1500\" \/>\n\t<meta property=\"og:image:type\" content=\"image\/jpeg\" \/>\n<meta name=\"twitter:card\" content=\"summary_large_image\" \/>\n<meta name=\"twitter:label1\" content=\"Est. reading time\" \/>\n\t<meta name=\"twitter:data1\" content=\"2 minutes\" \/>\n<script type=\"application\/ld+json\" class=\"yoast-schema-graph\">{\"@context\":\"https:\/\/schema.org\",\"@graph\":[{\"@type\":\"WebPage\",\"@id\":\"https:\/\/bunnyboo.ro\/produs\/camera-foto-digitala-pentru-copii-urban-zoo-bear\/\",\"url\":\"https:\/\/bunnyboo.ro\/produs\/camera-foto-digitala-pentru-copii-urban-zoo-bear\/\",\"name\":\"Camer\u0103 foto digital\u0103 pentru copii Urban Zoo - Bear\",\"isPartOf\":{\"@id\":\"https:\/\/bunnyboo.ro\/#website\"},\"primaryImageOfPage\":{\"@id\":\"https:\/\/bunnyboo.ro\/produs\/camera-foto-digitala-pentru-copii-urban-zoo-bear\/#primaryimage\"},\"image\":{\"@id\":\"https:\/\/bunnyboo.ro\/produs\/camera-foto-digitala-pentru-copii-urban-zoo-bear\/#primaryimage\"},\"thumbnailUrl\":\"https:\/\/bunnyboo.ro\/wp-content\/uploads\/2024\/06\/zz_50307685-07e0-4c41-b975-1a4859bec605_2500x-ezgif.com-webp-to-jpg-converter.jpg\",\"datePublished\":\"2024-06-13T09:30:26+00:00\",\"dateModified\":\"2024-12-17T12:20:14+00:00\",\"breadcrumb\":{\"@id\":\"https:\/\/bunnyboo.ro\/produs\/camera-foto-digitala-pentru-copii-urban-zoo-bear\/#breadcrumb\"},\"inLanguage\":\"en-US\",\"potentialAction\":[{\"@type\":\"ReadAction\",\"target\":[\"https:\/\/bunnyboo.ro\/produs\/camera-foto-digitala-pentru-copii-urban-zoo-bear\/\"]}]},{\"@type\":\"ImageObject\",\"inLanguage\":\"en-US\",\"@id\":\"https:\/\/bunnyboo.ro\/produs\/camera-foto-digitala-pentru-copii-urban-zoo-bear\/#primaryimage\",\"url\":\"https:\/\/bunnyboo.ro\/wp-content\/uploads\/2024\/06\/zz_50307685-07e0-4c41-b975-1a4859bec605_2500x-ezgif.com-webp-to-jpg-converter.jpg\",\"contentUrl\":\"https:\/\/bunnyboo.ro\/wp-content\/uploads\/2024\/06\/zz_50307685-07e0-4c41-b975-1a4859bec605_2500x-ezgif.com-webp-to-jpg-converter.jpg\",\"width\":1500,\"height\":1500},{\"@type\":\"BreadcrumbList\",\"@id\":\"https:\/\/bunnyboo.ro\/produs\/camera-foto-digitala-pentru-copii-urban-zoo-bear\/#breadcrumb\",\"itemListElement\":[{\"@type\":\"ListItem\",\"position\":1,\"name\":\"Home\",\"item\":\"https:\/\/bunnyboo.ro\/en\/\"},{\"@type\":\"ListItem\",\"position\":2,\"name\":\"New\",\"item\":\"https:\/\/bunnyboo.ro\/en\/shop\/\"},{\"@type\":\"ListItem\",\"position\":3,\"name\":\"Camer\u0103 foto digital\u0103 pentru copii Urban Zoo &#8211; Bear\"}]},{\"@type\":\"WebSite\",\"@id\":\"https:\/\/bunnyboo.ro\/#website\",\"url\":\"https:\/\/bunnyboo.ro\/\",\"name\":\"Bunny Boo\",\"description\":\"Bunny Boo\",\"publisher\":{\"@id\":\"https:\/\/bunnyboo.ro\/#organization\"},\"potentialAction\":[{\"@type\":\"SearchAction\",\"target\":{\"@type\":\"EntryPoint\",\"urlTemplate\":\"https:\/\/bunnyboo.ro\/?s={search_term_string}\"},\"query-input\":\"required name=search_term_string\"}],\"inLanguage\":\"en-US\"},{\"@type\":\"Organization\",\"@id\":\"https:\/\/bunnyboo.ro\/#organization\",\"name\":\"Bunny Boo\",\"url\":\"https:\/\/bunnyboo.ro\/\",\"logo\":{\"@type\":\"ImageObject\",\"inLanguage\":\"en-US\",\"@id\":\"https:\/\/bunnyboo.ro\/#\/schema\/logo\/image\/\",\"url\":\"https:\/\/bunnyboo.ro\/wp-content\/uploads\/2024\/03\/Logo-website-black.png\",\"contentUrl\":\"https:\/\/bunnyboo.ro\/wp-content\/uploads\/2024\/03\/Logo-website-black.png\",\"width\":2422,\"height\":946,\"caption\":\"Bunny Boo\"},\"image\":{\"@id\":\"https:\/\/bunnyboo.ro\/#\/schema\/logo\/image\/\"}}]}<\/script>\n<!-- \/ Yoast SEO plugin. -->","yoast_head_json":{"title":"Camer\u0103 foto digital\u0103 pentru copii Urban Zoo - Bear","robots":{"index":"index","follow":"follow","max-snippet":"max-snippet:-1","max-image-preview":"max-image-preview:large","max-video-preview":"max-video-preview:-1"},"canonical":"https:\/\/bunnyboo.ro\/produs\/camera-foto-digitala-pentru-copii-urban-zoo-bear\/","og_locale":"en_US","og_type":"article","og_title":"Camer\u0103 foto digital\u0103 pentru copii Urban Zoo - Bear","og_description":"V\u0103 prezent\u0103m camera pentru copii din colec\u021bia de top Urban Zoo: aprinde\u021bi imagina\u021bia cu distrac\u021bia Full HD! Dezl\u0103n\u021bui\u021bi creativitatea copilului dvs. cu camera pentru copii Yogi the Bear. \u00cembin\u00e2nd tehnologia avansat\u0103 cu designul juc\u0103u\u0219, aceast\u0103 camer\u0103 ofer\u0103 o experien\u021b\u0103 extraordinar\u0103 pentru cei mici. Rezolu\u021bie video clar\u0103 Full HD 1080P: Urm\u0103re\u0219te cum imagina\u021bia copilului t\u0103u prinde [&hellip;]","og_url":"https:\/\/bunnyboo.ro\/produs\/camera-foto-digitala-pentru-copii-urban-zoo-bear\/","og_site_name":"Bunny Boo","article_modified_time":"2024-12-17T12:20:14+00:00","og_image":[{"width":1500,"height":1500,"url":"https:\/\/bunnyboo.ro\/wp-content\/uploads\/2024\/06\/zz_50307685-07e0-4c41-b975-1a4859bec605_2500x-ezgif.com-webp-to-jpg-converter.jpg","type":"image\/jpeg"}],"twitter_card":"summary_large_image","twitter_misc":{"Est. reading time":"2 minutes"},"schema":{"@context":"https:\/\/schema.org","@graph":[{"@type":"WebPage","@id":"https:\/\/bunnyboo.ro\/produs\/camera-foto-digitala-pentru-copii-urban-zoo-bear\/","url":"https:\/\/bunnyboo.ro\/produs\/camera-foto-digitala-pentru-copii-urban-zoo-bear\/","name":"Camer\u0103 foto digital\u0103 pentru copii Urban Zoo - Bear","isPartOf":{"@id":"https:\/\/bunnyboo.ro\/#website"},"primaryImageOfPage":{"@id":"https:\/\/bunnyboo.ro\/produs\/camera-foto-digitala-pentru-copii-urban-zoo-bear\/#primaryimage"},"image":{"@id":"https:\/\/bunnyboo.ro\/produs\/camera-foto-digitala-pentru-copii-urban-zoo-bear\/#primaryimage"},"thumbnailUrl":"https:\/\/bunnyboo.ro\/wp-content\/uploads\/2024\/06\/zz_50307685-07e0-4c41-b975-1a4859bec605_2500x-ezgif.com-webp-to-jpg-converter.jpg","datePublished":"2024-06-13T09:30:26+00:00","dateModified":"2024-12-17T12:20:14+00:00","breadcrumb":{"@id":"https:\/\/bunnyboo.ro\/produs\/camera-foto-digitala-pentru-copii-urban-zoo-bear\/#breadcrumb"},"inLanguage":"en-US","potentialAction":[{"@type":"ReadAction","target":["https:\/\/bunnyboo.ro\/produs\/camera-foto-digitala-pentru-copii-urban-zoo-bear\/"]}]},{"@type":"ImageObject","inLanguage":"en-US","@id":"https:\/\/bunnyboo.ro\/produs\/camera-foto-digitala-pentru-copii-urban-zoo-bear\/#primaryimage","url":"https:\/\/bunnyboo.ro\/wp-content\/uploads\/2024\/06\/zz_50307685-07e0-4c41-b975-1a4859bec605_2500x-ezgif.com-webp-to-jpg-converter.jpg","contentUrl":"https:\/\/bunnyboo.ro\/wp-content\/uploads\/2024\/06\/zz_50307685-07e0-4c41-b975-1a4859bec605_2500x-ezgif.com-webp-to-jpg-converter.jpg","width":1500,"height":1500},{"@type":"BreadcrumbList","@id":"https:\/\/bunnyboo.ro\/produs\/camera-foto-digitala-pentru-copii-urban-zoo-bear\/#breadcrumb","itemListElement":[{"@type":"ListItem","position":1,"name":"Home","item":"https:\/\/bunnyboo.ro\/en\/"},{"@type":"ListItem","position":2,"name":"New","item":"https:\/\/bunnyboo.ro\/en\/shop\/"},{"@type":"ListItem","position":3,"name":"Camer\u0103 foto digital\u0103 pentru copii Urban Zoo &#8211; Bear"}]},{"@type":"WebSite","@id":"https:\/\/bunnyboo.ro\/#website","url":"https:\/\/bunnyboo.ro\/","name":"Bunny Boo","description":"Bunny Boo","publisher":{"@id":"https:\/\/bunnyboo.ro\/#organization"},"potentialAction":[{"@type":"SearchAction","target":{"@type":"EntryPoint","urlTemplate":"https:\/\/bunnyboo.ro\/?s={search_term_string}"},"query-input":"required name=search_term_string"}],"inLanguage":"en-US"},{"@type":"Organization","@id":"https:\/\/bunnyboo.ro\/#organization","name":"Bunny Boo","url":"https:\/\/bunnyboo.ro\/","logo":{"@type":"ImageObject","inLanguage":"en-US","@id":"https:\/\/bunnyboo.ro\/#\/schema\/logo\/image\/","url":"https:\/\/bunnyboo.ro\/wp-content\/uploads\/2024\/03\/Logo-website-black.png","contentUrl":"https:\/\/bunnyboo.ro\/wp-content\/uploads\/2024\/03\/Logo-website-black.png","width":2422,"height":946,"caption":"Bunny Boo"},"image":{"@id":"https:\/\/bunnyboo.ro\/#\/schema\/logo\/image\/"}}]}},"_links":{"self":[{"href":"https:\/\/bunnyboo.ro\/en\/wp-json\/wp\/v2\/product\/22225","targetHints":{"allow":["GET"]}}],"collection":[{"href":"https:\/\/bunnyboo.ro\/en\/wp-json\/wp\/v2\/product"}],"about":[{"href":"https:\/\/bunnyboo.ro\/en\/wp-json\/wp\/v2\/types\/product"}],"replies":[{"embeddable":true,"href":"https:\/\/bunnyboo.ro\/en\/wp-json\/wp\/v2\/comments?post=22225"}],"wp:featuredmedia":[{"embeddable":true,"href":"https:\/\/bunnyboo.ro\/en\/wp-json\/wp\/v2\/media\/22226"}],"wp:attachment":[{"href":"https:\/\/bunnyboo.ro\/en\/wp-json\/wp\/v2\/media?parent=22225"}],"wp:term":[{"taxonomy":"product_brand","embeddable":true,"href":"https:\/\/bunnyboo.ro\/en\/wp-json\/wp\/v2\/product_brand?post=22225"},{"taxonomy":"product_cat","embeddable":true,"href":"https:\/\/bunnyboo.ro\/en\/wp-json\/wp\/v2\/product_cat?post=22225"},{"taxonomy":"product_tag","embeddable":true,"href":"https:\/\/bunnyboo.ro\/en\/wp-json\/wp\/v2\/product_tag?post=22225"}],"curies":[{"name":"wp","href":"https:\/\/api.w.org\/{rel}","templated":true}]}}