{"id":22188,"date":"2024-06-10T12:30:38","date_gmt":"2024-06-10T09:30:38","guid":{"rendered":"https:\/\/bunnyboo.ro\/?post_type=product&#038;p=22188"},"modified":"2026-03-26T11:55:37","modified_gmt":"2026-03-26T09:55:37","slug":"hai-la-joaca","status":"publish","type":"product","link":"https:\/\/bunnyboo.ro\/en\/produs\/hai-la-joaca\/","title":{"rendered":"Set de joaca Stapelstein Inside Rainbow Set Pastel"},"content":{"rendered":"<p>hai la joaca! Noul set de joaca Stapelstein\u00ae Summer rainbow pastel este esential in joaca imaginativa si dinamica. In curte la iarba verde, la piscina sau la mare, cu siguranta vei crea amintiri de neuitat cu setul de joaca Summer.<br \/>\nDatorit\u0103 culorilor deschise, se potrive\u0219te \u00een orice interior. Elementele Stapelstein\u00ae \u00een culori pastelate pot fi combinate cu toate celelalte elemente Original \u0219i Board. Mai ales \u00een combina\u021bie cu rainbow original, apar combina\u021bii de culori grozave, care \u00eencurajeaz\u0103 mi\u0219carea, precum \u0219i jocul imaginativ de stivuire.<br \/>\nExperimenta\u021bi magia Stapelstein\u00ae Summer rainbow pastel. Strat dup\u0103 strat de culori inspir\u0103 un univers de joac\u0103 \u0219i activitate creativ\u0103. Construie\u0219te sculpturi extraordinare \u00een curcubeu si creeaz\u0103 peisaje de joac\u0103 \u00een m\u0103rime natural\u0103.<\/p>\n<p>Juc\u0103rie de stivuire sigur\u0103: f\u0103r\u0103 col\u021buri ascu\u021bite, impermeabil\u0103, rezistent\u0103 la saliva \u0219i la UV.<\/p>\n<p>Greutate suportata: pana la 180 de kg<\/p>\n<p>Poate fi folosit atat in interior cat si in exteriorul casei, in parc sau la mare.<\/p>\n<p>Varsta recomandata: 1 an+<\/p>\n<p>Material: 100% EPP reciclabil (polipropilen\u0103 expandat\u0103)<\/p>\n<p>1 x Stapelstein Original super warm<\/p>\n<p>1 x Stapelstein Original super cool<\/p>\n<p>1 x Stapelstein inside L light red<\/p>\n<p>1 x Stapelstein inside M light orange<\/p>\n<p>1 x Stapelstein inside S light yellow<\/p>\n<p>1 x Stapelstein inside L mint<\/p>\n<p>1 x Stapelstein inside M light blue<\/p>\n<p>1 x Stapelstein inside S light violet<\/p>\n<p>&nbsp;<\/p>\n<div><\/div>\n<p>&nbsp;<\/p>\n<p>&nbsp;<\/p>\n","protected":false},"excerpt":{"rendered":"<p>hai la joaca! Noul set de joaca Stapelstein\u00ae Summer rainbow pastel este esential in joaca imaginativa si dinamica. In curte la iarba verde, la piscina sau la mare, cu siguranta vei crea amintiri de neuitat cu setul de joaca Summer. Datorit\u0103 culorilor deschise, se potrive\u0219te \u00een orice interior. Elementele Stapelstein\u00ae \u00een culori pastelate pot fi [&hellip;]<\/p>\n","protected":false},"featured_media":22189,"comment_status":"open","ping_status":"closed","template":"","meta":{"site-sidebar-layout":"default","site-content-layout":"","ast-site-content-layout":"default","site-content-style":"default","site-sidebar-style":"default","ast-global-header-display":"","ast-banner-title-visibility":"","ast-main-header-display":"","ast-hfb-above-header-display":"","ast-hfb-below-header-display":"","ast-hfb-mobile-header-display":"","site-post-title":"","ast-breadcrumbs-content":"","ast-featured-img":"","footer-sml-layout":"","theme-transparent-header-meta":"default","adv-header-id-meta":"","stick-header-meta":"default","header-above-stick-meta":"","header-main-stick-meta":"","header-below-stick-meta":"","astra-migrate-meta-layouts":"set","ast-page-background-enabled":"default","ast-page-background-meta":{"desktop":{"background-color":"","background-image":"","background-repeat":"repeat","background-position":"center center","background-size":"auto","background-attachment":"scroll","background-type":"","background-media":"","overlay-type":"","overlay-color":"","overlay-opacity":"","overlay-gradient":""},"tablet":{"background-color":"","background-image":"","background-repeat":"repeat","background-position":"center center","background-size":"auto","background-attachment":"scroll","background-type":"","background-media":"","overlay-type":"","overlay-color":"","overlay-opacity":"","overlay-gradient":""},"mobile":{"background-color":"","background-image":"","background-repeat":"repeat","background-position":"center center","background-size":"auto","background-attachment":"scroll","background-type":"","background-media":"","overlay-type":"","overlay-color":"","overlay-opacity":"","overlay-gradient":""}},"ast-content-background-meta":{"desktop":{"background-color":"var(--ast-global-color-5)","background-image":"","background-repeat":"repeat","background-position":"center center","background-size":"auto","background-attachment":"scroll","background-type":"","background-media":"","overlay-type":"","overlay-color":"","overlay-opacity":"","overlay-gradient":""},"tablet":{"background-color":"var(--ast-global-color-5)","background-image":"","background-repeat":"repeat","background-position":"center center","background-size":"auto","background-attachment":"scroll","background-type":"","background-media":"","overlay-type":"","overlay-color":"","overlay-opacity":"","overlay-gradient":""},"mobile":{"background-color":"var(--ast-global-color-5)","background-image":"","background-repeat":"repeat","background-position":"center center","background-size":"auto","background-attachment":"scroll","background-type":"","background-media":"","overlay-type":"","overlay-color":"","overlay-opacity":"","overlay-gradient":""}}},"product_brand":[],"product_cat":[65,71,132],"product_tag":[],"class_list":{"0":"post-22188","1":"product","2":"type-product","3":"status-publish","4":"has-post-thumbnail","6":"product_cat-noutati-minunate-pentru-puiul-tau","7":"product_cat-seturi-de-joaca-colorate-si-distractive","8":"product_cat-reduceri-pentru-tine","9":"desktop-align-left","10":"tablet-align-left","11":"mobile-align-left","12":"ast-product-gallery-layout-horizontal-slider","13":"ast-product-tabs-layout-vertical","14":"ast-qv-on-image","16":"first","17":"instock","18":"sale","19":"shipping-taxable","20":"purchasable","21":"product-type-simple"},"yoast_head":"<!-- This site is optimized with the Yoast SEO plugin v22.6 - https:\/\/yoast.com\/wordpress\/plugins\/seo\/ -->\n<title>Set de joaca Stapelstein Inside Rainbow Set Pastel<\/title>\n<meta name=\"robots\" content=\"index, follow, max-snippet:-1, max-image-preview:large, max-video-preview:-1\" \/>\n<link rel=\"canonical\" href=\"https:\/\/bunnyboo.ro\/produs\/hai-la-joaca\/\" \/>\n<meta property=\"og:locale\" content=\"en_US\" \/>\n<meta property=\"og:type\" content=\"article\" \/>\n<meta property=\"og:title\" content=\"Set de joaca Stapelstein Inside Rainbow Set Pastel\" \/>\n<meta property=\"og:description\" content=\"hai la joaca! Noul set de joaca Stapelstein\u00ae Summer rainbow pastel este esential in joaca imaginativa si dinamica. In curte la iarba verde, la piscina sau la mare, cu siguranta vei crea amintiri de neuitat cu setul de joaca Summer. Datorit\u0103 culorilor deschise, se potrive\u0219te \u00een orice interior. Elementele Stapelstein\u00ae \u00een culori pastelate pot fi [&hellip;]\" \/>\n<meta property=\"og:url\" content=\"https:\/\/bunnyboo.ro\/produs\/hai-la-joaca\/\" \/>\n<meta property=\"og:site_name\" content=\"Bunny Boo\" \/>\n<meta property=\"article:modified_time\" content=\"2026-03-26T09:55:37+00:00\" \/>\n<meta property=\"og:image\" content=\"https:\/\/bunnyboo.ro\/wp-content\/uploads\/2024\/06\/IMG_2761.webp\" \/>\n\t<meta property=\"og:image:width\" content=\"1080\" \/>\n\t<meta property=\"og:image:height\" content=\"1350\" \/>\n\t<meta property=\"og:image:type\" content=\"image\/webp\" \/>\n<meta name=\"twitter:card\" content=\"summary_large_image\" \/>\n<meta name=\"twitter:label1\" content=\"Est. reading time\" \/>\n\t<meta name=\"twitter:data1\" content=\"1 minute\" \/>\n<script type=\"application\/ld+json\" class=\"yoast-schema-graph\">{\"@context\":\"https:\/\/schema.org\",\"@graph\":[{\"@type\":\"WebPage\",\"@id\":\"https:\/\/bunnyboo.ro\/produs\/hai-la-joaca\/\",\"url\":\"https:\/\/bunnyboo.ro\/produs\/hai-la-joaca\/\",\"name\":\"Set de joaca Stapelstein Inside Rainbow Set Pastel\",\"isPartOf\":{\"@id\":\"https:\/\/bunnyboo.ro\/#website\"},\"primaryImageOfPage\":{\"@id\":\"https:\/\/bunnyboo.ro\/produs\/hai-la-joaca\/#primaryimage\"},\"image\":{\"@id\":\"https:\/\/bunnyboo.ro\/produs\/hai-la-joaca\/#primaryimage\"},\"thumbnailUrl\":\"https:\/\/bunnyboo.ro\/wp-content\/uploads\/2024\/06\/IMG_2761.webp\",\"datePublished\":\"2024-06-10T09:30:38+00:00\",\"dateModified\":\"2026-03-26T09:55:37+00:00\",\"breadcrumb\":{\"@id\":\"https:\/\/bunnyboo.ro\/produs\/hai-la-joaca\/#breadcrumb\"},\"inLanguage\":\"en-US\",\"potentialAction\":[{\"@type\":\"ReadAction\",\"target\":[\"https:\/\/bunnyboo.ro\/produs\/hai-la-joaca\/\"]}]},{\"@type\":\"ImageObject\",\"inLanguage\":\"en-US\",\"@id\":\"https:\/\/bunnyboo.ro\/produs\/hai-la-joaca\/#primaryimage\",\"url\":\"https:\/\/bunnyboo.ro\/wp-content\/uploads\/2024\/06\/IMG_2761.webp\",\"contentUrl\":\"https:\/\/bunnyboo.ro\/wp-content\/uploads\/2024\/06\/IMG_2761.webp\",\"width\":1080,\"height\":1350},{\"@type\":\"BreadcrumbList\",\"@id\":\"https:\/\/bunnyboo.ro\/produs\/hai-la-joaca\/#breadcrumb\",\"itemListElement\":[{\"@type\":\"ListItem\",\"position\":1,\"name\":\"Home\",\"item\":\"https:\/\/bunnyboo.ro\/en\/\"},{\"@type\":\"ListItem\",\"position\":2,\"name\":\"New\",\"item\":\"https:\/\/bunnyboo.ro\/en\/shop\/\"},{\"@type\":\"ListItem\",\"position\":3,\"name\":\"Set de joaca Stapelstein Inside Rainbow Set Pastel\"}]},{\"@type\":\"WebSite\",\"@id\":\"https:\/\/bunnyboo.ro\/#website\",\"url\":\"https:\/\/bunnyboo.ro\/\",\"name\":\"Bunny Boo\",\"description\":\"Bunny Boo\",\"publisher\":{\"@id\":\"https:\/\/bunnyboo.ro\/#organization\"},\"potentialAction\":[{\"@type\":\"SearchAction\",\"target\":{\"@type\":\"EntryPoint\",\"urlTemplate\":\"https:\/\/bunnyboo.ro\/?s={search_term_string}\"},\"query-input\":\"required name=search_term_string\"}],\"inLanguage\":\"en-US\"},{\"@type\":\"Organization\",\"@id\":\"https:\/\/bunnyboo.ro\/#organization\",\"name\":\"Bunny Boo\",\"url\":\"https:\/\/bunnyboo.ro\/\",\"logo\":{\"@type\":\"ImageObject\",\"inLanguage\":\"en-US\",\"@id\":\"https:\/\/bunnyboo.ro\/#\/schema\/logo\/image\/\",\"url\":\"https:\/\/bunnyboo.ro\/wp-content\/uploads\/2024\/03\/Logo-website-black.png\",\"contentUrl\":\"https:\/\/bunnyboo.ro\/wp-content\/uploads\/2024\/03\/Logo-website-black.png\",\"width\":2422,\"height\":946,\"caption\":\"Bunny Boo\"},\"image\":{\"@id\":\"https:\/\/bunnyboo.ro\/#\/schema\/logo\/image\/\"}}]}<\/script>\n<!-- \/ Yoast SEO plugin. -->","yoast_head_json":{"title":"Set de joaca Stapelstein Inside Rainbow Set Pastel","robots":{"index":"index","follow":"follow","max-snippet":"max-snippet:-1","max-image-preview":"max-image-preview:large","max-video-preview":"max-video-preview:-1"},"canonical":"https:\/\/bunnyboo.ro\/produs\/hai-la-joaca\/","og_locale":"en_US","og_type":"article","og_title":"Set de joaca Stapelstein Inside Rainbow Set Pastel","og_description":"hai la joaca! Noul set de joaca Stapelstein\u00ae Summer rainbow pastel este esential in joaca imaginativa si dinamica. In curte la iarba verde, la piscina sau la mare, cu siguranta vei crea amintiri de neuitat cu setul de joaca Summer. Datorit\u0103 culorilor deschise, se potrive\u0219te \u00een orice interior. Elementele Stapelstein\u00ae \u00een culori pastelate pot fi [&hellip;]","og_url":"https:\/\/bunnyboo.ro\/produs\/hai-la-joaca\/","og_site_name":"Bunny Boo","article_modified_time":"2026-03-26T09:55:37+00:00","og_image":[{"width":1080,"height":1350,"url":"https:\/\/bunnyboo.ro\/wp-content\/uploads\/2024\/06\/IMG_2761.webp","type":"image\/webp"}],"twitter_card":"summary_large_image","twitter_misc":{"Est. reading time":"1 minute"},"schema":{"@context":"https:\/\/schema.org","@graph":[{"@type":"WebPage","@id":"https:\/\/bunnyboo.ro\/produs\/hai-la-joaca\/","url":"https:\/\/bunnyboo.ro\/produs\/hai-la-joaca\/","name":"Set de joaca Stapelstein Inside Rainbow Set Pastel","isPartOf":{"@id":"https:\/\/bunnyboo.ro\/#website"},"primaryImageOfPage":{"@id":"https:\/\/bunnyboo.ro\/produs\/hai-la-joaca\/#primaryimage"},"image":{"@id":"https:\/\/bunnyboo.ro\/produs\/hai-la-joaca\/#primaryimage"},"thumbnailUrl":"https:\/\/bunnyboo.ro\/wp-content\/uploads\/2024\/06\/IMG_2761.webp","datePublished":"2024-06-10T09:30:38+00:00","dateModified":"2026-03-26T09:55:37+00:00","breadcrumb":{"@id":"https:\/\/bunnyboo.ro\/produs\/hai-la-joaca\/#breadcrumb"},"inLanguage":"en-US","potentialAction":[{"@type":"ReadAction","target":["https:\/\/bunnyboo.ro\/produs\/hai-la-joaca\/"]}]},{"@type":"ImageObject","inLanguage":"en-US","@id":"https:\/\/bunnyboo.ro\/produs\/hai-la-joaca\/#primaryimage","url":"https:\/\/bunnyboo.ro\/wp-content\/uploads\/2024\/06\/IMG_2761.webp","contentUrl":"https:\/\/bunnyboo.ro\/wp-content\/uploads\/2024\/06\/IMG_2761.webp","width":1080,"height":1350},{"@type":"BreadcrumbList","@id":"https:\/\/bunnyboo.ro\/produs\/hai-la-joaca\/#breadcrumb","itemListElement":[{"@type":"ListItem","position":1,"name":"Home","item":"https:\/\/bunnyboo.ro\/en\/"},{"@type":"ListItem","position":2,"name":"New","item":"https:\/\/bunnyboo.ro\/en\/shop\/"},{"@type":"ListItem","position":3,"name":"Set de joaca Stapelstein Inside Rainbow Set Pastel"}]},{"@type":"WebSite","@id":"https:\/\/bunnyboo.ro\/#website","url":"https:\/\/bunnyboo.ro\/","name":"Bunny Boo","description":"Bunny Boo","publisher":{"@id":"https:\/\/bunnyboo.ro\/#organization"},"potentialAction":[{"@type":"SearchAction","target":{"@type":"EntryPoint","urlTemplate":"https:\/\/bunnyboo.ro\/?s={search_term_string}"},"query-input":"required name=search_term_string"}],"inLanguage":"en-US"},{"@type":"Organization","@id":"https:\/\/bunnyboo.ro\/#organization","name":"Bunny Boo","url":"https:\/\/bunnyboo.ro\/","logo":{"@type":"ImageObject","inLanguage":"en-US","@id":"https:\/\/bunnyboo.ro\/#\/schema\/logo\/image\/","url":"https:\/\/bunnyboo.ro\/wp-content\/uploads\/2024\/03\/Logo-website-black.png","contentUrl":"https:\/\/bunnyboo.ro\/wp-content\/uploads\/2024\/03\/Logo-website-black.png","width":2422,"height":946,"caption":"Bunny Boo"},"image":{"@id":"https:\/\/bunnyboo.ro\/#\/schema\/logo\/image\/"}}]}},"_links":{"self":[{"href":"https:\/\/bunnyboo.ro\/en\/wp-json\/wp\/v2\/product\/22188","targetHints":{"allow":["GET"]}}],"collection":[{"href":"https:\/\/bunnyboo.ro\/en\/wp-json\/wp\/v2\/product"}],"about":[{"href":"https:\/\/bunnyboo.ro\/en\/wp-json\/wp\/v2\/types\/product"}],"replies":[{"embeddable":true,"href":"https:\/\/bunnyboo.ro\/en\/wp-json\/wp\/v2\/comments?post=22188"}],"wp:featuredmedia":[{"embeddable":true,"href":"https:\/\/bunnyboo.ro\/en\/wp-json\/wp\/v2\/media\/22189"}],"wp:attachment":[{"href":"https:\/\/bunnyboo.ro\/en\/wp-json\/wp\/v2\/media?parent=22188"}],"wp:term":[{"taxonomy":"product_brand","embeddable":true,"href":"https:\/\/bunnyboo.ro\/en\/wp-json\/wp\/v2\/product_brand?post=22188"},{"taxonomy":"product_cat","embeddable":true,"href":"https:\/\/bunnyboo.ro\/en\/wp-json\/wp\/v2\/product_cat?post=22188"},{"taxonomy":"product_tag","embeddable":true,"href":"https:\/\/bunnyboo.ro\/en\/wp-json\/wp\/v2\/product_tag?post=22188"}],"curies":[{"name":"wp","href":"https:\/\/api.w.org\/{rel}","templated":true}]}}