{"id":22005,"date":"2024-05-27T12:15:00","date_gmt":"2024-05-27T09:15:00","guid":{"rendered":"https:\/\/bunnyboo.ro\/?post_type=product&#038;p=22005"},"modified":"2024-09-27T10:58:16","modified_gmt":"2024-09-27T07:58:16","slug":"canapea-modulara-shappy-play-original-mini-sky-blue","status":"publish","type":"product","link":"https:\/\/bunnyboo.ro\/en\/produs\/canapea-modulara-shappy-play-original-mini-sky-blue\/","title":{"rendered":"Canapea modulara SHAPPY PLAY ORIGINAL MINI- Sky Blue"},"content":{"rendered":"<p>V\u0103 prezent\u0103m Shappy Play Sofa Mini: distrac\u021bie mare \u00eentr-o dimensiune compact\u0103 pentru spa\u021bii mici! Proiectat\u0103 cu spa\u021bii limitate \u00een minte, versiunea noastr\u0103 mini aduce toat\u0103 bucuria \u0219i entuziasmul canapelei mai mari.<\/p>\n<p>U\u0219or de manevrat, le permite celor mici s\u0103-\u0219i dezl\u0103n\u021buie imagina\u021bia \u0219i s\u0103 se \u00eembarce \u00een aventuri nesf\u00e2r\u0219ite, chiar \u0219i cu spa\u021biu limitat.<\/p>\n<p>Aceast\u0103 canapea de joac\u0103 este compact\u0103 &#8211; doar 120 cm x 60 cm x 45 cm.<\/p>\n<p>Canapea Shappy Play Mini include opt p\u0103r\u021bi &#8211; patru perne de scaun (dou\u0103 fiecare cusute \u00eempreun\u0103), dou\u0103 triunghiuri ca sp\u0103tare, dou\u0103 cotiere \u0219i dou\u0103 perne rotunde &#8211; oferind o structur\u0103 confortabil\u0103 \u0219i de sus\u021binere pe care copilul dumneavoastr\u0103 se poate juca.<\/p>\n<p>\u2022 Material PET-FRIENDLY &#8211; material rezistent la zgarieturi din care poti curata cu usurinta parul animalului tau.<\/p>\n<p>\u2022 CUR\u0102\u021aARE U\u0218OR\u0102 -Fibrele sunt acoperite cu particule speciale de silicon care \u00eempiedic\u0103 absorb\u021bia lichidelor \u0219i le fac mai u\u0219or de cur\u0103\u021bat. \u00cen plus, husele pot fi sp\u0103late la 30\u2103 \u00een ma\u0219ina de sp\u0103lat.<\/p>\n<p>\u2022 Husele certificate STANDARD 100 by OEKO-TEX\u00ae v\u0103 ofer\u0103 \u00eencredere c\u0103 materialul nu con\u021bine alergeni \u0219i este complet sigur pentru s\u0103n\u0103tatea micu\u021bului dumneavoastr\u0103.<\/p>\n<p>\u2022 Spuma certificat\u0103 STANDARD 100 by OEKO-TEX\u00ae v\u0103 asigur\u0103 c\u0103 produsul a fost testat pe mai mult de 100 de criterii, inclusiv penetrarea pielii, saliva \u0219i inhalarea.<\/p>\n<p>\u2022 Fermoarele de calitate colorate asortate vin cu capete rotunjite pentru a preveni zg\u00e2rieturile \u0219i sna<\/p>\n<p>Termenul de livrare este 2-3 saptamani de la momentul confirmarii platii.<\/p>\n<p>Produsul se poate pre-comanda doar cu plata in avans, prin transfer bancar sau cu cardul.<\/p>\n","protected":false},"excerpt":{"rendered":"<p>V\u0103 prezent\u0103m Shappy Play Sofa Mini: distrac\u021bie mare \u00eentr-o dimensiune compact\u0103 pentru spa\u021bii mici! Proiectat\u0103 cu spa\u021bii limitate \u00een minte, versiunea noastr\u0103 mini aduce toat\u0103 bucuria \u0219i entuziasmul canapelei mai mari. U\u0219or de manevrat, le permite celor mici s\u0103-\u0219i dezl\u0103n\u021buie imagina\u021bia \u0219i s\u0103 se \u00eembarce \u00een aventuri nesf\u00e2r\u0219ite, chiar \u0219i cu spa\u021biu limitat. Aceast\u0103 canapea [&hellip;]<\/p>\n","protected":false},"featured_media":22007,"comment_status":"open","ping_status":"closed","template":"","meta":{"site-sidebar-layout":"default","site-content-layout":"","ast-site-content-layout":"default","site-content-style":"default","site-sidebar-style":"default","ast-global-header-display":"","ast-banner-title-visibility":"","ast-main-header-display":"","ast-hfb-above-header-display":"","ast-hfb-below-header-display":"","ast-hfb-mobile-header-display":"","site-post-title":"","ast-breadcrumbs-content":"","ast-featured-img":"","footer-sml-layout":"","theme-transparent-header-meta":"default","adv-header-id-meta":"","stick-header-meta":"default","header-above-stick-meta":"","header-main-stick-meta":"","header-below-stick-meta":"","astra-migrate-meta-layouts":"set","ast-page-background-enabled":"default","ast-page-background-meta":{"desktop":{"background-color":"","background-image":"","background-repeat":"repeat","background-position":"center center","background-size":"auto","background-attachment":"scroll","background-type":"","background-media":"","overlay-type":"","overlay-color":"","overlay-opacity":"","overlay-gradient":""},"tablet":{"background-color":"","background-image":"","background-repeat":"repeat","background-position":"center center","background-size":"auto","background-attachment":"scroll","background-type":"","background-media":"","overlay-type":"","overlay-color":"","overlay-opacity":"","overlay-gradient":""},"mobile":{"background-color":"","background-image":"","background-repeat":"repeat","background-position":"center center","background-size":"auto","background-attachment":"scroll","background-type":"","background-media":"","overlay-type":"","overlay-color":"","overlay-opacity":"","overlay-gradient":""}},"ast-content-background-meta":{"desktop":{"background-color":"var(--ast-global-color-5)","background-image":"","background-repeat":"repeat","background-position":"center center","background-size":"auto","background-attachment":"scroll","background-type":"","background-media":"","overlay-type":"","overlay-color":"","overlay-opacity":"","overlay-gradient":""},"tablet":{"background-color":"var(--ast-global-color-5)","background-image":"","background-repeat":"repeat","background-position":"center center","background-size":"auto","background-attachment":"scroll","background-type":"","background-media":"","overlay-type":"","overlay-color":"","overlay-opacity":"","overlay-gradient":""},"mobile":{"background-color":"var(--ast-global-color-5)","background-image":"","background-repeat":"repeat","background-position":"center center","background-size":"auto","background-attachment":"scroll","background-type":"","background-media":"","overlay-type":"","overlay-color":"","overlay-opacity":"","overlay-gradient":""}}},"product_brand":[],"product_cat":[253,65,117,123],"product_tag":[],"class_list":{"0":"post-22005","1":"product","2":"type-product","3":"status-publish","4":"has-post-thumbnail","6":"product_cat-distractie-si-confort-cu-canapele-modulare","7":"product_cat-noutati-minunate-pentru-puiul-tau","8":"product_cat-confort-si-relaxare-pentru-casa-ta","9":"product_cat-mobilier-pentru-casa-sau-gradina-ta","10":"desktop-align-left","11":"tablet-align-left","12":"mobile-align-left","13":"ast-product-gallery-layout-horizontal-slider","14":"ast-product-tabs-layout-vertical","15":"ast-qv-on-image","17":"first","18":"onbackorder","19":"shipping-taxable","20":"purchasable","21":"product-type-simple"},"yoast_head":"<!-- This site is optimized with the Yoast SEO plugin v22.6 - https:\/\/yoast.com\/wordpress\/plugins\/seo\/ -->\n<title>Canapea modulara SHAPPY PLAY ORIGINAL MINI- Sky Blue<\/title>\n<meta name=\"robots\" content=\"index, follow, max-snippet:-1, max-image-preview:large, max-video-preview:-1\" \/>\n<link rel=\"canonical\" href=\"https:\/\/bunnyboo.ro\/produs\/canapea-modulara-shappy-play-original-mini-sky-blue\/\" \/>\n<meta property=\"og:locale\" content=\"en_US\" \/>\n<meta property=\"og:type\" content=\"article\" \/>\n<meta property=\"og:title\" content=\"Canapea modulara SHAPPY PLAY ORIGINAL MINI- Sky Blue\" \/>\n<meta property=\"og:description\" content=\"V\u0103 prezent\u0103m Shappy Play Sofa Mini: distrac\u021bie mare \u00eentr-o dimensiune compact\u0103 pentru spa\u021bii mici! Proiectat\u0103 cu spa\u021bii limitate \u00een minte, versiunea noastr\u0103 mini aduce toat\u0103 bucuria \u0219i entuziasmul canapelei mai mari. U\u0219or de manevrat, le permite celor mici s\u0103-\u0219i dezl\u0103n\u021buie imagina\u021bia \u0219i s\u0103 se \u00eembarce \u00een aventuri nesf\u00e2r\u0219ite, chiar \u0219i cu spa\u021biu limitat. Aceast\u0103 canapea [&hellip;]\" \/>\n<meta property=\"og:url\" content=\"https:\/\/bunnyboo.ro\/produs\/canapea-modulara-shappy-play-original-mini-sky-blue\/\" \/>\n<meta property=\"og:site_name\" content=\"Bunny Boo\" \/>\n<meta property=\"article:modified_time\" content=\"2024-09-27T07:58:16+00:00\" \/>\n<meta property=\"og:image\" content=\"https:\/\/bunnyboo.ro\/wp-content\/uploads\/2024\/05\/shappy-mini-soft-blue-2.jpeg\" \/>\n\t<meta property=\"og:image:width\" content=\"1000\" \/>\n\t<meta property=\"og:image:height\" content=\"667\" \/>\n\t<meta property=\"og:image:type\" content=\"image\/jpeg\" \/>\n<meta name=\"twitter:card\" content=\"summary_large_image\" \/>\n<meta name=\"twitter:label1\" content=\"Est. reading time\" \/>\n\t<meta name=\"twitter:data1\" content=\"1 minute\" \/>\n<script type=\"application\/ld+json\" class=\"yoast-schema-graph\">{\"@context\":\"https:\/\/schema.org\",\"@graph\":[{\"@type\":\"WebPage\",\"@id\":\"https:\/\/bunnyboo.ro\/produs\/canapea-modulara-shappy-play-original-mini-sky-blue\/\",\"url\":\"https:\/\/bunnyboo.ro\/produs\/canapea-modulara-shappy-play-original-mini-sky-blue\/\",\"name\":\"Canapea modulara SHAPPY PLAY ORIGINAL MINI- Sky Blue\",\"isPartOf\":{\"@id\":\"https:\/\/bunnyboo.ro\/#website\"},\"primaryImageOfPage\":{\"@id\":\"https:\/\/bunnyboo.ro\/produs\/canapea-modulara-shappy-play-original-mini-sky-blue\/#primaryimage\"},\"image\":{\"@id\":\"https:\/\/bunnyboo.ro\/produs\/canapea-modulara-shappy-play-original-mini-sky-blue\/#primaryimage\"},\"thumbnailUrl\":\"https:\/\/bunnyboo.ro\/wp-content\/uploads\/2024\/05\/shappy-mini-soft-blue-2.jpeg\",\"datePublished\":\"2024-05-27T09:15:00+00:00\",\"dateModified\":\"2024-09-27T07:58:16+00:00\",\"breadcrumb\":{\"@id\":\"https:\/\/bunnyboo.ro\/produs\/canapea-modulara-shappy-play-original-mini-sky-blue\/#breadcrumb\"},\"inLanguage\":\"en-US\",\"potentialAction\":[{\"@type\":\"ReadAction\",\"target\":[\"https:\/\/bunnyboo.ro\/produs\/canapea-modulara-shappy-play-original-mini-sky-blue\/\"]}]},{\"@type\":\"ImageObject\",\"inLanguage\":\"en-US\",\"@id\":\"https:\/\/bunnyboo.ro\/produs\/canapea-modulara-shappy-play-original-mini-sky-blue\/#primaryimage\",\"url\":\"https:\/\/bunnyboo.ro\/wp-content\/uploads\/2024\/05\/shappy-mini-soft-blue-2.jpeg\",\"contentUrl\":\"https:\/\/bunnyboo.ro\/wp-content\/uploads\/2024\/05\/shappy-mini-soft-blue-2.jpeg\",\"width\":1000,\"height\":667},{\"@type\":\"BreadcrumbList\",\"@id\":\"https:\/\/bunnyboo.ro\/produs\/canapea-modulara-shappy-play-original-mini-sky-blue\/#breadcrumb\",\"itemListElement\":[{\"@type\":\"ListItem\",\"position\":1,\"name\":\"Home\",\"item\":\"https:\/\/bunnyboo.ro\/en\/\"},{\"@type\":\"ListItem\",\"position\":2,\"name\":\"New\",\"item\":\"https:\/\/bunnyboo.ro\/en\/shop\/\"},{\"@type\":\"ListItem\",\"position\":3,\"name\":\"Canapea modulara SHAPPY PLAY ORIGINAL MINI- Sky Blue\"}]},{\"@type\":\"WebSite\",\"@id\":\"https:\/\/bunnyboo.ro\/#website\",\"url\":\"https:\/\/bunnyboo.ro\/\",\"name\":\"Bunny Boo\",\"description\":\"Bunny Boo\",\"publisher\":{\"@id\":\"https:\/\/bunnyboo.ro\/#organization\"},\"potentialAction\":[{\"@type\":\"SearchAction\",\"target\":{\"@type\":\"EntryPoint\",\"urlTemplate\":\"https:\/\/bunnyboo.ro\/?s={search_term_string}\"},\"query-input\":\"required name=search_term_string\"}],\"inLanguage\":\"en-US\"},{\"@type\":\"Organization\",\"@id\":\"https:\/\/bunnyboo.ro\/#organization\",\"name\":\"Bunny Boo\",\"url\":\"https:\/\/bunnyboo.ro\/\",\"logo\":{\"@type\":\"ImageObject\",\"inLanguage\":\"en-US\",\"@id\":\"https:\/\/bunnyboo.ro\/#\/schema\/logo\/image\/\",\"url\":\"https:\/\/bunnyboo.ro\/wp-content\/uploads\/2024\/03\/Logo-website-black.png\",\"contentUrl\":\"https:\/\/bunnyboo.ro\/wp-content\/uploads\/2024\/03\/Logo-website-black.png\",\"width\":2422,\"height\":946,\"caption\":\"Bunny Boo\"},\"image\":{\"@id\":\"https:\/\/bunnyboo.ro\/#\/schema\/logo\/image\/\"}}]}<\/script>\n<!-- \/ Yoast SEO plugin. -->","yoast_head_json":{"title":"Canapea modulara SHAPPY PLAY ORIGINAL MINI- Sky Blue","robots":{"index":"index","follow":"follow","max-snippet":"max-snippet:-1","max-image-preview":"max-image-preview:large","max-video-preview":"max-video-preview:-1"},"canonical":"https:\/\/bunnyboo.ro\/produs\/canapea-modulara-shappy-play-original-mini-sky-blue\/","og_locale":"en_US","og_type":"article","og_title":"Canapea modulara SHAPPY PLAY ORIGINAL MINI- Sky Blue","og_description":"V\u0103 prezent\u0103m Shappy Play Sofa Mini: distrac\u021bie mare \u00eentr-o dimensiune compact\u0103 pentru spa\u021bii mici! Proiectat\u0103 cu spa\u021bii limitate \u00een minte, versiunea noastr\u0103 mini aduce toat\u0103 bucuria \u0219i entuziasmul canapelei mai mari. U\u0219or de manevrat, le permite celor mici s\u0103-\u0219i dezl\u0103n\u021buie imagina\u021bia \u0219i s\u0103 se \u00eembarce \u00een aventuri nesf\u00e2r\u0219ite, chiar \u0219i cu spa\u021biu limitat. Aceast\u0103 canapea [&hellip;]","og_url":"https:\/\/bunnyboo.ro\/produs\/canapea-modulara-shappy-play-original-mini-sky-blue\/","og_site_name":"Bunny Boo","article_modified_time":"2024-09-27T07:58:16+00:00","og_image":[{"width":1000,"height":667,"url":"https:\/\/bunnyboo.ro\/wp-content\/uploads\/2024\/05\/shappy-mini-soft-blue-2.jpeg","type":"image\/jpeg"}],"twitter_card":"summary_large_image","twitter_misc":{"Est. reading time":"1 minute"},"schema":{"@context":"https:\/\/schema.org","@graph":[{"@type":"WebPage","@id":"https:\/\/bunnyboo.ro\/produs\/canapea-modulara-shappy-play-original-mini-sky-blue\/","url":"https:\/\/bunnyboo.ro\/produs\/canapea-modulara-shappy-play-original-mini-sky-blue\/","name":"Canapea modulara SHAPPY PLAY ORIGINAL MINI- Sky Blue","isPartOf":{"@id":"https:\/\/bunnyboo.ro\/#website"},"primaryImageOfPage":{"@id":"https:\/\/bunnyboo.ro\/produs\/canapea-modulara-shappy-play-original-mini-sky-blue\/#primaryimage"},"image":{"@id":"https:\/\/bunnyboo.ro\/produs\/canapea-modulara-shappy-play-original-mini-sky-blue\/#primaryimage"},"thumbnailUrl":"https:\/\/bunnyboo.ro\/wp-content\/uploads\/2024\/05\/shappy-mini-soft-blue-2.jpeg","datePublished":"2024-05-27T09:15:00+00:00","dateModified":"2024-09-27T07:58:16+00:00","breadcrumb":{"@id":"https:\/\/bunnyboo.ro\/produs\/canapea-modulara-shappy-play-original-mini-sky-blue\/#breadcrumb"},"inLanguage":"en-US","potentialAction":[{"@type":"ReadAction","target":["https:\/\/bunnyboo.ro\/produs\/canapea-modulara-shappy-play-original-mini-sky-blue\/"]}]},{"@type":"ImageObject","inLanguage":"en-US","@id":"https:\/\/bunnyboo.ro\/produs\/canapea-modulara-shappy-play-original-mini-sky-blue\/#primaryimage","url":"https:\/\/bunnyboo.ro\/wp-content\/uploads\/2024\/05\/shappy-mini-soft-blue-2.jpeg","contentUrl":"https:\/\/bunnyboo.ro\/wp-content\/uploads\/2024\/05\/shappy-mini-soft-blue-2.jpeg","width":1000,"height":667},{"@type":"BreadcrumbList","@id":"https:\/\/bunnyboo.ro\/produs\/canapea-modulara-shappy-play-original-mini-sky-blue\/#breadcrumb","itemListElement":[{"@type":"ListItem","position":1,"name":"Home","item":"https:\/\/bunnyboo.ro\/en\/"},{"@type":"ListItem","position":2,"name":"New","item":"https:\/\/bunnyboo.ro\/en\/shop\/"},{"@type":"ListItem","position":3,"name":"Canapea modulara SHAPPY PLAY ORIGINAL MINI- Sky Blue"}]},{"@type":"WebSite","@id":"https:\/\/bunnyboo.ro\/#website","url":"https:\/\/bunnyboo.ro\/","name":"Bunny Boo","description":"Bunny Boo","publisher":{"@id":"https:\/\/bunnyboo.ro\/#organization"},"potentialAction":[{"@type":"SearchAction","target":{"@type":"EntryPoint","urlTemplate":"https:\/\/bunnyboo.ro\/?s={search_term_string}"},"query-input":"required name=search_term_string"}],"inLanguage":"en-US"},{"@type":"Organization","@id":"https:\/\/bunnyboo.ro\/#organization","name":"Bunny Boo","url":"https:\/\/bunnyboo.ro\/","logo":{"@type":"ImageObject","inLanguage":"en-US","@id":"https:\/\/bunnyboo.ro\/#\/schema\/logo\/image\/","url":"https:\/\/bunnyboo.ro\/wp-content\/uploads\/2024\/03\/Logo-website-black.png","contentUrl":"https:\/\/bunnyboo.ro\/wp-content\/uploads\/2024\/03\/Logo-website-black.png","width":2422,"height":946,"caption":"Bunny Boo"},"image":{"@id":"https:\/\/bunnyboo.ro\/#\/schema\/logo\/image\/"}}]}},"_links":{"self":[{"href":"https:\/\/bunnyboo.ro\/en\/wp-json\/wp\/v2\/product\/22005","targetHints":{"allow":["GET"]}}],"collection":[{"href":"https:\/\/bunnyboo.ro\/en\/wp-json\/wp\/v2\/product"}],"about":[{"href":"https:\/\/bunnyboo.ro\/en\/wp-json\/wp\/v2\/types\/product"}],"replies":[{"embeddable":true,"href":"https:\/\/bunnyboo.ro\/en\/wp-json\/wp\/v2\/comments?post=22005"}],"wp:featuredmedia":[{"embeddable":true,"href":"https:\/\/bunnyboo.ro\/en\/wp-json\/wp\/v2\/media\/22007"}],"wp:attachment":[{"href":"https:\/\/bunnyboo.ro\/en\/wp-json\/wp\/v2\/media?parent=22005"}],"wp:term":[{"taxonomy":"product_brand","embeddable":true,"href":"https:\/\/bunnyboo.ro\/en\/wp-json\/wp\/v2\/product_brand?post=22005"},{"taxonomy":"product_cat","embeddable":true,"href":"https:\/\/bunnyboo.ro\/en\/wp-json\/wp\/v2\/product_cat?post=22005"},{"taxonomy":"product_tag","embeddable":true,"href":"https:\/\/bunnyboo.ro\/en\/wp-json\/wp\/v2\/product_tag?post=22005"}],"curies":[{"name":"wp","href":"https:\/\/api.w.org\/{rel}","templated":true}]}}