{"id":2158,"date":"2024-09-17T09:51:48","date_gmt":"2024-09-17T06:51:48","guid":{"rendered":"https:\/\/bunnyboo.ro\/?post_type=product&#038;p=2158"},"modified":"2025-03-17T10:22:31","modified_gmt":"2025-03-17T08:22:31","slug":"leagan-bunny-grey","status":"publish","type":"product","link":"https:\/\/bunnyboo.ro\/en\/produs\/leagan-bunny-grey\/","title":{"rendered":"Leagan Bunny Grey"},"content":{"rendered":"<p>Culoare: gri<\/p>\n<p>Dimensiuni: ad\u00e2ncime aprox. 20 cm, l\u0103\u021bime aprox 27 cm, lungime aprox 25 cm<\/p>\n<p>Compozi\u021bie: \u021bes\u0103tur\u0103 tapi\u021bat\u0103 moale 100% certificata, lemn de pin, fr\u00e2nghie de bumbac<\/p>\n<p>&nbsp;<\/p>\n<p>V\u00e2rsta: 6m + (pentru copiii care pot s\u0103 stea deja singuri)<\/p>\n<p>Greutate: p\u00e2n\u0103 la 18 kg<\/p>\n<p>&nbsp;<\/p>\n<p>Instalare: &#8211; la plafon (lungimea cablului este de aproximativ 180 cm)<\/p>\n<p>&#8211; \u00een\u0103l\u021bimile standard ale camerelor de 2,5 m &#8211; 2,7 m<\/p>\n<p>&#8211; pentru cadru &#8211; (lungimea cablului este de aproximativ 130 cm)<\/p>\n<p>&nbsp;<\/p>\n<p><span style=\"-webkit-text-size-adjust: 100%;\">Se<\/span>\u00a0recomanda achizitionarea suplimentara a sistemului de prindere in tavan.<\/p>\n","protected":false},"excerpt":{"rendered":"<p>Culoare: gri Dimensiuni: ad\u00e2ncime aprox. 20 cm, l\u0103\u021bime aprox 27 cm, lungime aprox 25 cm Compozi\u021bie: \u021bes\u0103tur\u0103 tapi\u021bat\u0103 moale 100% certificata, lemn de pin, fr\u00e2nghie de bumbac &nbsp; V\u00e2rsta: 6m + (pentru copiii care pot s\u0103 stea deja singuri) Greutate: p\u00e2n\u0103 la 18 kg &nbsp; Instalare: &#8211; la plafon (lungimea cablului este de aproximativ 180 [&hellip;]<\/p>\n","protected":false},"featured_media":28504,"comment_status":"open","ping_status":"closed","template":"","meta":{"site-sidebar-layout":"default","site-content-layout":"","ast-site-content-layout":"default","site-content-style":"default","site-sidebar-style":"default","ast-global-header-display":"","ast-banner-title-visibility":"","ast-main-header-display":"","ast-hfb-above-header-display":"","ast-hfb-below-header-display":"","ast-hfb-mobile-header-display":"","site-post-title":"","ast-breadcrumbs-content":"","ast-featured-img":"","footer-sml-layout":"","theme-transparent-header-meta":"default","adv-header-id-meta":"","stick-header-meta":"default","header-above-stick-meta":"","header-main-stick-meta":"","header-below-stick-meta":"","astra-migrate-meta-layouts":"set","ast-page-background-enabled":"default","ast-page-background-meta":{"desktop":{"background-color":"","background-image":"","background-repeat":"repeat","background-position":"center center","background-size":"auto","background-attachment":"scroll","background-type":"","background-media":"","overlay-type":"","overlay-color":"","overlay-opacity":"","overlay-gradient":""},"tablet":{"background-color":"","background-image":"","background-repeat":"repeat","background-position":"center center","background-size":"auto","background-attachment":"scroll","background-type":"","background-media":"","overlay-type":"","overlay-color":"","overlay-opacity":"","overlay-gradient":""},"mobile":{"background-color":"","background-image":"","background-repeat":"repeat","background-position":"center center","background-size":"auto","background-attachment":"scroll","background-type":"","background-media":"","overlay-type":"","overlay-color":"","overlay-opacity":"","overlay-gradient":""}},"ast-content-background-meta":{"desktop":{"background-color":"var(--ast-global-color-5)","background-image":"","background-repeat":"repeat","background-position":"center center","background-size":"auto","background-attachment":"scroll","background-type":"","background-media":"","overlay-type":"","overlay-color":"","overlay-opacity":"","overlay-gradient":""},"tablet":{"background-color":"var(--ast-global-color-5)","background-image":"","background-repeat":"repeat","background-position":"center center","background-size":"auto","background-attachment":"scroll","background-type":"","background-media":"","overlay-type":"","overlay-color":"","overlay-opacity":"","overlay-gradient":""},"mobile":{"background-color":"var(--ast-global-color-5)","background-image":"","background-repeat":"repeat","background-position":"center center","background-size":"auto","background-attachment":"scroll","background-type":"","background-media":"","overlay-type":"","overlay-color":"","overlay-opacity":"","overlay-gradient":""}}},"product_brand":[],"product_cat":[119],"product_tag":[],"class_list":{"0":"post-2158","1":"product","2":"type-product","3":"status-publish","4":"has-post-thumbnail","6":"product_cat-distractie-garantata-cu-leaganul-bunny","7":"desktop-align-left","8":"tablet-align-left","9":"mobile-align-left","10":"ast-product-gallery-layout-horizontal-slider","11":"ast-product-tabs-layout-vertical","12":"ast-qv-on-image","14":"first","15":"onbackorder","16":"shipping-taxable","17":"purchasable","18":"product-type-simple"},"yoast_head":"<!-- This site is optimized with the Yoast SEO plugin v22.6 - https:\/\/yoast.com\/wordpress\/plugins\/seo\/ -->\n<title>Leagan Bunny Grey<\/title>\n<meta name=\"robots\" content=\"index, follow, max-snippet:-1, max-image-preview:large, max-video-preview:-1\" \/>\n<link rel=\"canonical\" href=\"https:\/\/bunnyboo.ro\/produs\/leagan-bunny-grey\/\" \/>\n<meta property=\"og:locale\" content=\"en_US\" \/>\n<meta property=\"og:type\" content=\"article\" \/>\n<meta property=\"og:title\" content=\"Leagan Bunny Grey\" \/>\n<meta property=\"og:description\" content=\"Culoare: gri Dimensiuni: ad\u00e2ncime aprox. 20 cm, l\u0103\u021bime aprox 27 cm, lungime aprox 25 cm Compozi\u021bie: \u021bes\u0103tur\u0103 tapi\u021bat\u0103 moale 100% certificata, lemn de pin, fr\u00e2nghie de bumbac &nbsp; V\u00e2rsta: 6m + (pentru copiii care pot s\u0103 stea deja singuri) Greutate: p\u00e2n\u0103 la 18 kg &nbsp; Instalare: &#8211; la plafon (lungimea cablului este de aproximativ 180 [&hellip;]\" \/>\n<meta property=\"og:url\" content=\"https:\/\/bunnyboo.ro\/produs\/leagan-bunny-grey\/\" \/>\n<meta property=\"og:site_name\" content=\"Bunny Boo\" \/>\n<meta property=\"article:modified_time\" content=\"2025-03-17T08:22:31+00:00\" \/>\n<meta property=\"og:image\" content=\"https:\/\/bunnyboo.ro\/wp-content\/uploads\/2019\/05\/kinder-hasenschaukel-natur-grau-190411.jpeg\" \/>\n\t<meta property=\"og:image:width\" content=\"1300\" \/>\n\t<meta property=\"og:image:height\" content=\"1300\" \/>\n\t<meta property=\"og:image:type\" content=\"image\/jpeg\" \/>\n<meta name=\"twitter:card\" content=\"summary_large_image\" \/>\n<script type=\"application\/ld+json\" class=\"yoast-schema-graph\">{\"@context\":\"https:\/\/schema.org\",\"@graph\":[{\"@type\":\"WebPage\",\"@id\":\"https:\/\/bunnyboo.ro\/produs\/leagan-bunny-grey\/\",\"url\":\"https:\/\/bunnyboo.ro\/produs\/leagan-bunny-grey\/\",\"name\":\"Leagan Bunny Grey\",\"isPartOf\":{\"@id\":\"https:\/\/bunnyboo.ro\/#website\"},\"primaryImageOfPage\":{\"@id\":\"https:\/\/bunnyboo.ro\/produs\/leagan-bunny-grey\/#primaryimage\"},\"image\":{\"@id\":\"https:\/\/bunnyboo.ro\/produs\/leagan-bunny-grey\/#primaryimage\"},\"thumbnailUrl\":\"https:\/\/bunnyboo.ro\/wp-content\/uploads\/2019\/05\/kinder-hasenschaukel-natur-grau-190411.jpeg\",\"datePublished\":\"2024-09-17T06:51:48+00:00\",\"dateModified\":\"2025-03-17T08:22:31+00:00\",\"breadcrumb\":{\"@id\":\"https:\/\/bunnyboo.ro\/produs\/leagan-bunny-grey\/#breadcrumb\"},\"inLanguage\":\"en-US\",\"potentialAction\":[{\"@type\":\"ReadAction\",\"target\":[\"https:\/\/bunnyboo.ro\/produs\/leagan-bunny-grey\/\"]}]},{\"@type\":\"ImageObject\",\"inLanguage\":\"en-US\",\"@id\":\"https:\/\/bunnyboo.ro\/produs\/leagan-bunny-grey\/#primaryimage\",\"url\":\"https:\/\/bunnyboo.ro\/wp-content\/uploads\/2019\/05\/kinder-hasenschaukel-natur-grau-190411.jpeg\",\"contentUrl\":\"https:\/\/bunnyboo.ro\/wp-content\/uploads\/2019\/05\/kinder-hasenschaukel-natur-grau-190411.jpeg\",\"width\":1300,\"height\":1300,\"caption\":\"Leagan Bunny Grey\"},{\"@type\":\"BreadcrumbList\",\"@id\":\"https:\/\/bunnyboo.ro\/produs\/leagan-bunny-grey\/#breadcrumb\",\"itemListElement\":[{\"@type\":\"ListItem\",\"position\":1,\"name\":\"Home\",\"item\":\"https:\/\/bunnyboo.ro\/en\/\"},{\"@type\":\"ListItem\",\"position\":2,\"name\":\"New\",\"item\":\"https:\/\/bunnyboo.ro\/en\/shop\/\"},{\"@type\":\"ListItem\",\"position\":3,\"name\":\"Leagan Bunny Grey\"}]},{\"@type\":\"WebSite\",\"@id\":\"https:\/\/bunnyboo.ro\/#website\",\"url\":\"https:\/\/bunnyboo.ro\/\",\"name\":\"Bunny Boo\",\"description\":\"Bunny Boo\",\"publisher\":{\"@id\":\"https:\/\/bunnyboo.ro\/#organization\"},\"potentialAction\":[{\"@type\":\"SearchAction\",\"target\":{\"@type\":\"EntryPoint\",\"urlTemplate\":\"https:\/\/bunnyboo.ro\/?s={search_term_string}\"},\"query-input\":\"required name=search_term_string\"}],\"inLanguage\":\"en-US\"},{\"@type\":\"Organization\",\"@id\":\"https:\/\/bunnyboo.ro\/#organization\",\"name\":\"Bunny Boo\",\"url\":\"https:\/\/bunnyboo.ro\/\",\"logo\":{\"@type\":\"ImageObject\",\"inLanguage\":\"en-US\",\"@id\":\"https:\/\/bunnyboo.ro\/#\/schema\/logo\/image\/\",\"url\":\"https:\/\/bunnyboo.ro\/wp-content\/uploads\/2024\/03\/Logo-website-black.png\",\"contentUrl\":\"https:\/\/bunnyboo.ro\/wp-content\/uploads\/2024\/03\/Logo-website-black.png\",\"width\":2422,\"height\":946,\"caption\":\"Bunny Boo\"},\"image\":{\"@id\":\"https:\/\/bunnyboo.ro\/#\/schema\/logo\/image\/\"}}]}<\/script>\n<!-- \/ Yoast SEO plugin. -->","yoast_head_json":{"title":"Leagan Bunny Grey","robots":{"index":"index","follow":"follow","max-snippet":"max-snippet:-1","max-image-preview":"max-image-preview:large","max-video-preview":"max-video-preview:-1"},"canonical":"https:\/\/bunnyboo.ro\/produs\/leagan-bunny-grey\/","og_locale":"en_US","og_type":"article","og_title":"Leagan Bunny Grey","og_description":"Culoare: gri Dimensiuni: ad\u00e2ncime aprox. 20 cm, l\u0103\u021bime aprox 27 cm, lungime aprox 25 cm Compozi\u021bie: \u021bes\u0103tur\u0103 tapi\u021bat\u0103 moale 100% certificata, lemn de pin, fr\u00e2nghie de bumbac &nbsp; V\u00e2rsta: 6m + (pentru copiii care pot s\u0103 stea deja singuri) Greutate: p\u00e2n\u0103 la 18 kg &nbsp; Instalare: &#8211; la plafon (lungimea cablului este de aproximativ 180 [&hellip;]","og_url":"https:\/\/bunnyboo.ro\/produs\/leagan-bunny-grey\/","og_site_name":"Bunny Boo","article_modified_time":"2025-03-17T08:22:31+00:00","og_image":[{"width":1300,"height":1300,"url":"https:\/\/bunnyboo.ro\/wp-content\/uploads\/2019\/05\/kinder-hasenschaukel-natur-grau-190411.jpeg","type":"image\/jpeg"}],"twitter_card":"summary_large_image","schema":{"@context":"https:\/\/schema.org","@graph":[{"@type":"WebPage","@id":"https:\/\/bunnyboo.ro\/produs\/leagan-bunny-grey\/","url":"https:\/\/bunnyboo.ro\/produs\/leagan-bunny-grey\/","name":"Leagan Bunny Grey","isPartOf":{"@id":"https:\/\/bunnyboo.ro\/#website"},"primaryImageOfPage":{"@id":"https:\/\/bunnyboo.ro\/produs\/leagan-bunny-grey\/#primaryimage"},"image":{"@id":"https:\/\/bunnyboo.ro\/produs\/leagan-bunny-grey\/#primaryimage"},"thumbnailUrl":"https:\/\/bunnyboo.ro\/wp-content\/uploads\/2019\/05\/kinder-hasenschaukel-natur-grau-190411.jpeg","datePublished":"2024-09-17T06:51:48+00:00","dateModified":"2025-03-17T08:22:31+00:00","breadcrumb":{"@id":"https:\/\/bunnyboo.ro\/produs\/leagan-bunny-grey\/#breadcrumb"},"inLanguage":"en-US","potentialAction":[{"@type":"ReadAction","target":["https:\/\/bunnyboo.ro\/produs\/leagan-bunny-grey\/"]}]},{"@type":"ImageObject","inLanguage":"en-US","@id":"https:\/\/bunnyboo.ro\/produs\/leagan-bunny-grey\/#primaryimage","url":"https:\/\/bunnyboo.ro\/wp-content\/uploads\/2019\/05\/kinder-hasenschaukel-natur-grau-190411.jpeg","contentUrl":"https:\/\/bunnyboo.ro\/wp-content\/uploads\/2019\/05\/kinder-hasenschaukel-natur-grau-190411.jpeg","width":1300,"height":1300,"caption":"Leagan Bunny Grey"},{"@type":"BreadcrumbList","@id":"https:\/\/bunnyboo.ro\/produs\/leagan-bunny-grey\/#breadcrumb","itemListElement":[{"@type":"ListItem","position":1,"name":"Home","item":"https:\/\/bunnyboo.ro\/en\/"},{"@type":"ListItem","position":2,"name":"New","item":"https:\/\/bunnyboo.ro\/en\/shop\/"},{"@type":"ListItem","position":3,"name":"Leagan Bunny Grey"}]},{"@type":"WebSite","@id":"https:\/\/bunnyboo.ro\/#website","url":"https:\/\/bunnyboo.ro\/","name":"Bunny Boo","description":"Bunny Boo","publisher":{"@id":"https:\/\/bunnyboo.ro\/#organization"},"potentialAction":[{"@type":"SearchAction","target":{"@type":"EntryPoint","urlTemplate":"https:\/\/bunnyboo.ro\/?s={search_term_string}"},"query-input":"required name=search_term_string"}],"inLanguage":"en-US"},{"@type":"Organization","@id":"https:\/\/bunnyboo.ro\/#organization","name":"Bunny Boo","url":"https:\/\/bunnyboo.ro\/","logo":{"@type":"ImageObject","inLanguage":"en-US","@id":"https:\/\/bunnyboo.ro\/#\/schema\/logo\/image\/","url":"https:\/\/bunnyboo.ro\/wp-content\/uploads\/2024\/03\/Logo-website-black.png","contentUrl":"https:\/\/bunnyboo.ro\/wp-content\/uploads\/2024\/03\/Logo-website-black.png","width":2422,"height":946,"caption":"Bunny Boo"},"image":{"@id":"https:\/\/bunnyboo.ro\/#\/schema\/logo\/image\/"}}]}},"_links":{"self":[{"href":"https:\/\/bunnyboo.ro\/en\/wp-json\/wp\/v2\/product\/2158","targetHints":{"allow":["GET"]}}],"collection":[{"href":"https:\/\/bunnyboo.ro\/en\/wp-json\/wp\/v2\/product"}],"about":[{"href":"https:\/\/bunnyboo.ro\/en\/wp-json\/wp\/v2\/types\/product"}],"replies":[{"embeddable":true,"href":"https:\/\/bunnyboo.ro\/en\/wp-json\/wp\/v2\/comments?post=2158"}],"wp:featuredmedia":[{"embeddable":true,"href":"https:\/\/bunnyboo.ro\/en\/wp-json\/wp\/v2\/media\/28504"}],"wp:attachment":[{"href":"https:\/\/bunnyboo.ro\/en\/wp-json\/wp\/v2\/media?parent=2158"}],"wp:term":[{"taxonomy":"product_brand","embeddable":true,"href":"https:\/\/bunnyboo.ro\/en\/wp-json\/wp\/v2\/product_brand?post=2158"},{"taxonomy":"product_cat","embeddable":true,"href":"https:\/\/bunnyboo.ro\/en\/wp-json\/wp\/v2\/product_cat?post=2158"},{"taxonomy":"product_tag","embeddable":true,"href":"https:\/\/bunnyboo.ro\/en\/wp-json\/wp\/v2\/product_tag?post=2158"}],"curies":[{"name":"wp","href":"https:\/\/api.w.org\/{rel}","templated":true}]}}