{"id":10650,"date":"2024-05-24T11:13:38","date_gmt":"2024-05-24T08:13:38","guid":{"rendered":"https:\/\/bunnyboo.ro\/?post_type=product&#038;p=10650"},"modified":"2024-10-16T18:35:37","modified_gmt":"2024-10-16T15:35:37","slug":"canapea-modulara-shappy-play-original-soft-beige","status":"publish","type":"product","link":"https:\/\/bunnyboo.ro\/en\/produs\/canapea-modulara-shappy-play-original-soft-beige\/","title":{"rendered":"Canapea modulara SHAPPY PLAY ORIGINAL &#8211; Soft Beige"},"content":{"rendered":"<p>C\u0103uta\u021bi o canapea de joac\u0103 versatil\u0103, care s\u0103 ofere posibilit\u0103\u021bi nesf\u00e2r\u0219ite de joac\u0103 creativ\u0103? C\u0103utarea ta se termin\u0103 aici. Shappy Play Sofa este solu\u021bia perfecta pentru a-\u021bi men\u021bine copiii angaja\u021bi, confortabili \u0219i distra\u021bi ore \u00eentregi.<\/p>\n<p>Canapea noastr\u0103 \u00eentr-un design nou, foarte \u00eendr\u0103git de copii, cu senza\u021bie moale, care nu numai c\u0103 arat\u0103 confortabil, dar este \u0219i u\u0219or de p\u0103strat curat.<\/p>\n<p>Canapea Shappy Play include opt p\u0103r\u021bi &#8211; patru perne de scaun (cate dou\u0103 cusute \u00eempreun\u0103), dou\u0103 triunghiuri ca sp\u0103tare, dou\u0103 cotiere \u0219i dou\u0103 perne rotunde &#8211; oferind o structur\u0103 confortabil\u0103 \u0219i de sus\u021binere pentru care copilul dumneavoastr\u0103 s\u0103 se joace.<\/p>\n<p>\u2022 Canapea Shappy Play m\u0103soar\u0103 160 cm \u00een fa\u021b\u0103 \u0219i 80 cm ad\u00e2ncime. Are o \u00een\u0103l\u021bime de 56 cm \u0219i o \u00een\u0103l\u021bime a scaunului de 25 cm.<\/p>\n<p>\u2022 Ca solu\u021bie de petrecere a timpului liber, Shappy poate fi configurat s\u0103 m\u0103soare 160 cm l\u0103\u021bime x 172,5 cm lungime.<\/p>\n<p>\u2022 Material PET-FRIENDLY &#8211; material rezistent la zgarieturi din care poti curata cu usurinta parul animalului tau.<\/p>\n<p>\u2022 CUR\u0102\u021aARE U\u0218OR\u0102 -Fibrele sunt acoperite cu particule speciale de silicon care \u00eempiedic\u0103 absorb\u021bia lichidelor \u0219i le fac mai u\u0219or de cur\u0103\u021bat. \u00cen plus, husele pot fi sp\u0103late la 30\u2103 \u00een ma\u0219ina de sp\u0103lat.<\/p>\n<p>\u2022 Husele certificate STANDARD 100 by OEKO-TEX\u00ae v\u0103 ofer\u0103 \u00eencredere c\u0103 materialul nu con\u021bine alergeni \u0219i este complet sigur pentru s\u0103n\u0103tatea micu\u021bului dumneavoastr\u0103.<\/p>\n<p>\u2022 Spuma certificat\u0103 STANDARD 100 by OEKO-TEX\u00ae v\u0103 asigur\u0103 c\u0103 produsul a fost testat pe mai mult de 100 de criterii, inclusiv penetrarea pielii, saliva \u0219i inhalarea.<\/p>\n<p>\u2022 Fermoarele de calitate colorate asortate vin cu capete rotunjite pentru a preveni zg\u00e2rieturile.<\/p>\n<p>Termenul de livrare este 2-3 saptamani de la momentul confirmarii platii.<\/p>\n<p>Produsul se poate pre-comanda doar cu plata in avans, prin transfer bancar sau cu cardul.<\/p>\n","protected":false},"excerpt":{"rendered":"<p>C\u0103uta\u021bi o canapea de joac\u0103 versatil\u0103, care s\u0103 ofere posibilit\u0103\u021bi nesf\u00e2r\u0219ite de joac\u0103 creativ\u0103? C\u0103utarea ta se termin\u0103 aici. Shappy Play Sofa este solu\u021bia perfecta pentru a-\u021bi men\u021bine copiii angaja\u021bi, confortabili \u0219i distra\u021bi ore \u00eentregi. Canapea noastr\u0103 \u00eentr-un design nou, foarte \u00eendr\u0103git de copii, cu senza\u021bie moale, care nu numai c\u0103 arat\u0103 confortabil, dar este [&hellip;]<\/p>\n","protected":false},"featured_media":10652,"comment_status":"open","ping_status":"closed","template":"","meta":{"site-sidebar-layout":"default","site-content-layout":"","ast-site-content-layout":"default","site-content-style":"default","site-sidebar-style":"default","ast-global-header-display":"","ast-banner-title-visibility":"","ast-main-header-display":"","ast-hfb-above-header-display":"","ast-hfb-below-header-display":"","ast-hfb-mobile-header-display":"","site-post-title":"","ast-breadcrumbs-content":"","ast-featured-img":"","footer-sml-layout":"","theme-transparent-header-meta":"default","adv-header-id-meta":"","stick-header-meta":"default","header-above-stick-meta":"","header-main-stick-meta":"","header-below-stick-meta":"","astra-migrate-meta-layouts":"set","ast-page-background-enabled":"default","ast-page-background-meta":{"desktop":{"background-color":"","background-image":"","background-repeat":"repeat","background-position":"center center","background-size":"auto","background-attachment":"scroll","background-type":"","background-media":"","overlay-type":"","overlay-color":"","overlay-opacity":"","overlay-gradient":""},"tablet":{"background-color":"","background-image":"","background-repeat":"repeat","background-position":"center center","background-size":"auto","background-attachment":"scroll","background-type":"","background-media":"","overlay-type":"","overlay-color":"","overlay-opacity":"","overlay-gradient":""},"mobile":{"background-color":"","background-image":"","background-repeat":"repeat","background-position":"center center","background-size":"auto","background-attachment":"scroll","background-type":"","background-media":"","overlay-type":"","overlay-color":"","overlay-opacity":"","overlay-gradient":""}},"ast-content-background-meta":{"desktop":{"background-color":"var(--ast-global-color-5)","background-image":"","background-repeat":"repeat","background-position":"center center","background-size":"auto","background-attachment":"scroll","background-type":"","background-media":"","overlay-type":"","overlay-color":"","overlay-opacity":"","overlay-gradient":""},"tablet":{"background-color":"var(--ast-global-color-5)","background-image":"","background-repeat":"repeat","background-position":"center center","background-size":"auto","background-attachment":"scroll","background-type":"","background-media":"","overlay-type":"","overlay-color":"","overlay-opacity":"","overlay-gradient":""},"mobile":{"background-color":"var(--ast-global-color-5)","background-image":"","background-repeat":"repeat","background-position":"center center","background-size":"auto","background-attachment":"scroll","background-type":"","background-media":"","overlay-type":"","overlay-color":"","overlay-opacity":"","overlay-gradient":""}}},"product_brand":[],"product_cat":[253,65,117,123],"product_tag":[],"class_list":{"0":"post-10650","1":"product","2":"type-product","3":"status-publish","4":"has-post-thumbnail","6":"product_cat-distractie-si-confort-cu-canapele-modulare","7":"product_cat-noutati-minunate-pentru-puiul-tau","8":"product_cat-confort-si-relaxare-pentru-casa-ta","9":"product_cat-mobilier-pentru-casa-sau-gradina-ta","10":"desktop-align-left","11":"tablet-align-left","12":"mobile-align-left","13":"ast-product-gallery-layout-horizontal-slider","14":"ast-product-tabs-layout-vertical","15":"ast-qv-on-image","17":"first","18":"onbackorder","19":"shipping-taxable","20":"purchasable","21":"product-type-simple"},"yoast_head":"<!-- This site is optimized with the Yoast SEO plugin v22.6 - https:\/\/yoast.com\/wordpress\/plugins\/seo\/ -->\n<title>Canapea modulara SHAPPY PLAY ORIGINAL - Soft Beige<\/title>\n<meta name=\"robots\" content=\"index, follow, max-snippet:-1, max-image-preview:large, max-video-preview:-1\" \/>\n<link rel=\"canonical\" href=\"https:\/\/bunnyboo.ro\/produs\/canapea-modulara-shappy-play-original-soft-beige\/\" \/>\n<meta property=\"og:locale\" content=\"en_US\" \/>\n<meta property=\"og:type\" content=\"article\" \/>\n<meta property=\"og:title\" content=\"Canapea modulara SHAPPY PLAY ORIGINAL - Soft Beige\" \/>\n<meta property=\"og:description\" content=\"C\u0103uta\u021bi o canapea de joac\u0103 versatil\u0103, care s\u0103 ofere posibilit\u0103\u021bi nesf\u00e2r\u0219ite de joac\u0103 creativ\u0103? C\u0103utarea ta se termin\u0103 aici. Shappy Play Sofa este solu\u021bia perfecta pentru a-\u021bi men\u021bine copiii angaja\u021bi, confortabili \u0219i distra\u021bi ore \u00eentregi. Canapea noastr\u0103 \u00eentr-un design nou, foarte \u00eendr\u0103git de copii, cu senza\u021bie moale, care nu numai c\u0103 arat\u0103 confortabil, dar este [&hellip;]\" \/>\n<meta property=\"og:url\" content=\"https:\/\/bunnyboo.ro\/produs\/canapea-modulara-shappy-play-original-soft-beige\/\" \/>\n<meta property=\"og:site_name\" content=\"Bunny Boo\" \/>\n<meta property=\"article:modified_time\" content=\"2024-10-16T15:35:37+00:00\" \/>\n<meta property=\"og:image\" content=\"https:\/\/bunnyboo.ro\/wp-content\/uploads\/2024\/05\/Shappy-Soft-Beige-Front.png\" \/>\n\t<meta property=\"og:image:width\" content=\"1024\" \/>\n\t<meta property=\"og:image:height\" content=\"1024\" \/>\n\t<meta property=\"og:image:type\" content=\"image\/png\" \/>\n<meta name=\"twitter:card\" content=\"summary_large_image\" \/>\n<meta name=\"twitter:label1\" content=\"Est. reading time\" \/>\n\t<meta name=\"twitter:data1\" content=\"2 minutes\" \/>\n<script type=\"application\/ld+json\" class=\"yoast-schema-graph\">{\"@context\":\"https:\/\/schema.org\",\"@graph\":[{\"@type\":\"WebPage\",\"@id\":\"https:\/\/bunnyboo.ro\/produs\/canapea-modulara-shappy-play-original-soft-beige\/\",\"url\":\"https:\/\/bunnyboo.ro\/produs\/canapea-modulara-shappy-play-original-soft-beige\/\",\"name\":\"Canapea modulara SHAPPY PLAY ORIGINAL - Soft Beige\",\"isPartOf\":{\"@id\":\"https:\/\/bunnyboo.ro\/#website\"},\"primaryImageOfPage\":{\"@id\":\"https:\/\/bunnyboo.ro\/produs\/canapea-modulara-shappy-play-original-soft-beige\/#primaryimage\"},\"image\":{\"@id\":\"https:\/\/bunnyboo.ro\/produs\/canapea-modulara-shappy-play-original-soft-beige\/#primaryimage\"},\"thumbnailUrl\":\"https:\/\/bunnyboo.ro\/wp-content\/uploads\/2024\/05\/Shappy-Soft-Beige-Front.png\",\"datePublished\":\"2024-05-24T08:13:38+00:00\",\"dateModified\":\"2024-10-16T15:35:37+00:00\",\"breadcrumb\":{\"@id\":\"https:\/\/bunnyboo.ro\/produs\/canapea-modulara-shappy-play-original-soft-beige\/#breadcrumb\"},\"inLanguage\":\"en-US\",\"potentialAction\":[{\"@type\":\"ReadAction\",\"target\":[\"https:\/\/bunnyboo.ro\/produs\/canapea-modulara-shappy-play-original-soft-beige\/\"]}]},{\"@type\":\"ImageObject\",\"inLanguage\":\"en-US\",\"@id\":\"https:\/\/bunnyboo.ro\/produs\/canapea-modulara-shappy-play-original-soft-beige\/#primaryimage\",\"url\":\"https:\/\/bunnyboo.ro\/wp-content\/uploads\/2024\/05\/Shappy-Soft-Beige-Front.png\",\"contentUrl\":\"https:\/\/bunnyboo.ro\/wp-content\/uploads\/2024\/05\/Shappy-Soft-Beige-Front.png\",\"width\":1024,\"height\":1024},{\"@type\":\"BreadcrumbList\",\"@id\":\"https:\/\/bunnyboo.ro\/produs\/canapea-modulara-shappy-play-original-soft-beige\/#breadcrumb\",\"itemListElement\":[{\"@type\":\"ListItem\",\"position\":1,\"name\":\"Home\",\"item\":\"https:\/\/bunnyboo.ro\/en\/\"},{\"@type\":\"ListItem\",\"position\":2,\"name\":\"New\",\"item\":\"https:\/\/bunnyboo.ro\/en\/shop\/\"},{\"@type\":\"ListItem\",\"position\":3,\"name\":\"Canapea modulara SHAPPY PLAY ORIGINAL &#8211; Soft Beige\"}]},{\"@type\":\"WebSite\",\"@id\":\"https:\/\/bunnyboo.ro\/#website\",\"url\":\"https:\/\/bunnyboo.ro\/\",\"name\":\"Bunny Boo\",\"description\":\"Bunny Boo\",\"publisher\":{\"@id\":\"https:\/\/bunnyboo.ro\/#organization\"},\"potentialAction\":[{\"@type\":\"SearchAction\",\"target\":{\"@type\":\"EntryPoint\",\"urlTemplate\":\"https:\/\/bunnyboo.ro\/?s={search_term_string}\"},\"query-input\":\"required name=search_term_string\"}],\"inLanguage\":\"en-US\"},{\"@type\":\"Organization\",\"@id\":\"https:\/\/bunnyboo.ro\/#organization\",\"name\":\"Bunny Boo\",\"url\":\"https:\/\/bunnyboo.ro\/\",\"logo\":{\"@type\":\"ImageObject\",\"inLanguage\":\"en-US\",\"@id\":\"https:\/\/bunnyboo.ro\/#\/schema\/logo\/image\/\",\"url\":\"https:\/\/bunnyboo.ro\/wp-content\/uploads\/2024\/03\/Logo-website-black.png\",\"contentUrl\":\"https:\/\/bunnyboo.ro\/wp-content\/uploads\/2024\/03\/Logo-website-black.png\",\"width\":2422,\"height\":946,\"caption\":\"Bunny Boo\"},\"image\":{\"@id\":\"https:\/\/bunnyboo.ro\/#\/schema\/logo\/image\/\"}}]}<\/script>\n<!-- \/ Yoast SEO plugin. -->","yoast_head_json":{"title":"Canapea modulara SHAPPY PLAY ORIGINAL - Soft Beige","robots":{"index":"index","follow":"follow","max-snippet":"max-snippet:-1","max-image-preview":"max-image-preview:large","max-video-preview":"max-video-preview:-1"},"canonical":"https:\/\/bunnyboo.ro\/produs\/canapea-modulara-shappy-play-original-soft-beige\/","og_locale":"en_US","og_type":"article","og_title":"Canapea modulara SHAPPY PLAY ORIGINAL - Soft Beige","og_description":"C\u0103uta\u021bi o canapea de joac\u0103 versatil\u0103, care s\u0103 ofere posibilit\u0103\u021bi nesf\u00e2r\u0219ite de joac\u0103 creativ\u0103? C\u0103utarea ta se termin\u0103 aici. Shappy Play Sofa este solu\u021bia perfecta pentru a-\u021bi men\u021bine copiii angaja\u021bi, confortabili \u0219i distra\u021bi ore \u00eentregi. Canapea noastr\u0103 \u00eentr-un design nou, foarte \u00eendr\u0103git de copii, cu senza\u021bie moale, care nu numai c\u0103 arat\u0103 confortabil, dar este [&hellip;]","og_url":"https:\/\/bunnyboo.ro\/produs\/canapea-modulara-shappy-play-original-soft-beige\/","og_site_name":"Bunny Boo","article_modified_time":"2024-10-16T15:35:37+00:00","og_image":[{"width":1024,"height":1024,"url":"https:\/\/bunnyboo.ro\/wp-content\/uploads\/2024\/05\/Shappy-Soft-Beige-Front.png","type":"image\/png"}],"twitter_card":"summary_large_image","twitter_misc":{"Est. reading time":"2 minutes"},"schema":{"@context":"https:\/\/schema.org","@graph":[{"@type":"WebPage","@id":"https:\/\/bunnyboo.ro\/produs\/canapea-modulara-shappy-play-original-soft-beige\/","url":"https:\/\/bunnyboo.ro\/produs\/canapea-modulara-shappy-play-original-soft-beige\/","name":"Canapea modulara SHAPPY PLAY ORIGINAL - Soft Beige","isPartOf":{"@id":"https:\/\/bunnyboo.ro\/#website"},"primaryImageOfPage":{"@id":"https:\/\/bunnyboo.ro\/produs\/canapea-modulara-shappy-play-original-soft-beige\/#primaryimage"},"image":{"@id":"https:\/\/bunnyboo.ro\/produs\/canapea-modulara-shappy-play-original-soft-beige\/#primaryimage"},"thumbnailUrl":"https:\/\/bunnyboo.ro\/wp-content\/uploads\/2024\/05\/Shappy-Soft-Beige-Front.png","datePublished":"2024-05-24T08:13:38+00:00","dateModified":"2024-10-16T15:35:37+00:00","breadcrumb":{"@id":"https:\/\/bunnyboo.ro\/produs\/canapea-modulara-shappy-play-original-soft-beige\/#breadcrumb"},"inLanguage":"en-US","potentialAction":[{"@type":"ReadAction","target":["https:\/\/bunnyboo.ro\/produs\/canapea-modulara-shappy-play-original-soft-beige\/"]}]},{"@type":"ImageObject","inLanguage":"en-US","@id":"https:\/\/bunnyboo.ro\/produs\/canapea-modulara-shappy-play-original-soft-beige\/#primaryimage","url":"https:\/\/bunnyboo.ro\/wp-content\/uploads\/2024\/05\/Shappy-Soft-Beige-Front.png","contentUrl":"https:\/\/bunnyboo.ro\/wp-content\/uploads\/2024\/05\/Shappy-Soft-Beige-Front.png","width":1024,"height":1024},{"@type":"BreadcrumbList","@id":"https:\/\/bunnyboo.ro\/produs\/canapea-modulara-shappy-play-original-soft-beige\/#breadcrumb","itemListElement":[{"@type":"ListItem","position":1,"name":"Home","item":"https:\/\/bunnyboo.ro\/en\/"},{"@type":"ListItem","position":2,"name":"New","item":"https:\/\/bunnyboo.ro\/en\/shop\/"},{"@type":"ListItem","position":3,"name":"Canapea modulara SHAPPY PLAY ORIGINAL &#8211; Soft Beige"}]},{"@type":"WebSite","@id":"https:\/\/bunnyboo.ro\/#website","url":"https:\/\/bunnyboo.ro\/","name":"Bunny Boo","description":"Bunny Boo","publisher":{"@id":"https:\/\/bunnyboo.ro\/#organization"},"potentialAction":[{"@type":"SearchAction","target":{"@type":"EntryPoint","urlTemplate":"https:\/\/bunnyboo.ro\/?s={search_term_string}"},"query-input":"required name=search_term_string"}],"inLanguage":"en-US"},{"@type":"Organization","@id":"https:\/\/bunnyboo.ro\/#organization","name":"Bunny Boo","url":"https:\/\/bunnyboo.ro\/","logo":{"@type":"ImageObject","inLanguage":"en-US","@id":"https:\/\/bunnyboo.ro\/#\/schema\/logo\/image\/","url":"https:\/\/bunnyboo.ro\/wp-content\/uploads\/2024\/03\/Logo-website-black.png","contentUrl":"https:\/\/bunnyboo.ro\/wp-content\/uploads\/2024\/03\/Logo-website-black.png","width":2422,"height":946,"caption":"Bunny Boo"},"image":{"@id":"https:\/\/bunnyboo.ro\/#\/schema\/logo\/image\/"}}]}},"_links":{"self":[{"href":"https:\/\/bunnyboo.ro\/en\/wp-json\/wp\/v2\/product\/10650","targetHints":{"allow":["GET"]}}],"collection":[{"href":"https:\/\/bunnyboo.ro\/en\/wp-json\/wp\/v2\/product"}],"about":[{"href":"https:\/\/bunnyboo.ro\/en\/wp-json\/wp\/v2\/types\/product"}],"replies":[{"embeddable":true,"href":"https:\/\/bunnyboo.ro\/en\/wp-json\/wp\/v2\/comments?post=10650"}],"wp:featuredmedia":[{"embeddable":true,"href":"https:\/\/bunnyboo.ro\/en\/wp-json\/wp\/v2\/media\/10652"}],"wp:attachment":[{"href":"https:\/\/bunnyboo.ro\/en\/wp-json\/wp\/v2\/media?parent=10650"}],"wp:term":[{"taxonomy":"product_brand","embeddable":true,"href":"https:\/\/bunnyboo.ro\/en\/wp-json\/wp\/v2\/product_brand?post=10650"},{"taxonomy":"product_cat","embeddable":true,"href":"https:\/\/bunnyboo.ro\/en\/wp-json\/wp\/v2\/product_cat?post=10650"},{"taxonomy":"product_tag","embeddable":true,"href":"https:\/\/bunnyboo.ro\/en\/wp-json\/wp\/v2\/product_tag?post=10650"}],"curies":[{"name":"wp","href":"https:\/\/api.w.org\/{rel}","templated":true}]}}