{"id":10578,"date":"2024-05-23T13:36:56","date_gmt":"2024-05-23T10:36:56","guid":{"rendered":"https:\/\/bunnyboo.ro\/?post_type=product&#038;p=10578"},"modified":"2024-09-27T11:15:53","modified_gmt":"2024-09-27T08:15:53","slug":"canapea-modulara-shappy-play-original-corduroy-chocolate","status":"publish","type":"product","link":"https:\/\/bunnyboo.ro\/en\/produs\/canapea-modulara-shappy-play-original-corduroy-chocolate\/","title":{"rendered":"Canapea modulara SHAPPY PLAY ORIGINAL CORDUROY- Chocolate"},"content":{"rendered":"<p>C\u0103uta\u021bi o canapea de joac\u0103 versatil\u0103, care s\u0103 ofere posibilit\u0103\u021bi nesf\u00e2r\u0219ite de joac\u0103 creativ\u0103? C\u0103utarea ta se termin\u0103 aici. Shappy Play Sofa este solu\u021bia perfecta pentru a-\u021bi men\u021bine copiii confortabili \u0219i distra\u021bi ore \u00eentregi.<\/p>\n<p>Creativitate f\u0103r\u0103 sf\u00e2r\u0219it: Shappy Play Sofa include opt p\u0103r\u021bi care ofer\u0103 o structur\u0103 robust\u0103 pentru ca copilul t\u0103u s\u0103 construiasc\u0103, s\u0103 se joace \u0219i s\u0103-\u0219i exploreze imagina\u021bia.<\/p>\n<p>Confec\u021bionat\u0103 din material moale, canapeaua asigur\u0103 o experien\u021b\u0103 confortabil\u0103 \u0219i catifelata. Copiilor le va pl\u0103cea s\u0103 se \u00eembr\u0103\u021bi\u0219eze cu el.<\/p>\n<p>Op\u021biuni de stil: alege\u021bi dintre dou\u0103 modele elegante. Opta\u021bi pentru lux cu cus\u0103turi fran\u021buze\u0219ti sau alege\u021bi un aspect elegant cu cus\u0103turi duble simple.<\/p>\n<p>Ambele op\u021biuni sunt construite pentru a dura.<\/p>\n<p>Canapea Shappy Play m\u0103soar\u0103 160 cm \u00een fa\u021b\u0103 \u0219i 80 cm ad\u00e2ncime.<br \/>\nAre o \u00een\u0103l\u021bime de 56 cm \u0219i o \u00een\u0103l\u021bime a scaunului de 25 cm.<\/p>\n<p>Ca o solu\u021bie de petrecere a timpului liber, Shappy poate fi configurat s\u0103 m\u0103soare 160 cm l\u0103\u021bime x 172,5 cm lungime, mai mult spa\u021biu de dormit dec\u00e2t un pat dublu<\/p>\n<p>Materiale \u0219i \u00eengrijire<\/p>\n<p>\u2022 PET-FRIENDLY \u2013 material rezistent la zgarieturi din care poti curata cu usurinta parul animalului tau de companie.<\/p>\n<p>\u2022 Huse LAVABILE &#8211; Husele pot fi sp\u0103late la 30\u2103 \u00een ma\u0219ina de sp\u0103lat.<\/p>\n<p>\u2022 Husele certificate STANDARD 100 by OEKO-TEX\u00ae v\u0103 ofer\u0103 \u00eencredere c\u0103 materialul nu con\u021bine alergeni \u0219i este complet sigur pentru s\u0103n\u0103tatea micu\u021bului dumneavoastr\u0103.<\/p>\n<p>\u2022 Spum\u0103 certificat\u0103 STANDARD 100 by OEKO-TEX\u00ae, fabricat\u0103 f\u0103r\u0103 substan\u021be care diminueaz\u0103 stratul de ozon, PBDE, TDCPP sau TCEP (\u201eTris\u201d) ignifug\u0103, mercur, plumb \u0219i alte metale grele.<\/p>\n<p>\u2022 Fermoarele de calitate asortate colorate vin cu capete rotunjite pentru a preveni zg\u00e2rieturile \u0219i ag\u0103\u021barile.<\/p>\n<p>Termenul de livrare este 2-3 saptamani de la momentul confirmarii platii.<\/p>\n<p>Produsul se poate pre-comanda doar cu plata in avans, prin transfer bancar sau cu cardul.<\/p>\n","protected":false},"excerpt":{"rendered":"<p>C\u0103uta\u021bi o canapea de joac\u0103 versatil\u0103, care s\u0103 ofere posibilit\u0103\u021bi nesf\u00e2r\u0219ite de joac\u0103 creativ\u0103? C\u0103utarea ta se termin\u0103 aici. Shappy Play Sofa este solu\u021bia perfecta pentru a-\u021bi men\u021bine copiii confortabili \u0219i distra\u021bi ore \u00eentregi. Creativitate f\u0103r\u0103 sf\u00e2r\u0219it: Shappy Play Sofa include opt p\u0103r\u021bi care ofer\u0103 o structur\u0103 robust\u0103 pentru ca copilul t\u0103u s\u0103 construiasc\u0103, s\u0103 [&hellip;]<\/p>\n","protected":false},"featured_media":10586,"comment_status":"open","ping_status":"closed","template":"","meta":{"site-sidebar-layout":"default","site-content-layout":"","ast-site-content-layout":"default","site-content-style":"default","site-sidebar-style":"default","ast-global-header-display":"","ast-banner-title-visibility":"","ast-main-header-display":"","ast-hfb-above-header-display":"","ast-hfb-below-header-display":"","ast-hfb-mobile-header-display":"","site-post-title":"","ast-breadcrumbs-content":"","ast-featured-img":"","footer-sml-layout":"","theme-transparent-header-meta":"default","adv-header-id-meta":"","stick-header-meta":"default","header-above-stick-meta":"","header-main-stick-meta":"","header-below-stick-meta":"","astra-migrate-meta-layouts":"set","ast-page-background-enabled":"default","ast-page-background-meta":{"desktop":{"background-color":"","background-image":"","background-repeat":"repeat","background-position":"center center","background-size":"auto","background-attachment":"scroll","background-type":"","background-media":"","overlay-type":"","overlay-color":"","overlay-opacity":"","overlay-gradient":""},"tablet":{"background-color":"","background-image":"","background-repeat":"repeat","background-position":"center center","background-size":"auto","background-attachment":"scroll","background-type":"","background-media":"","overlay-type":"","overlay-color":"","overlay-opacity":"","overlay-gradient":""},"mobile":{"background-color":"","background-image":"","background-repeat":"repeat","background-position":"center center","background-size":"auto","background-attachment":"scroll","background-type":"","background-media":"","overlay-type":"","overlay-color":"","overlay-opacity":"","overlay-gradient":""}},"ast-content-background-meta":{"desktop":{"background-color":"var(--ast-global-color-5)","background-image":"","background-repeat":"repeat","background-position":"center center","background-size":"auto","background-attachment":"scroll","background-type":"","background-media":"","overlay-type":"","overlay-color":"","overlay-opacity":"","overlay-gradient":""},"tablet":{"background-color":"var(--ast-global-color-5)","background-image":"","background-repeat":"repeat","background-position":"center center","background-size":"auto","background-attachment":"scroll","background-type":"","background-media":"","overlay-type":"","overlay-color":"","overlay-opacity":"","overlay-gradient":""},"mobile":{"background-color":"var(--ast-global-color-5)","background-image":"","background-repeat":"repeat","background-position":"center center","background-size":"auto","background-attachment":"scroll","background-type":"","background-media":"","overlay-type":"","overlay-color":"","overlay-opacity":"","overlay-gradient":""}}},"product_brand":[],"product_cat":[253,65,117,123],"product_tag":[],"class_list":{"0":"post-10578","1":"product","2":"type-product","3":"status-publish","4":"has-post-thumbnail","6":"product_cat-distractie-si-confort-cu-canapele-modulare","7":"product_cat-noutati-minunate-pentru-puiul-tau","8":"product_cat-confort-si-relaxare-pentru-casa-ta","9":"product_cat-mobilier-pentru-casa-sau-gradina-ta","10":"desktop-align-left","11":"tablet-align-left","12":"mobile-align-left","13":"ast-product-gallery-layout-horizontal-slider","14":"ast-product-tabs-layout-vertical","15":"ast-qv-on-image","17":"first","18":"onbackorder","19":"shipping-taxable","20":"purchasable","21":"product-type-simple"},"yoast_head":"<!-- This site is optimized with the Yoast SEO plugin v22.6 - https:\/\/yoast.com\/wordpress\/plugins\/seo\/ -->\n<title>Canapea modulara SHAPPY PLAY ORIGINAL CORDUROY- Chocolate<\/title>\n<meta name=\"robots\" content=\"index, follow, max-snippet:-1, max-image-preview:large, max-video-preview:-1\" \/>\n<link rel=\"canonical\" href=\"https:\/\/bunnyboo.ro\/produs\/canapea-modulara-shappy-play-original-corduroy-chocolate\/\" \/>\n<meta property=\"og:locale\" content=\"en_US\" \/>\n<meta property=\"og:type\" content=\"article\" \/>\n<meta property=\"og:title\" content=\"Canapea modulara SHAPPY PLAY ORIGINAL CORDUROY- Chocolate\" \/>\n<meta property=\"og:description\" content=\"C\u0103uta\u021bi o canapea de joac\u0103 versatil\u0103, care s\u0103 ofere posibilit\u0103\u021bi nesf\u00e2r\u0219ite de joac\u0103 creativ\u0103? C\u0103utarea ta se termin\u0103 aici. Shappy Play Sofa este solu\u021bia perfecta pentru a-\u021bi men\u021bine copiii confortabili \u0219i distra\u021bi ore \u00eentregi. Creativitate f\u0103r\u0103 sf\u00e2r\u0219it: Shappy Play Sofa include opt p\u0103r\u021bi care ofer\u0103 o structur\u0103 robust\u0103 pentru ca copilul t\u0103u s\u0103 construiasc\u0103, s\u0103 [&hellip;]\" \/>\n<meta property=\"og:url\" content=\"https:\/\/bunnyboo.ro\/produs\/canapea-modulara-shappy-play-original-corduroy-chocolate\/\" \/>\n<meta property=\"og:site_name\" content=\"Bunny Boo\" \/>\n<meta property=\"article:modified_time\" content=\"2024-09-27T08:15:53+00:00\" \/>\n<meta property=\"og:image\" content=\"https:\/\/bunnyboo.ro\/wp-content\/uploads\/2024\/05\/Shappy-Corduroy-Chocolate-Front-4_5d47f506-44bb-4eab-adcf-077054e3a779_2000x.jpeg\" \/>\n\t<meta property=\"og:image:width\" content=\"1000\" \/>\n\t<meta property=\"og:image:height\" content=\"667\" \/>\n\t<meta property=\"og:image:type\" content=\"image\/jpeg\" \/>\n<meta name=\"twitter:card\" content=\"summary_large_image\" \/>\n<meta name=\"twitter:label1\" content=\"Est. reading time\" \/>\n\t<meta name=\"twitter:data1\" content=\"2 minutes\" \/>\n<script type=\"application\/ld+json\" class=\"yoast-schema-graph\">{\"@context\":\"https:\/\/schema.org\",\"@graph\":[{\"@type\":\"WebPage\",\"@id\":\"https:\/\/bunnyboo.ro\/produs\/canapea-modulara-shappy-play-original-corduroy-chocolate\/\",\"url\":\"https:\/\/bunnyboo.ro\/produs\/canapea-modulara-shappy-play-original-corduroy-chocolate\/\",\"name\":\"Canapea modulara SHAPPY PLAY ORIGINAL CORDUROY- Chocolate\",\"isPartOf\":{\"@id\":\"https:\/\/bunnyboo.ro\/#website\"},\"primaryImageOfPage\":{\"@id\":\"https:\/\/bunnyboo.ro\/produs\/canapea-modulara-shappy-play-original-corduroy-chocolate\/#primaryimage\"},\"image\":{\"@id\":\"https:\/\/bunnyboo.ro\/produs\/canapea-modulara-shappy-play-original-corduroy-chocolate\/#primaryimage\"},\"thumbnailUrl\":\"https:\/\/bunnyboo.ro\/wp-content\/uploads\/2024\/05\/Shappy-Corduroy-Chocolate-Front-4_5d47f506-44bb-4eab-adcf-077054e3a779_2000x.jpeg\",\"datePublished\":\"2024-05-23T10:36:56+00:00\",\"dateModified\":\"2024-09-27T08:15:53+00:00\",\"breadcrumb\":{\"@id\":\"https:\/\/bunnyboo.ro\/produs\/canapea-modulara-shappy-play-original-corduroy-chocolate\/#breadcrumb\"},\"inLanguage\":\"en-US\",\"potentialAction\":[{\"@type\":\"ReadAction\",\"target\":[\"https:\/\/bunnyboo.ro\/produs\/canapea-modulara-shappy-play-original-corduroy-chocolate\/\"]}]},{\"@type\":\"ImageObject\",\"inLanguage\":\"en-US\",\"@id\":\"https:\/\/bunnyboo.ro\/produs\/canapea-modulara-shappy-play-original-corduroy-chocolate\/#primaryimage\",\"url\":\"https:\/\/bunnyboo.ro\/wp-content\/uploads\/2024\/05\/Shappy-Corduroy-Chocolate-Front-4_5d47f506-44bb-4eab-adcf-077054e3a779_2000x.jpeg\",\"contentUrl\":\"https:\/\/bunnyboo.ro\/wp-content\/uploads\/2024\/05\/Shappy-Corduroy-Chocolate-Front-4_5d47f506-44bb-4eab-adcf-077054e3a779_2000x.jpeg\",\"width\":1000,\"height\":667},{\"@type\":\"BreadcrumbList\",\"@id\":\"https:\/\/bunnyboo.ro\/produs\/canapea-modulara-shappy-play-original-corduroy-chocolate\/#breadcrumb\",\"itemListElement\":[{\"@type\":\"ListItem\",\"position\":1,\"name\":\"Home\",\"item\":\"https:\/\/bunnyboo.ro\/en\/\"},{\"@type\":\"ListItem\",\"position\":2,\"name\":\"New\",\"item\":\"https:\/\/bunnyboo.ro\/en\/shop\/\"},{\"@type\":\"ListItem\",\"position\":3,\"name\":\"Canapea modulara SHAPPY PLAY ORIGINAL CORDUROY- Chocolate\"}]},{\"@type\":\"WebSite\",\"@id\":\"https:\/\/bunnyboo.ro\/#website\",\"url\":\"https:\/\/bunnyboo.ro\/\",\"name\":\"Bunny Boo\",\"description\":\"Bunny Boo\",\"publisher\":{\"@id\":\"https:\/\/bunnyboo.ro\/#organization\"},\"potentialAction\":[{\"@type\":\"SearchAction\",\"target\":{\"@type\":\"EntryPoint\",\"urlTemplate\":\"https:\/\/bunnyboo.ro\/?s={search_term_string}\"},\"query-input\":\"required name=search_term_string\"}],\"inLanguage\":\"en-US\"},{\"@type\":\"Organization\",\"@id\":\"https:\/\/bunnyboo.ro\/#organization\",\"name\":\"Bunny Boo\",\"url\":\"https:\/\/bunnyboo.ro\/\",\"logo\":{\"@type\":\"ImageObject\",\"inLanguage\":\"en-US\",\"@id\":\"https:\/\/bunnyboo.ro\/#\/schema\/logo\/image\/\",\"url\":\"https:\/\/bunnyboo.ro\/wp-content\/uploads\/2024\/03\/Logo-website-black.png\",\"contentUrl\":\"https:\/\/bunnyboo.ro\/wp-content\/uploads\/2024\/03\/Logo-website-black.png\",\"width\":2422,\"height\":946,\"caption\":\"Bunny Boo\"},\"image\":{\"@id\":\"https:\/\/bunnyboo.ro\/#\/schema\/logo\/image\/\"}}]}<\/script>\n<!-- \/ Yoast SEO plugin. -->","yoast_head_json":{"title":"Canapea modulara SHAPPY PLAY ORIGINAL CORDUROY- Chocolate","robots":{"index":"index","follow":"follow","max-snippet":"max-snippet:-1","max-image-preview":"max-image-preview:large","max-video-preview":"max-video-preview:-1"},"canonical":"https:\/\/bunnyboo.ro\/produs\/canapea-modulara-shappy-play-original-corduroy-chocolate\/","og_locale":"en_US","og_type":"article","og_title":"Canapea modulara SHAPPY PLAY ORIGINAL CORDUROY- Chocolate","og_description":"C\u0103uta\u021bi o canapea de joac\u0103 versatil\u0103, care s\u0103 ofere posibilit\u0103\u021bi nesf\u00e2r\u0219ite de joac\u0103 creativ\u0103? C\u0103utarea ta se termin\u0103 aici. Shappy Play Sofa este solu\u021bia perfecta pentru a-\u021bi men\u021bine copiii confortabili \u0219i distra\u021bi ore \u00eentregi. Creativitate f\u0103r\u0103 sf\u00e2r\u0219it: Shappy Play Sofa include opt p\u0103r\u021bi care ofer\u0103 o structur\u0103 robust\u0103 pentru ca copilul t\u0103u s\u0103 construiasc\u0103, s\u0103 [&hellip;]","og_url":"https:\/\/bunnyboo.ro\/produs\/canapea-modulara-shappy-play-original-corduroy-chocolate\/","og_site_name":"Bunny Boo","article_modified_time":"2024-09-27T08:15:53+00:00","og_image":[{"width":1000,"height":667,"url":"https:\/\/bunnyboo.ro\/wp-content\/uploads\/2024\/05\/Shappy-Corduroy-Chocolate-Front-4_5d47f506-44bb-4eab-adcf-077054e3a779_2000x.jpeg","type":"image\/jpeg"}],"twitter_card":"summary_large_image","twitter_misc":{"Est. reading time":"2 minutes"},"schema":{"@context":"https:\/\/schema.org","@graph":[{"@type":"WebPage","@id":"https:\/\/bunnyboo.ro\/produs\/canapea-modulara-shappy-play-original-corduroy-chocolate\/","url":"https:\/\/bunnyboo.ro\/produs\/canapea-modulara-shappy-play-original-corduroy-chocolate\/","name":"Canapea modulara SHAPPY PLAY ORIGINAL CORDUROY- Chocolate","isPartOf":{"@id":"https:\/\/bunnyboo.ro\/#website"},"primaryImageOfPage":{"@id":"https:\/\/bunnyboo.ro\/produs\/canapea-modulara-shappy-play-original-corduroy-chocolate\/#primaryimage"},"image":{"@id":"https:\/\/bunnyboo.ro\/produs\/canapea-modulara-shappy-play-original-corduroy-chocolate\/#primaryimage"},"thumbnailUrl":"https:\/\/bunnyboo.ro\/wp-content\/uploads\/2024\/05\/Shappy-Corduroy-Chocolate-Front-4_5d47f506-44bb-4eab-adcf-077054e3a779_2000x.jpeg","datePublished":"2024-05-23T10:36:56+00:00","dateModified":"2024-09-27T08:15:53+00:00","breadcrumb":{"@id":"https:\/\/bunnyboo.ro\/produs\/canapea-modulara-shappy-play-original-corduroy-chocolate\/#breadcrumb"},"inLanguage":"en-US","potentialAction":[{"@type":"ReadAction","target":["https:\/\/bunnyboo.ro\/produs\/canapea-modulara-shappy-play-original-corduroy-chocolate\/"]}]},{"@type":"ImageObject","inLanguage":"en-US","@id":"https:\/\/bunnyboo.ro\/produs\/canapea-modulara-shappy-play-original-corduroy-chocolate\/#primaryimage","url":"https:\/\/bunnyboo.ro\/wp-content\/uploads\/2024\/05\/Shappy-Corduroy-Chocolate-Front-4_5d47f506-44bb-4eab-adcf-077054e3a779_2000x.jpeg","contentUrl":"https:\/\/bunnyboo.ro\/wp-content\/uploads\/2024\/05\/Shappy-Corduroy-Chocolate-Front-4_5d47f506-44bb-4eab-adcf-077054e3a779_2000x.jpeg","width":1000,"height":667},{"@type":"BreadcrumbList","@id":"https:\/\/bunnyboo.ro\/produs\/canapea-modulara-shappy-play-original-corduroy-chocolate\/#breadcrumb","itemListElement":[{"@type":"ListItem","position":1,"name":"Home","item":"https:\/\/bunnyboo.ro\/en\/"},{"@type":"ListItem","position":2,"name":"New","item":"https:\/\/bunnyboo.ro\/en\/shop\/"},{"@type":"ListItem","position":3,"name":"Canapea modulara SHAPPY PLAY ORIGINAL CORDUROY- Chocolate"}]},{"@type":"WebSite","@id":"https:\/\/bunnyboo.ro\/#website","url":"https:\/\/bunnyboo.ro\/","name":"Bunny Boo","description":"Bunny Boo","publisher":{"@id":"https:\/\/bunnyboo.ro\/#organization"},"potentialAction":[{"@type":"SearchAction","target":{"@type":"EntryPoint","urlTemplate":"https:\/\/bunnyboo.ro\/?s={search_term_string}"},"query-input":"required name=search_term_string"}],"inLanguage":"en-US"},{"@type":"Organization","@id":"https:\/\/bunnyboo.ro\/#organization","name":"Bunny Boo","url":"https:\/\/bunnyboo.ro\/","logo":{"@type":"ImageObject","inLanguage":"en-US","@id":"https:\/\/bunnyboo.ro\/#\/schema\/logo\/image\/","url":"https:\/\/bunnyboo.ro\/wp-content\/uploads\/2024\/03\/Logo-website-black.png","contentUrl":"https:\/\/bunnyboo.ro\/wp-content\/uploads\/2024\/03\/Logo-website-black.png","width":2422,"height":946,"caption":"Bunny Boo"},"image":{"@id":"https:\/\/bunnyboo.ro\/#\/schema\/logo\/image\/"}}]}},"_links":{"self":[{"href":"https:\/\/bunnyboo.ro\/en\/wp-json\/wp\/v2\/product\/10578","targetHints":{"allow":["GET"]}}],"collection":[{"href":"https:\/\/bunnyboo.ro\/en\/wp-json\/wp\/v2\/product"}],"about":[{"href":"https:\/\/bunnyboo.ro\/en\/wp-json\/wp\/v2\/types\/product"}],"replies":[{"embeddable":true,"href":"https:\/\/bunnyboo.ro\/en\/wp-json\/wp\/v2\/comments?post=10578"}],"wp:featuredmedia":[{"embeddable":true,"href":"https:\/\/bunnyboo.ro\/en\/wp-json\/wp\/v2\/media\/10586"}],"wp:attachment":[{"href":"https:\/\/bunnyboo.ro\/en\/wp-json\/wp\/v2\/media?parent=10578"}],"wp:term":[{"taxonomy":"product_brand","embeddable":true,"href":"https:\/\/bunnyboo.ro\/en\/wp-json\/wp\/v2\/product_brand?post=10578"},{"taxonomy":"product_cat","embeddable":true,"href":"https:\/\/bunnyboo.ro\/en\/wp-json\/wp\/v2\/product_cat?post=10578"},{"taxonomy":"product_tag","embeddable":true,"href":"https:\/\/bunnyboo.ro\/en\/wp-json\/wp\/v2\/product_tag?post=10578"}],"curies":[{"name":"wp","href":"https:\/\/api.w.org\/{rel}","templated":true}]}}